{"id":4780,"date":"2018-11-29T18:35:17","date_gmt":"2018-11-01T18:35:17","guid":{"rendered":"http:\/\/montreal-stencil.arkhame-web.com\/produit\/lettrage-en-vinyle-2\/"},"modified":"2025-12-22T20:34:14","modified_gmt":"2025-12-22T20:34:14","slug":"lettrage-en-vinyle-2","status":"publish","type":"product","link":"https:\/\/montrealstencil.com\/en\/product\/lettrage-en-vinyle-2\/","title":{"rendered":"VINYL LETTERING"},"content":{"rendered":"","protected":false},"excerpt":{"rendered":"<p>We use digital printers and cutting plotters to produce vinyl letters and images. Our graphics department can use your design or create one for you. Vinyl lettering and graphics are ideally suited for lettering store windows or fleet vehicles. The graphic is supplied with a transfer tape allowing easy removal of the adhesive backed vinyl graphic from the backing paper and manipulation of the piece in order to apply it to the intended surface. It is important to know where the graphic will be placed; is it an exterior application on windows or interior on a gyproc wall? We will recommend the correct materials for your specific needs. Our customer service personnel can give you tips on how to best apply the graphic. We can also provide a full turnkey service where a professional installer will apply your graphic for you.<\/p>\n","protected":false},"featured_media":4711,"template":"","meta":{"_acf_changed":false},"product_cat":[260],"product_mat":[310,311,312,315,316,319,323,326],"class_list":["post-4780","product","type-product","status-publish","has-post-thumbnail","hentry","product_cat-display-signage","product_mat-abs-en","product_mat-acrylic-plexiglass","product_mat-aluminum-en","product_mat-coroplast-en","product_mat-foamcore-en","product_mat-petg-en","product_mat-pvc-en","product_mat-styrene-en"],"acf":[],"yoast_head":"<!-- This site is optimized with the Yoast SEO plugin v27.4 - https:\/\/yoast.com\/product\/yoast-seo-wordpress\/ -->\n<title>VINYL LETTERING - Montreal Stencil<\/title>\n<meta name=\"description\" content=\"Discover the versatility of vinyl lettering at Montreal Stencil. Customize your messaging with precision-cut vinyl for professional and impactful displays.\" \/>\n<meta name=\"robots\" content=\"index, follow, max-snippet:-1, max-image-preview:large, max-video-preview:-1\" \/>\n<link rel=\"canonical\" href=\"https:\/\/montrealstencil.com\/en\/product\/lettrage-en-vinyle-2\/\" \/>\n<meta property=\"og:locale\" content=\"en_US\" \/>\n<meta property=\"og:type\" content=\"article\" \/>\n<meta property=\"og:title\" content=\"VINYL LETTERING - Montreal Stencil\" \/>\n<meta property=\"og:description\" content=\"Discover the versatility of vinyl lettering at Montreal Stencil. Customize your messaging with precision-cut vinyl for professional and impactful displays.\" \/>\n<meta property=\"og:url\" content=\"https:\/\/montrealstencil.com\/en\/product\/lettrage-en-vinyle-2\/\" \/>\n<meta property=\"og:site_name\" content=\"Montreal Stencil\" \/>\n<meta property=\"article:publisher\" content=\"https:\/\/www.facebook.com\/montrealstencil\" \/>\n<meta property=\"article:modified_time\" content=\"2025-12-22T20:34:14+00:00\" \/>\n<meta property=\"og:image\" content=\"https:\/\/montrealstencil.com\/wp-content\/uploads\/2018\/11\/img15-copie-1.jpg\" \/>\n\t<meta property=\"og:image:width\" content=\"520\" \/>\n\t<meta property=\"og:image:height\" content=\"355\" \/>\n\t<meta property=\"og:image:type\" content=\"image\/jpeg\" \/>\n<meta name=\"twitter:card\" content=\"summary_large_image\" \/>\n<meta name=\"twitter:label1\" content=\"Est. reading time\" \/>\n\t<meta name=\"twitter:data1\" content=\"1 minute\" \/>\n<script type=\"application\/ld+json\" class=\"yoast-schema-graph\">{\"@context\":\"https:\\\/\\\/schema.org\",\"@graph\":[{\"@type\":\"WebPage\",\"@id\":\"https:\\\/\\\/montrealstencil.com\\\/en\\\/product\\\/lettrage-en-vinyle-2\\\/\",\"url\":\"https:\\\/\\\/montrealstencil.com\\\/en\\\/product\\\/lettrage-en-vinyle-2\\\/\",\"name\":\"VINYL LETTERING - Montreal Stencil\",\"isPartOf\":{\"@id\":\"https:\\\/\\\/montrealstencil.com\\\/#website\"},\"primaryImageOfPage\":{\"@id\":\"https:\\\/\\\/montrealstencil.com\\\/en\\\/product\\\/lettrage-en-vinyle-2\\\/#primaryimage\"},\"image\":{\"@id\":\"https:\\\/\\\/montrealstencil.com\\\/en\\\/product\\\/lettrage-en-vinyle-2\\\/#primaryimage\"},\"thumbnailUrl\":\"https:\\\/\\\/montrealstencil.com\\\/wp-content\\\/uploads\\\/2018\\\/11\\\/img15-copie-1.jpg\",\"datePublished\":\"2018-11-01T18:35:17+00:00\",\"dateModified\":\"2025-12-22T20:34:14+00:00\",\"description\":\"Discover the versatility of vinyl lettering at Montreal Stencil. Customize your messaging with precision-cut vinyl for professional and impactful displays.\",\"breadcrumb\":{\"@id\":\"https:\\\/\\\/montrealstencil.com\\\/en\\\/product\\\/lettrage-en-vinyle-2\\\/#breadcrumb\"},\"inLanguage\":\"en-CA\",\"potentialAction\":[{\"@type\":\"ReadAction\",\"target\":[\"https:\\\/\\\/montrealstencil.com\\\/en\\\/product\\\/lettrage-en-vinyle-2\\\/\"]}]},{\"@type\":\"ImageObject\",\"inLanguage\":\"en-CA\",\"@id\":\"https:\\\/\\\/montrealstencil.com\\\/en\\\/product\\\/lettrage-en-vinyle-2\\\/#primaryimage\",\"url\":\"https:\\\/\\\/montrealstencil.com\\\/wp-content\\\/uploads\\\/2018\\\/11\\\/img15-copie-1.jpg\",\"contentUrl\":\"https:\\\/\\\/montrealstencil.com\\\/wp-content\\\/uploads\\\/2018\\\/11\\\/img15-copie-1.jpg\",\"width\":520,\"height\":355},{\"@type\":\"BreadcrumbList\",\"@id\":\"https:\\\/\\\/montrealstencil.com\\\/en\\\/product\\\/lettrage-en-vinyle-2\\\/#breadcrumb\",\"itemListElement\":[{\"@type\":\"ListItem\",\"position\":1,\"name\":\"Home\",\"item\":\"https:\\\/\\\/montrealstencil.com\\\/en\\\/\"},{\"@type\":\"ListItem\",\"position\":2,\"name\":\"Produits\",\"item\":\"https:\\\/\\\/montrealstencil.com\\\/boutique\\\/\"},{\"@type\":\"ListItem\",\"position\":3,\"name\":\"VINYL LETTERING\"}]},{\"@type\":\"WebSite\",\"@id\":\"https:\\\/\\\/montrealstencil.com\\\/#website\",\"url\":\"https:\\\/\\\/montrealstencil.com\\\/\",\"name\":\"Montreal Stencil\",\"description\":\"\u00c9tampes, plaques, pochoirs stencils et \u00e9tiquettes personnalis\u00e9es \u00e0 Montr\u00e9al\",\"potentialAction\":[{\"@type\":\"SearchAction\",\"target\":{\"@type\":\"EntryPoint\",\"urlTemplate\":\"https:\\\/\\\/montrealstencil.com\\\/?s={search_term_string}\"},\"query-input\":{\"@type\":\"PropertyValueSpecification\",\"valueRequired\":true,\"valueName\":\"search_term_string\"}}],\"inLanguage\":\"en-CA\"}]}<\/script>\n<!-- \/ Yoast SEO plugin. -->","yoast_head_json":{"title":"VINYL LETTERING - Montreal Stencil","description":"Discover the versatility of vinyl lettering at Montreal Stencil. Customize your messaging with precision-cut vinyl for professional and impactful displays.","robots":{"index":"index","follow":"follow","max-snippet":"max-snippet:-1","max-image-preview":"max-image-preview:large","max-video-preview":"max-video-preview:-1"},"canonical":"https:\/\/montrealstencil.com\/en\/product\/lettrage-en-vinyle-2\/","og_locale":"en_US","og_type":"article","og_title":"VINYL LETTERING - Montreal Stencil","og_description":"Discover the versatility of vinyl lettering at Montreal Stencil. Customize your messaging with precision-cut vinyl for professional and impactful displays.","og_url":"https:\/\/montrealstencil.com\/en\/product\/lettrage-en-vinyle-2\/","og_site_name":"Montreal Stencil","article_publisher":"https:\/\/www.facebook.com\/montrealstencil","article_modified_time":"2025-12-22T20:34:14+00:00","og_image":[{"width":520,"height":355,"url":"https:\/\/montrealstencil.com\/wp-content\/uploads\/2018\/11\/img15-copie-1.jpg","type":"image\/jpeg"}],"twitter_card":"summary_large_image","twitter_misc":{"Est. reading time":"1 minute"},"schema":{"@context":"https:\/\/schema.org","@graph":[{"@type":"WebPage","@id":"https:\/\/montrealstencil.com\/en\/product\/lettrage-en-vinyle-2\/","url":"https:\/\/montrealstencil.com\/en\/product\/lettrage-en-vinyle-2\/","name":"VINYL LETTERING - Montreal Stencil","isPartOf":{"@id":"https:\/\/montrealstencil.com\/#website"},"primaryImageOfPage":{"@id":"https:\/\/montrealstencil.com\/en\/product\/lettrage-en-vinyle-2\/#primaryimage"},"image":{"@id":"https:\/\/montrealstencil.com\/en\/product\/lettrage-en-vinyle-2\/#primaryimage"},"thumbnailUrl":"https:\/\/montrealstencil.com\/wp-content\/uploads\/2018\/11\/img15-copie-1.jpg","datePublished":"2018-11-01T18:35:17+00:00","dateModified":"2025-12-22T20:34:14+00:00","description":"Discover the versatility of vinyl lettering at Montreal Stencil. Customize your messaging with precision-cut vinyl for professional and impactful displays.","breadcrumb":{"@id":"https:\/\/montrealstencil.com\/en\/product\/lettrage-en-vinyle-2\/#breadcrumb"},"inLanguage":"en-CA","potentialAction":[{"@type":"ReadAction","target":["https:\/\/montrealstencil.com\/en\/product\/lettrage-en-vinyle-2\/"]}]},{"@type":"ImageObject","inLanguage":"en-CA","@id":"https:\/\/montrealstencil.com\/en\/product\/lettrage-en-vinyle-2\/#primaryimage","url":"https:\/\/montrealstencil.com\/wp-content\/uploads\/2018\/11\/img15-copie-1.jpg","contentUrl":"https:\/\/montrealstencil.com\/wp-content\/uploads\/2018\/11\/img15-copie-1.jpg","width":520,"height":355},{"@type":"BreadcrumbList","@id":"https:\/\/montrealstencil.com\/en\/product\/lettrage-en-vinyle-2\/#breadcrumb","itemListElement":[{"@type":"ListItem","position":1,"name":"Home","item":"https:\/\/montrealstencil.com\/en\/"},{"@type":"ListItem","position":2,"name":"Produits","item":"https:\/\/montrealstencil.com\/boutique\/"},{"@type":"ListItem","position":3,"name":"VINYL LETTERING"}]},{"@type":"WebSite","@id":"https:\/\/montrealstencil.com\/#website","url":"https:\/\/montrealstencil.com\/","name":"Montreal Stencil","description":"\u00c9tampes, plaques, pochoirs stencils et \u00e9tiquettes personnalis\u00e9es \u00e0 Montr\u00e9al","potentialAction":[{"@type":"SearchAction","target":{"@type":"EntryPoint","urlTemplate":"https:\/\/montrealstencil.com\/?s={search_term_string}"},"query-input":{"@type":"PropertyValueSpecification","valueRequired":true,"valueName":"search_term_string"}}],"inLanguage":"en-CA"}]}},"_links":{"self":[{"href":"https:\/\/montrealstencil.com\/en\/wp-json\/wp\/v2\/product\/4780","targetHints":{"allow":["GET"]}}],"collection":[{"href":"https:\/\/montrealstencil.com\/en\/wp-json\/wp\/v2\/product"}],"about":[{"href":"https:\/\/montrealstencil.com\/en\/wp-json\/wp\/v2\/types\/product"}],"wp:featuredmedia":[{"embeddable":true,"href":"https:\/\/montrealstencil.com\/en\/wp-json\/wp\/v2\/media\/4711"}],"wp:attachment":[{"href":"https:\/\/montrealstencil.com\/en\/wp-json\/wp\/v2\/media?parent=4780"}],"wp:term":[{"taxonomy":"product_cat","embeddable":true,"href":"https:\/\/montrealstencil.com\/en\/wp-json\/wp\/v2\/product_cat?post=4780"},{"taxonomy":"product_mat","embeddable":true,"href":"https:\/\/montrealstencil.com\/en\/wp-json\/wp\/v2\/product_mat?post=4780"}],"curies":[{"name":"wp","href":"https:\/\/api.w.org\/{rel}","templated":true}]}}