{"id":4779,"date":"2018-11-02T00:52:20","date_gmt":"2018-11-02T00:52:20","guid":{"rendered":"http:\/\/montreal-stencil.arkhame-web.com\/produit\/acier-inoxidable-grave-a-lacide\/"},"modified":"2025-11-05T20:00:28","modified_gmt":"2025-11-05T20:00:28","slug":"acid-etched-stainless-steel","status":"publish","type":"product","link":"https:\/\/montrealstencil.com\/en\/product\/acid-etched-stainless-steel\/","title":{"rendered":"ACID ETCHED STAINLESS STEEL"},"content":{"rendered":"","protected":false},"excerpt":{"rendered":"<div class=\"slider-area\">\n<div class=\"slider\">\n<div class=\"anythingSlider anythingSlider-default\">\n<div class=\"anythingWindow\"><\/div>\n<\/div>\n<\/div>\n<\/div>\n<div class=\"slide\">\n<p>A process where an acid is used to etch an image into stainless steel. A film with text or an image is applied to the material surface. The openings in the film allow the acid in a bath to penetrate and etch away the material leaving a perfect reproduction. The etched image is then filled with paint. This process is ideal for medium to large volumes and for applications where only stainless steel may be used thereby responding to the strictest engineering requirements. Standard nameplates are made using type 304 #4 and typically are .032\u201d (.81mm or 22 gauge) and .062\u201d (1.57mm or 16 gauge) thick. Other thicknesses and stainless steel types (#316) are available upon request.<\/p>\n<\/div>\n","protected":false},"featured_media":4707,"template":"","meta":{"_acf_changed":false},"product_cat":[264],"product_mat":[325],"class_list":["post-4779","product","type-product","status-publish","has-post-thumbnail","hentry","product_cat-control-plates","product_mat-stainless-steel"],"acf":[],"yoast_head":"<!-- This site is optimized with the Yoast SEO plugin v26.8 - https:\/\/yoast.com\/product\/yoast-seo-wordpress\/ -->\n<title>ACID ETCHED STAINLESS STEEL - Montreal Stencil<\/title>\n<meta name=\"description\" content=\"Achieve intricate designs with acid-etched stainless steel from Montreal Stencil. Durable and precise solutions for a variety of projects.\" \/>\n<meta name=\"robots\" content=\"index, follow, max-snippet:-1, max-image-preview:large, max-video-preview:-1\" \/>\n<link rel=\"canonical\" href=\"https:\/\/montrealstencil.com\/en\/product\/acid-etched-stainless-steel\/\" \/>\n<meta property=\"og:locale\" content=\"en_US\" \/>\n<meta property=\"og:type\" content=\"article\" \/>\n<meta property=\"og:title\" content=\"ACID ETCHED STAINLESS STEEL - Montreal Stencil\" \/>\n<meta property=\"og:description\" content=\"Achieve intricate designs with acid-etched stainless steel from Montreal Stencil. Durable and precise solutions for a variety of projects.\" \/>\n<meta property=\"og:url\" content=\"https:\/\/montrealstencil.com\/en\/product\/acid-etched-stainless-steel\/\" \/>\n<meta property=\"og:site_name\" content=\"Montreal Stencil\" \/>\n<meta property=\"article:publisher\" content=\"https:\/\/www.facebook.com\/montrealstencil\" \/>\n<meta property=\"article:modified_time\" content=\"2025-11-05T20:00:28+00:00\" \/>\n<meta property=\"og:image\" content=\"https:\/\/montrealstencil.com\/wp-content\/uploads\/2018\/11\/acid-etched-stainless-nameplate.jpg\" \/>\n\t<meta property=\"og:image:width\" content=\"520\" \/>\n\t<meta property=\"og:image:height\" content=\"355\" \/>\n\t<meta property=\"og:image:type\" content=\"image\/jpeg\" \/>\n<meta name=\"twitter:card\" content=\"summary_large_image\" \/>\n<meta name=\"twitter:label1\" content=\"Est. reading time\" \/>\n\t<meta name=\"twitter:data1\" content=\"1 minute\" \/>\n<script type=\"application\/ld+json\" class=\"yoast-schema-graph\">{\"@context\":\"https:\/\/schema.org\",\"@graph\":[{\"@type\":\"WebPage\",\"@id\":\"https:\/\/montrealstencil.com\/en\/product\/acid-etched-stainless-steel\/\",\"url\":\"https:\/\/montrealstencil.com\/en\/product\/acid-etched-stainless-steel\/\",\"name\":\"ACID ETCHED STAINLESS STEEL - Montreal Stencil\",\"isPartOf\":{\"@id\":\"https:\/\/montrealstencil.com\/#website\"},\"primaryImageOfPage\":{\"@id\":\"https:\/\/montrealstencil.com\/en\/product\/acid-etched-stainless-steel\/#primaryimage\"},\"image\":{\"@id\":\"https:\/\/montrealstencil.com\/en\/product\/acid-etched-stainless-steel\/#primaryimage\"},\"thumbnailUrl\":\"https:\/\/montrealstencil.com\/wp-content\/uploads\/2018\/11\/acid-etched-stainless-nameplate.jpg\",\"datePublished\":\"2018-11-02T00:52:20+00:00\",\"dateModified\":\"2025-11-05T20:00:28+00:00\",\"description\":\"Achieve intricate designs with acid-etched stainless steel from Montreal Stencil. Durable and precise solutions for a variety of projects.\",\"breadcrumb\":{\"@id\":\"https:\/\/montrealstencil.com\/en\/product\/acid-etched-stainless-steel\/#breadcrumb\"},\"inLanguage\":\"en-CA\",\"potentialAction\":[{\"@type\":\"ReadAction\",\"target\":[\"https:\/\/montrealstencil.com\/en\/product\/acid-etched-stainless-steel\/\"]}]},{\"@type\":\"ImageObject\",\"inLanguage\":\"en-CA\",\"@id\":\"https:\/\/montrealstencil.com\/en\/product\/acid-etched-stainless-steel\/#primaryimage\",\"url\":\"https:\/\/montrealstencil.com\/wp-content\/uploads\/2018\/11\/acid-etched-stainless-nameplate.jpg\",\"contentUrl\":\"https:\/\/montrealstencil.com\/wp-content\/uploads\/2018\/11\/acid-etched-stainless-nameplate.jpg\",\"width\":520,\"height\":355},{\"@type\":\"BreadcrumbList\",\"@id\":\"https:\/\/montrealstencil.com\/en\/product\/acid-etched-stainless-steel\/#breadcrumb\",\"itemListElement\":[{\"@type\":\"ListItem\",\"position\":1,\"name\":\"Home\",\"item\":\"https:\/\/montrealstencil.com\/en\/\"},{\"@type\":\"ListItem\",\"position\":2,\"name\":\"Produits\",\"item\":\"https:\/\/montrealstencil.com\/boutique\/\"},{\"@type\":\"ListItem\",\"position\":3,\"name\":\"ACID ETCHED STAINLESS STEEL\"}]},{\"@type\":\"WebSite\",\"@id\":\"https:\/\/montrealstencil.com\/#website\",\"url\":\"https:\/\/montrealstencil.com\/\",\"name\":\"Montreal Stencil\",\"description\":\"\u00c9tampes, plaques, pochoirs stencils et \u00e9tiquettes personnalis\u00e9es \u00e0 Montr\u00e9al\",\"potentialAction\":[{\"@type\":\"SearchAction\",\"target\":{\"@type\":\"EntryPoint\",\"urlTemplate\":\"https:\/\/montrealstencil.com\/?s={search_term_string}\"},\"query-input\":{\"@type\":\"PropertyValueSpecification\",\"valueRequired\":true,\"valueName\":\"search_term_string\"}}],\"inLanguage\":\"en-CA\"}]}<\/script>\n<!-- \/ Yoast SEO plugin. -->","yoast_head_json":{"title":"ACID ETCHED STAINLESS STEEL - Montreal Stencil","description":"Achieve intricate designs with acid-etched stainless steel from Montreal Stencil. Durable and precise solutions for a variety of projects.","robots":{"index":"index","follow":"follow","max-snippet":"max-snippet:-1","max-image-preview":"max-image-preview:large","max-video-preview":"max-video-preview:-1"},"canonical":"https:\/\/montrealstencil.com\/en\/product\/acid-etched-stainless-steel\/","og_locale":"en_US","og_type":"article","og_title":"ACID ETCHED STAINLESS STEEL - Montreal Stencil","og_description":"Achieve intricate designs with acid-etched stainless steel from Montreal Stencil. Durable and precise solutions for a variety of projects.","og_url":"https:\/\/montrealstencil.com\/en\/product\/acid-etched-stainless-steel\/","og_site_name":"Montreal Stencil","article_publisher":"https:\/\/www.facebook.com\/montrealstencil","article_modified_time":"2025-11-05T20:00:28+00:00","og_image":[{"width":520,"height":355,"url":"https:\/\/montrealstencil.com\/wp-content\/uploads\/2018\/11\/acid-etched-stainless-nameplate.jpg","type":"image\/jpeg"}],"twitter_card":"summary_large_image","twitter_misc":{"Est. reading time":"1 minute"},"schema":{"@context":"https:\/\/schema.org","@graph":[{"@type":"WebPage","@id":"https:\/\/montrealstencil.com\/en\/product\/acid-etched-stainless-steel\/","url":"https:\/\/montrealstencil.com\/en\/product\/acid-etched-stainless-steel\/","name":"ACID ETCHED STAINLESS STEEL - Montreal Stencil","isPartOf":{"@id":"https:\/\/montrealstencil.com\/#website"},"primaryImageOfPage":{"@id":"https:\/\/montrealstencil.com\/en\/product\/acid-etched-stainless-steel\/#primaryimage"},"image":{"@id":"https:\/\/montrealstencil.com\/en\/product\/acid-etched-stainless-steel\/#primaryimage"},"thumbnailUrl":"https:\/\/montrealstencil.com\/wp-content\/uploads\/2018\/11\/acid-etched-stainless-nameplate.jpg","datePublished":"2018-11-02T00:52:20+00:00","dateModified":"2025-11-05T20:00:28+00:00","description":"Achieve intricate designs with acid-etched stainless steel from Montreal Stencil. Durable and precise solutions for a variety of projects.","breadcrumb":{"@id":"https:\/\/montrealstencil.com\/en\/product\/acid-etched-stainless-steel\/#breadcrumb"},"inLanguage":"en-CA","potentialAction":[{"@type":"ReadAction","target":["https:\/\/montrealstencil.com\/en\/product\/acid-etched-stainless-steel\/"]}]},{"@type":"ImageObject","inLanguage":"en-CA","@id":"https:\/\/montrealstencil.com\/en\/product\/acid-etched-stainless-steel\/#primaryimage","url":"https:\/\/montrealstencil.com\/wp-content\/uploads\/2018\/11\/acid-etched-stainless-nameplate.jpg","contentUrl":"https:\/\/montrealstencil.com\/wp-content\/uploads\/2018\/11\/acid-etched-stainless-nameplate.jpg","width":520,"height":355},{"@type":"BreadcrumbList","@id":"https:\/\/montrealstencil.com\/en\/product\/acid-etched-stainless-steel\/#breadcrumb","itemListElement":[{"@type":"ListItem","position":1,"name":"Home","item":"https:\/\/montrealstencil.com\/en\/"},{"@type":"ListItem","position":2,"name":"Produits","item":"https:\/\/montrealstencil.com\/boutique\/"},{"@type":"ListItem","position":3,"name":"ACID ETCHED STAINLESS STEEL"}]},{"@type":"WebSite","@id":"https:\/\/montrealstencil.com\/#website","url":"https:\/\/montrealstencil.com\/","name":"Montreal Stencil","description":"\u00c9tampes, plaques, pochoirs stencils et \u00e9tiquettes personnalis\u00e9es \u00e0 Montr\u00e9al","potentialAction":[{"@type":"SearchAction","target":{"@type":"EntryPoint","urlTemplate":"https:\/\/montrealstencil.com\/?s={search_term_string}"},"query-input":{"@type":"PropertyValueSpecification","valueRequired":true,"valueName":"search_term_string"}}],"inLanguage":"en-CA"}]}},"_links":{"self":[{"href":"https:\/\/montrealstencil.com\/en\/wp-json\/wp\/v2\/product\/4779","targetHints":{"allow":["GET"]}}],"collection":[{"href":"https:\/\/montrealstencil.com\/en\/wp-json\/wp\/v2\/product"}],"about":[{"href":"https:\/\/montrealstencil.com\/en\/wp-json\/wp\/v2\/types\/product"}],"wp:featuredmedia":[{"embeddable":true,"href":"https:\/\/montrealstencil.com\/en\/wp-json\/wp\/v2\/media\/4707"}],"wp:attachment":[{"href":"https:\/\/montrealstencil.com\/en\/wp-json\/wp\/v2\/media?parent=4779"}],"wp:term":[{"taxonomy":"product_cat","embeddable":true,"href":"https:\/\/montrealstencil.com\/en\/wp-json\/wp\/v2\/product_cat?post=4779"},{"taxonomy":"product_mat","embeddable":true,"href":"https:\/\/montrealstencil.com\/en\/wp-json\/wp\/v2\/product_mat?post=4779"}],"curies":[{"name":"wp","href":"https:\/\/api.w.org\/{rel}","templated":true}]}}