{"id":4773,"date":"2018-11-22T19:33:58","date_gmt":"2018-11-01T19:33:58","guid":{"rendered":"http:\/\/montreal-stencil.arkhame-web.com\/produit\/plaques-coulees-en-bronze-et-en-aluminium\/"},"modified":"2025-11-05T18:59:38","modified_gmt":"2025-11-05T18:59:38","slug":"plaques-coulees-en-bronze-et-en-aluminium","status":"publish","type":"product","link":"https:\/\/montrealstencil.com\/en\/product\/plaques-coulees-en-bronze-et-en-aluminium\/","title":{"rendered":"CAST ALUMINUM AND BRONZE PLAQUES"},"content":{"rendered":"","protected":false},"excerpt":{"rendered":"<p>These plaques are cast in aluminum or bronze with the recessed areas paint filled and the surface of the letters highly polished revealing the richness of the bronze and aluminum materials. They are ideally suited for cornerstone and public space recognition plaques where nothing but the best will do.<\/p>\n","protected":false},"featured_media":4638,"template":"","meta":{"_acf_changed":false},"product_cat":[260],"product_mat":[314],"class_list":["post-4773","product","type-product","status-publish","has-post-thumbnail","hentry","product_cat-display-signage","product_mat-bronze-en"],"acf":[],"yoast_head":"<!-- This site is optimized with the Yoast SEO plugin v27.4 - https:\/\/yoast.com\/product\/yoast-seo-wordpress\/ -->\n<title>CAST ALUMINUM AND BRONZE PLAQUES - Montreal Stencil<\/title>\n<meta name=\"description\" content=\"Explore our cast aluminum and bronze plaques at Montreal Stencil. Durable and artistic solutions for commemorating special moments and achievements.\" \/>\n<meta name=\"robots\" content=\"index, follow, max-snippet:-1, max-image-preview:large, max-video-preview:-1\" \/>\n<link rel=\"canonical\" href=\"https:\/\/montrealstencil.com\/en\/product\/plaques-coulees-en-bronze-et-en-aluminium\/\" \/>\n<meta property=\"og:locale\" content=\"en_US\" \/>\n<meta property=\"og:type\" content=\"article\" \/>\n<meta property=\"og:title\" content=\"CAST ALUMINUM AND BRONZE PLAQUES - Montreal Stencil\" \/>\n<meta property=\"og:description\" content=\"Explore our cast aluminum and bronze plaques at Montreal Stencil. Durable and artistic solutions for commemorating special moments and achievements.\" \/>\n<meta property=\"og:url\" content=\"https:\/\/montrealstencil.com\/en\/product\/plaques-coulees-en-bronze-et-en-aluminium\/\" \/>\n<meta property=\"og:site_name\" content=\"Montreal Stencil\" \/>\n<meta property=\"article:publisher\" content=\"https:\/\/www.facebook.com\/montrealstencil\" \/>\n<meta property=\"article:modified_time\" content=\"2025-11-05T18:59:38+00:00\" \/>\n<meta property=\"og:image\" content=\"https:\/\/montrealstencil.com\/wp-content\/uploads\/2018\/11\/cast-bronze-plaque-2.jpg\" \/>\n\t<meta property=\"og:image:width\" content=\"520\" \/>\n\t<meta property=\"og:image:height\" content=\"355\" \/>\n\t<meta property=\"og:image:type\" content=\"image\/jpeg\" \/>\n<meta name=\"twitter:card\" content=\"summary_large_image\" \/>\n<meta name=\"twitter:label1\" content=\"Est. reading time\" \/>\n\t<meta name=\"twitter:data1\" content=\"1 minute\" \/>\n<script type=\"application\/ld+json\" class=\"yoast-schema-graph\">{\"@context\":\"https:\\\/\\\/schema.org\",\"@graph\":[{\"@type\":\"WebPage\",\"@id\":\"https:\\\/\\\/montrealstencil.com\\\/en\\\/product\\\/plaques-coulees-en-bronze-et-en-aluminium\\\/\",\"url\":\"https:\\\/\\\/montrealstencil.com\\\/en\\\/product\\\/plaques-coulees-en-bronze-et-en-aluminium\\\/\",\"name\":\"CAST ALUMINUM AND BRONZE PLAQUES - Montreal Stencil\",\"isPartOf\":{\"@id\":\"https:\\\/\\\/montrealstencil.com\\\/#website\"},\"primaryImageOfPage\":{\"@id\":\"https:\\\/\\\/montrealstencil.com\\\/en\\\/product\\\/plaques-coulees-en-bronze-et-en-aluminium\\\/#primaryimage\"},\"image\":{\"@id\":\"https:\\\/\\\/montrealstencil.com\\\/en\\\/product\\\/plaques-coulees-en-bronze-et-en-aluminium\\\/#primaryimage\"},\"thumbnailUrl\":\"https:\\\/\\\/montrealstencil.com\\\/wp-content\\\/uploads\\\/2018\\\/11\\\/cast-bronze-plaque-2.jpg\",\"datePublished\":\"2018-11-01T19:33:58+00:00\",\"dateModified\":\"2025-11-05T18:59:38+00:00\",\"description\":\"Explore our cast aluminum and bronze plaques at Montreal Stencil. Durable and artistic solutions for commemorating special moments and achievements.\",\"breadcrumb\":{\"@id\":\"https:\\\/\\\/montrealstencil.com\\\/en\\\/product\\\/plaques-coulees-en-bronze-et-en-aluminium\\\/#breadcrumb\"},\"inLanguage\":\"en-CA\",\"potentialAction\":[{\"@type\":\"ReadAction\",\"target\":[\"https:\\\/\\\/montrealstencil.com\\\/en\\\/product\\\/plaques-coulees-en-bronze-et-en-aluminium\\\/\"]}]},{\"@type\":\"ImageObject\",\"inLanguage\":\"en-CA\",\"@id\":\"https:\\\/\\\/montrealstencil.com\\\/en\\\/product\\\/plaques-coulees-en-bronze-et-en-aluminium\\\/#primaryimage\",\"url\":\"https:\\\/\\\/montrealstencil.com\\\/wp-content\\\/uploads\\\/2018\\\/11\\\/cast-bronze-plaque-2.jpg\",\"contentUrl\":\"https:\\\/\\\/montrealstencil.com\\\/wp-content\\\/uploads\\\/2018\\\/11\\\/cast-bronze-plaque-2.jpg\",\"width\":520,\"height\":355},{\"@type\":\"BreadcrumbList\",\"@id\":\"https:\\\/\\\/montrealstencil.com\\\/en\\\/product\\\/plaques-coulees-en-bronze-et-en-aluminium\\\/#breadcrumb\",\"itemListElement\":[{\"@type\":\"ListItem\",\"position\":1,\"name\":\"Home\",\"item\":\"https:\\\/\\\/montrealstencil.com\\\/en\\\/\"},{\"@type\":\"ListItem\",\"position\":2,\"name\":\"Produits\",\"item\":\"https:\\\/\\\/montrealstencil.com\\\/boutique\\\/\"},{\"@type\":\"ListItem\",\"position\":3,\"name\":\"CAST ALUMINUM AND BRONZE PLAQUES\"}]},{\"@type\":\"WebSite\",\"@id\":\"https:\\\/\\\/montrealstencil.com\\\/#website\",\"url\":\"https:\\\/\\\/montrealstencil.com\\\/\",\"name\":\"Montreal Stencil\",\"description\":\"\u00c9tampes, plaques, pochoirs stencils et \u00e9tiquettes personnalis\u00e9es \u00e0 Montr\u00e9al\",\"potentialAction\":[{\"@type\":\"SearchAction\",\"target\":{\"@type\":\"EntryPoint\",\"urlTemplate\":\"https:\\\/\\\/montrealstencil.com\\\/?s={search_term_string}\"},\"query-input\":{\"@type\":\"PropertyValueSpecification\",\"valueRequired\":true,\"valueName\":\"search_term_string\"}}],\"inLanguage\":\"en-CA\"}]}<\/script>\n<!-- \/ Yoast SEO plugin. -->","yoast_head_json":{"title":"CAST ALUMINUM AND BRONZE PLAQUES - Montreal Stencil","description":"Explore our cast aluminum and bronze plaques at Montreal Stencil. Durable and artistic solutions for commemorating special moments and achievements.","robots":{"index":"index","follow":"follow","max-snippet":"max-snippet:-1","max-image-preview":"max-image-preview:large","max-video-preview":"max-video-preview:-1"},"canonical":"https:\/\/montrealstencil.com\/en\/product\/plaques-coulees-en-bronze-et-en-aluminium\/","og_locale":"en_US","og_type":"article","og_title":"CAST ALUMINUM AND BRONZE PLAQUES - Montreal Stencil","og_description":"Explore our cast aluminum and bronze plaques at Montreal Stencil. Durable and artistic solutions for commemorating special moments and achievements.","og_url":"https:\/\/montrealstencil.com\/en\/product\/plaques-coulees-en-bronze-et-en-aluminium\/","og_site_name":"Montreal Stencil","article_publisher":"https:\/\/www.facebook.com\/montrealstencil","article_modified_time":"2025-11-05T18:59:38+00:00","og_image":[{"width":520,"height":355,"url":"https:\/\/montrealstencil.com\/wp-content\/uploads\/2018\/11\/cast-bronze-plaque-2.jpg","type":"image\/jpeg"}],"twitter_card":"summary_large_image","twitter_misc":{"Est. reading time":"1 minute"},"schema":{"@context":"https:\/\/schema.org","@graph":[{"@type":"WebPage","@id":"https:\/\/montrealstencil.com\/en\/product\/plaques-coulees-en-bronze-et-en-aluminium\/","url":"https:\/\/montrealstencil.com\/en\/product\/plaques-coulees-en-bronze-et-en-aluminium\/","name":"CAST ALUMINUM AND BRONZE PLAQUES - Montreal Stencil","isPartOf":{"@id":"https:\/\/montrealstencil.com\/#website"},"primaryImageOfPage":{"@id":"https:\/\/montrealstencil.com\/en\/product\/plaques-coulees-en-bronze-et-en-aluminium\/#primaryimage"},"image":{"@id":"https:\/\/montrealstencil.com\/en\/product\/plaques-coulees-en-bronze-et-en-aluminium\/#primaryimage"},"thumbnailUrl":"https:\/\/montrealstencil.com\/wp-content\/uploads\/2018\/11\/cast-bronze-plaque-2.jpg","datePublished":"2018-11-01T19:33:58+00:00","dateModified":"2025-11-05T18:59:38+00:00","description":"Explore our cast aluminum and bronze plaques at Montreal Stencil. Durable and artistic solutions for commemorating special moments and achievements.","breadcrumb":{"@id":"https:\/\/montrealstencil.com\/en\/product\/plaques-coulees-en-bronze-et-en-aluminium\/#breadcrumb"},"inLanguage":"en-CA","potentialAction":[{"@type":"ReadAction","target":["https:\/\/montrealstencil.com\/en\/product\/plaques-coulees-en-bronze-et-en-aluminium\/"]}]},{"@type":"ImageObject","inLanguage":"en-CA","@id":"https:\/\/montrealstencil.com\/en\/product\/plaques-coulees-en-bronze-et-en-aluminium\/#primaryimage","url":"https:\/\/montrealstencil.com\/wp-content\/uploads\/2018\/11\/cast-bronze-plaque-2.jpg","contentUrl":"https:\/\/montrealstencil.com\/wp-content\/uploads\/2018\/11\/cast-bronze-plaque-2.jpg","width":520,"height":355},{"@type":"BreadcrumbList","@id":"https:\/\/montrealstencil.com\/en\/product\/plaques-coulees-en-bronze-et-en-aluminium\/#breadcrumb","itemListElement":[{"@type":"ListItem","position":1,"name":"Home","item":"https:\/\/montrealstencil.com\/en\/"},{"@type":"ListItem","position":2,"name":"Produits","item":"https:\/\/montrealstencil.com\/boutique\/"},{"@type":"ListItem","position":3,"name":"CAST ALUMINUM AND BRONZE PLAQUES"}]},{"@type":"WebSite","@id":"https:\/\/montrealstencil.com\/#website","url":"https:\/\/montrealstencil.com\/","name":"Montreal Stencil","description":"\u00c9tampes, plaques, pochoirs stencils et \u00e9tiquettes personnalis\u00e9es \u00e0 Montr\u00e9al","potentialAction":[{"@type":"SearchAction","target":{"@type":"EntryPoint","urlTemplate":"https:\/\/montrealstencil.com\/?s={search_term_string}"},"query-input":{"@type":"PropertyValueSpecification","valueRequired":true,"valueName":"search_term_string"}}],"inLanguage":"en-CA"}]}},"_links":{"self":[{"href":"https:\/\/montrealstencil.com\/en\/wp-json\/wp\/v2\/product\/4773","targetHints":{"allow":["GET"]}}],"collection":[{"href":"https:\/\/montrealstencil.com\/en\/wp-json\/wp\/v2\/product"}],"about":[{"href":"https:\/\/montrealstencil.com\/en\/wp-json\/wp\/v2\/types\/product"}],"wp:featuredmedia":[{"embeddable":true,"href":"https:\/\/montrealstencil.com\/en\/wp-json\/wp\/v2\/media\/4638"}],"wp:attachment":[{"href":"https:\/\/montrealstencil.com\/en\/wp-json\/wp\/v2\/media?parent=4773"}],"wp:term":[{"taxonomy":"product_cat","embeddable":true,"href":"https:\/\/montrealstencil.com\/en\/wp-json\/wp\/v2\/product_cat?post=4773"},{"taxonomy":"product_mat","embeddable":true,"href":"https:\/\/montrealstencil.com\/en\/wp-json\/wp\/v2\/product_mat?post=4773"}],"curies":[{"name":"wp","href":"https:\/\/api.w.org\/{rel}","templated":true}]}}