{"id":4770,"date":"2018-11-24T19:12:43","date_gmt":"2018-11-01T19:12:43","guid":{"rendered":"http:\/\/montreal-stencil.arkhame-web.com\/produit\/panneaux-de-signalisation-routiere\/"},"modified":"2025-11-05T18:50:17","modified_gmt":"2025-11-05T18:50:17","slug":"traffic-and-road-signs","status":"publish","type":"product","link":"https:\/\/montrealstencil.com\/en\/product\/traffic-and-road-signs\/","title":{"rendered":"TRAFFIC AND ROAD SIGNS"},"content":{"rendered":"","protected":false},"excerpt":{"rendered":"<p>Using engineering grade materials Montreal Stencil can produce custom road, parking and property signs to guide visitors in and around the grounds of your property. Using aluminum sheets in thicknesses from .040\u201d to .250\u201d (18 gauge \u2013 3 gauge) we custom cut sign blanks to your requirement and apply outdoor durable vinyl graphics to the surface. The graphics can be reflective and we can also provide photo luminescent signs. We will fabricate rounded corners and holes to your specification and can supply you the support posts as well. If required we can have the signs professionally installed for you.<\/p>\n","protected":false},"featured_media":4550,"template":"","meta":{"_acf_changed":false},"product_cat":[260],"product_mat":[311,312,315],"class_list":["post-4770","product","type-product","status-publish","has-post-thumbnail","hentry","product_cat-display-signage","product_mat-acrylic-plexiglass","product_mat-aluminum-en","product_mat-coroplast-en"],"acf":[],"yoast_head":"<!-- This site is optimized with the Yoast SEO plugin v27.4 - https:\/\/yoast.com\/product\/yoast-seo-wordpress\/ -->\n<title>TRAFFIC AND ROAD SIGNS - Montreal Stencil<\/title>\n<meta name=\"description\" content=\"Ensure safety and compliance with our traffic and road signs from Montreal Stencil. High visibility and durability for effective communication.\" \/>\n<meta name=\"robots\" content=\"index, follow, max-snippet:-1, max-image-preview:large, max-video-preview:-1\" \/>\n<link rel=\"canonical\" href=\"https:\/\/montrealstencil.com\/en\/product\/traffic-and-road-signs\/\" \/>\n<meta property=\"og:locale\" content=\"en_US\" \/>\n<meta property=\"og:type\" content=\"article\" \/>\n<meta property=\"og:title\" content=\"TRAFFIC AND ROAD SIGNS - Montreal Stencil\" \/>\n<meta property=\"og:description\" content=\"Ensure safety and compliance with our traffic and road signs from Montreal Stencil. High visibility and durability for effective communication.\" \/>\n<meta property=\"og:url\" content=\"https:\/\/montrealstencil.com\/en\/product\/traffic-and-road-signs\/\" \/>\n<meta property=\"og:site_name\" content=\"Montreal Stencil\" \/>\n<meta property=\"article:publisher\" content=\"https:\/\/www.facebook.com\/montrealstencil\" \/>\n<meta property=\"article:modified_time\" content=\"2025-11-05T18:50:17+00:00\" \/>\n<meta property=\"og:image\" content=\"https:\/\/montrealstencil.com\/wp-content\/uploads\/2018\/11\/vinyl-letter-on-dibond-1.jpg\" \/>\n\t<meta property=\"og:image:width\" content=\"520\" \/>\n\t<meta property=\"og:image:height\" content=\"355\" \/>\n\t<meta property=\"og:image:type\" content=\"image\/jpeg\" \/>\n<meta name=\"twitter:card\" content=\"summary_large_image\" \/>\n<meta name=\"twitter:label1\" content=\"Est. reading time\" \/>\n\t<meta name=\"twitter:data1\" content=\"1 minute\" \/>\n<script type=\"application\/ld+json\" class=\"yoast-schema-graph\">{\"@context\":\"https:\\\/\\\/schema.org\",\"@graph\":[{\"@type\":\"WebPage\",\"@id\":\"https:\\\/\\\/montrealstencil.com\\\/en\\\/product\\\/traffic-and-road-signs\\\/\",\"url\":\"https:\\\/\\\/montrealstencil.com\\\/en\\\/product\\\/traffic-and-road-signs\\\/\",\"name\":\"TRAFFIC AND ROAD SIGNS - Montreal Stencil\",\"isPartOf\":{\"@id\":\"https:\\\/\\\/montrealstencil.com\\\/#website\"},\"primaryImageOfPage\":{\"@id\":\"https:\\\/\\\/montrealstencil.com\\\/en\\\/product\\\/traffic-and-road-signs\\\/#primaryimage\"},\"image\":{\"@id\":\"https:\\\/\\\/montrealstencil.com\\\/en\\\/product\\\/traffic-and-road-signs\\\/#primaryimage\"},\"thumbnailUrl\":\"https:\\\/\\\/montrealstencil.com\\\/wp-content\\\/uploads\\\/2018\\\/11\\\/vinyl-letter-on-dibond-1.jpg\",\"datePublished\":\"2018-11-01T19:12:43+00:00\",\"dateModified\":\"2025-11-05T18:50:17+00:00\",\"description\":\"Ensure safety and compliance with our traffic and road signs from Montreal Stencil. High visibility and durability for effective communication.\",\"breadcrumb\":{\"@id\":\"https:\\\/\\\/montrealstencil.com\\\/en\\\/product\\\/traffic-and-road-signs\\\/#breadcrumb\"},\"inLanguage\":\"en-CA\",\"potentialAction\":[{\"@type\":\"ReadAction\",\"target\":[\"https:\\\/\\\/montrealstencil.com\\\/en\\\/product\\\/traffic-and-road-signs\\\/\"]}]},{\"@type\":\"ImageObject\",\"inLanguage\":\"en-CA\",\"@id\":\"https:\\\/\\\/montrealstencil.com\\\/en\\\/product\\\/traffic-and-road-signs\\\/#primaryimage\",\"url\":\"https:\\\/\\\/montrealstencil.com\\\/wp-content\\\/uploads\\\/2018\\\/11\\\/vinyl-letter-on-dibond-1.jpg\",\"contentUrl\":\"https:\\\/\\\/montrealstencil.com\\\/wp-content\\\/uploads\\\/2018\\\/11\\\/vinyl-letter-on-dibond-1.jpg\",\"width\":520,\"height\":355},{\"@type\":\"BreadcrumbList\",\"@id\":\"https:\\\/\\\/montrealstencil.com\\\/en\\\/product\\\/traffic-and-road-signs\\\/#breadcrumb\",\"itemListElement\":[{\"@type\":\"ListItem\",\"position\":1,\"name\":\"Home\",\"item\":\"https:\\\/\\\/montrealstencil.com\\\/en\\\/\"},{\"@type\":\"ListItem\",\"position\":2,\"name\":\"Produits\",\"item\":\"https:\\\/\\\/montrealstencil.com\\\/boutique\\\/\"},{\"@type\":\"ListItem\",\"position\":3,\"name\":\"TRAFFIC AND ROAD SIGNS\"}]},{\"@type\":\"WebSite\",\"@id\":\"https:\\\/\\\/montrealstencil.com\\\/#website\",\"url\":\"https:\\\/\\\/montrealstencil.com\\\/\",\"name\":\"Montreal Stencil\",\"description\":\"\u00c9tampes, plaques, pochoirs stencils et \u00e9tiquettes personnalis\u00e9es \u00e0 Montr\u00e9al\",\"potentialAction\":[{\"@type\":\"SearchAction\",\"target\":{\"@type\":\"EntryPoint\",\"urlTemplate\":\"https:\\\/\\\/montrealstencil.com\\\/?s={search_term_string}\"},\"query-input\":{\"@type\":\"PropertyValueSpecification\",\"valueRequired\":true,\"valueName\":\"search_term_string\"}}],\"inLanguage\":\"en-CA\"}]}<\/script>\n<!-- \/ Yoast SEO plugin. -->","yoast_head_json":{"title":"TRAFFIC AND ROAD SIGNS - Montreal Stencil","description":"Ensure safety and compliance with our traffic and road signs from Montreal Stencil. High visibility and durability for effective communication.","robots":{"index":"index","follow":"follow","max-snippet":"max-snippet:-1","max-image-preview":"max-image-preview:large","max-video-preview":"max-video-preview:-1"},"canonical":"https:\/\/montrealstencil.com\/en\/product\/traffic-and-road-signs\/","og_locale":"en_US","og_type":"article","og_title":"TRAFFIC AND ROAD SIGNS - Montreal Stencil","og_description":"Ensure safety and compliance with our traffic and road signs from Montreal Stencil. High visibility and durability for effective communication.","og_url":"https:\/\/montrealstencil.com\/en\/product\/traffic-and-road-signs\/","og_site_name":"Montreal Stencil","article_publisher":"https:\/\/www.facebook.com\/montrealstencil","article_modified_time":"2025-11-05T18:50:17+00:00","og_image":[{"width":520,"height":355,"url":"https:\/\/montrealstencil.com\/wp-content\/uploads\/2018\/11\/vinyl-letter-on-dibond-1.jpg","type":"image\/jpeg"}],"twitter_card":"summary_large_image","twitter_misc":{"Est. reading time":"1 minute"},"schema":{"@context":"https:\/\/schema.org","@graph":[{"@type":"WebPage","@id":"https:\/\/montrealstencil.com\/en\/product\/traffic-and-road-signs\/","url":"https:\/\/montrealstencil.com\/en\/product\/traffic-and-road-signs\/","name":"TRAFFIC AND ROAD SIGNS - Montreal Stencil","isPartOf":{"@id":"https:\/\/montrealstencil.com\/#website"},"primaryImageOfPage":{"@id":"https:\/\/montrealstencil.com\/en\/product\/traffic-and-road-signs\/#primaryimage"},"image":{"@id":"https:\/\/montrealstencil.com\/en\/product\/traffic-and-road-signs\/#primaryimage"},"thumbnailUrl":"https:\/\/montrealstencil.com\/wp-content\/uploads\/2018\/11\/vinyl-letter-on-dibond-1.jpg","datePublished":"2018-11-01T19:12:43+00:00","dateModified":"2025-11-05T18:50:17+00:00","description":"Ensure safety and compliance with our traffic and road signs from Montreal Stencil. High visibility and durability for effective communication.","breadcrumb":{"@id":"https:\/\/montrealstencil.com\/en\/product\/traffic-and-road-signs\/#breadcrumb"},"inLanguage":"en-CA","potentialAction":[{"@type":"ReadAction","target":["https:\/\/montrealstencil.com\/en\/product\/traffic-and-road-signs\/"]}]},{"@type":"ImageObject","inLanguage":"en-CA","@id":"https:\/\/montrealstencil.com\/en\/product\/traffic-and-road-signs\/#primaryimage","url":"https:\/\/montrealstencil.com\/wp-content\/uploads\/2018\/11\/vinyl-letter-on-dibond-1.jpg","contentUrl":"https:\/\/montrealstencil.com\/wp-content\/uploads\/2018\/11\/vinyl-letter-on-dibond-1.jpg","width":520,"height":355},{"@type":"BreadcrumbList","@id":"https:\/\/montrealstencil.com\/en\/product\/traffic-and-road-signs\/#breadcrumb","itemListElement":[{"@type":"ListItem","position":1,"name":"Home","item":"https:\/\/montrealstencil.com\/en\/"},{"@type":"ListItem","position":2,"name":"Produits","item":"https:\/\/montrealstencil.com\/boutique\/"},{"@type":"ListItem","position":3,"name":"TRAFFIC AND ROAD SIGNS"}]},{"@type":"WebSite","@id":"https:\/\/montrealstencil.com\/#website","url":"https:\/\/montrealstencil.com\/","name":"Montreal Stencil","description":"\u00c9tampes, plaques, pochoirs stencils et \u00e9tiquettes personnalis\u00e9es \u00e0 Montr\u00e9al","potentialAction":[{"@type":"SearchAction","target":{"@type":"EntryPoint","urlTemplate":"https:\/\/montrealstencil.com\/?s={search_term_string}"},"query-input":{"@type":"PropertyValueSpecification","valueRequired":true,"valueName":"search_term_string"}}],"inLanguage":"en-CA"}]}},"_links":{"self":[{"href":"https:\/\/montrealstencil.com\/en\/wp-json\/wp\/v2\/product\/4770","targetHints":{"allow":["GET"]}}],"collection":[{"href":"https:\/\/montrealstencil.com\/en\/wp-json\/wp\/v2\/product"}],"about":[{"href":"https:\/\/montrealstencil.com\/en\/wp-json\/wp\/v2\/types\/product"}],"wp:featuredmedia":[{"embeddable":true,"href":"https:\/\/montrealstencil.com\/en\/wp-json\/wp\/v2\/media\/4550"}],"wp:attachment":[{"href":"https:\/\/montrealstencil.com\/en\/wp-json\/wp\/v2\/media?parent=4770"}],"wp:term":[{"taxonomy":"product_cat","embeddable":true,"href":"https:\/\/montrealstencil.com\/en\/wp-json\/wp\/v2\/product_cat?post=4770"},{"taxonomy":"product_mat","embeddable":true,"href":"https:\/\/montrealstencil.com\/en\/wp-json\/wp\/v2\/product_mat?post=4770"}],"curies":[{"name":"wp","href":"https:\/\/api.w.org\/{rel}","templated":true}]}}