{"id":4769,"date":"2018-11-25T19:10:37","date_gmt":"2018-11-01T19:10:37","guid":{"rendered":"http:\/\/montreal-stencil.arkhame-web.com\/produit\/enseignes-lettres-et-logos-2\/"},"modified":"2025-12-22T20:34:22","modified_gmt":"2025-12-22T20:34:22","slug":"cut-out-letters-and-logos","status":"publish","type":"product","link":"https:\/\/montrealstencil.com\/en\/product\/cut-out-letters-and-logos\/","title":{"rendered":"CUT-OUT LETTERS AND LOGOS"},"content":{"rendered":"","protected":false},"excerpt":{"rendered":"<p>Individual letters and logos can be cut, formed or cast from many different materials. Using computer controlled CNC and cutting equipment we can produce lettering and logos from many different thicknesses of acrylic, aluminum, aluminum composite, brass, bronze and even stainless steel. All letters and logos can be painted to match a specific colour. These letters can be used indoors and outdoors and can be flush mounted or stand-off mounted to create a greater 3D effect. Unlike channel letters Dimensional letters do not have any form of illumination.<\/p>\n","protected":false},"featured_media":4581,"template":"","meta":{"_acf_changed":false},"product_cat":[260],"product_mat":[310,313,314,316,317,319,321,323,326],"class_list":["post-4769","product","type-product","status-publish","has-post-thumbnail","hentry","product_cat-display-signage","product_mat-abs-en","product_mat-brass","product_mat-bronze-en","product_mat-foamcore-en","product_mat-lamicoid-engravable-plastic","product_mat-petg-en","product_mat-polycarbonate-lexan-en","product_mat-pvc-en","product_mat-styrene-en"],"acf":[],"yoast_head":"<!-- This site is optimized with the Yoast SEO plugin v27.4 - https:\/\/yoast.com\/product\/yoast-seo-wordpress\/ -->\n<title>CUT-OUT LETTERS AND LOGOS - Montreal Stencil<\/title>\n<meta name=\"description\" content=\"Make a bold statement with cut-out letters and logos from Montreal Stencil. Precision and creativity combined for distinctive signage and branding.\" \/>\n<meta name=\"robots\" content=\"index, follow, max-snippet:-1, max-image-preview:large, max-video-preview:-1\" \/>\n<link rel=\"canonical\" href=\"https:\/\/montrealstencil.com\/en\/product\/cut-out-letters-and-logos\/\" \/>\n<meta property=\"og:locale\" content=\"en_US\" \/>\n<meta property=\"og:type\" content=\"article\" \/>\n<meta property=\"og:title\" content=\"CUT-OUT LETTERS AND LOGOS - Montreal Stencil\" \/>\n<meta property=\"og:description\" content=\"Make a bold statement with cut-out letters and logos from Montreal Stencil. Precision and creativity combined for distinctive signage and branding.\" \/>\n<meta property=\"og:url\" content=\"https:\/\/montrealstencil.com\/en\/product\/cut-out-letters-and-logos\/\" \/>\n<meta property=\"og:site_name\" content=\"Montreal Stencil\" \/>\n<meta property=\"article:publisher\" content=\"https:\/\/www.facebook.com\/montrealstencil\" \/>\n<meta property=\"article:modified_time\" content=\"2025-12-22T20:34:22+00:00\" \/>\n<meta property=\"og:image\" content=\"https:\/\/montrealstencil.com\/wp-content\/uploads\/2018\/11\/cut-out-letters-on-metal-plaque.jpg\" \/>\n\t<meta property=\"og:image:width\" content=\"520\" \/>\n\t<meta property=\"og:image:height\" content=\"355\" \/>\n\t<meta property=\"og:image:type\" content=\"image\/jpeg\" \/>\n<meta name=\"twitter:card\" content=\"summary_large_image\" \/>\n<meta name=\"twitter:label1\" content=\"Est. reading time\" \/>\n\t<meta name=\"twitter:data1\" content=\"1 minute\" \/>\n<script type=\"application\/ld+json\" class=\"yoast-schema-graph\">{\"@context\":\"https:\\\/\\\/schema.org\",\"@graph\":[{\"@type\":\"WebPage\",\"@id\":\"https:\\\/\\\/montrealstencil.com\\\/en\\\/product\\\/cut-out-letters-and-logos\\\/\",\"url\":\"https:\\\/\\\/montrealstencil.com\\\/en\\\/product\\\/cut-out-letters-and-logos\\\/\",\"name\":\"CUT-OUT LETTERS AND LOGOS - Montreal Stencil\",\"isPartOf\":{\"@id\":\"https:\\\/\\\/montrealstencil.com\\\/#website\"},\"primaryImageOfPage\":{\"@id\":\"https:\\\/\\\/montrealstencil.com\\\/en\\\/product\\\/cut-out-letters-and-logos\\\/#primaryimage\"},\"image\":{\"@id\":\"https:\\\/\\\/montrealstencil.com\\\/en\\\/product\\\/cut-out-letters-and-logos\\\/#primaryimage\"},\"thumbnailUrl\":\"https:\\\/\\\/montrealstencil.com\\\/wp-content\\\/uploads\\\/2018\\\/11\\\/cut-out-letters-on-metal-plaque.jpg\",\"datePublished\":\"2018-11-01T19:10:37+00:00\",\"dateModified\":\"2025-12-22T20:34:22+00:00\",\"description\":\"Make a bold statement with cut-out letters and logos from Montreal Stencil. Precision and creativity combined for distinctive signage and branding.\",\"breadcrumb\":{\"@id\":\"https:\\\/\\\/montrealstencil.com\\\/en\\\/product\\\/cut-out-letters-and-logos\\\/#breadcrumb\"},\"inLanguage\":\"en-CA\",\"potentialAction\":[{\"@type\":\"ReadAction\",\"target\":[\"https:\\\/\\\/montrealstencil.com\\\/en\\\/product\\\/cut-out-letters-and-logos\\\/\"]}]},{\"@type\":\"ImageObject\",\"inLanguage\":\"en-CA\",\"@id\":\"https:\\\/\\\/montrealstencil.com\\\/en\\\/product\\\/cut-out-letters-and-logos\\\/#primaryimage\",\"url\":\"https:\\\/\\\/montrealstencil.com\\\/wp-content\\\/uploads\\\/2018\\\/11\\\/cut-out-letters-on-metal-plaque.jpg\",\"contentUrl\":\"https:\\\/\\\/montrealstencil.com\\\/wp-content\\\/uploads\\\/2018\\\/11\\\/cut-out-letters-on-metal-plaque.jpg\",\"width\":520,\"height\":355},{\"@type\":\"BreadcrumbList\",\"@id\":\"https:\\\/\\\/montrealstencil.com\\\/en\\\/product\\\/cut-out-letters-and-logos\\\/#breadcrumb\",\"itemListElement\":[{\"@type\":\"ListItem\",\"position\":1,\"name\":\"Home\",\"item\":\"https:\\\/\\\/montrealstencil.com\\\/en\\\/\"},{\"@type\":\"ListItem\",\"position\":2,\"name\":\"Produits\",\"item\":\"https:\\\/\\\/montrealstencil.com\\\/boutique\\\/\"},{\"@type\":\"ListItem\",\"position\":3,\"name\":\"CUT-OUT LETTERS AND LOGOS\"}]},{\"@type\":\"WebSite\",\"@id\":\"https:\\\/\\\/montrealstencil.com\\\/#website\",\"url\":\"https:\\\/\\\/montrealstencil.com\\\/\",\"name\":\"Montreal Stencil\",\"description\":\"\u00c9tampes, plaques, pochoirs stencils et \u00e9tiquettes personnalis\u00e9es \u00e0 Montr\u00e9al\",\"potentialAction\":[{\"@type\":\"SearchAction\",\"target\":{\"@type\":\"EntryPoint\",\"urlTemplate\":\"https:\\\/\\\/montrealstencil.com\\\/?s={search_term_string}\"},\"query-input\":{\"@type\":\"PropertyValueSpecification\",\"valueRequired\":true,\"valueName\":\"search_term_string\"}}],\"inLanguage\":\"en-CA\"}]}<\/script>\n<!-- \/ Yoast SEO plugin. -->","yoast_head_json":{"title":"CUT-OUT LETTERS AND LOGOS - Montreal Stencil","description":"Make a bold statement with cut-out letters and logos from Montreal Stencil. Precision and creativity combined for distinctive signage and branding.","robots":{"index":"index","follow":"follow","max-snippet":"max-snippet:-1","max-image-preview":"max-image-preview:large","max-video-preview":"max-video-preview:-1"},"canonical":"https:\/\/montrealstencil.com\/en\/product\/cut-out-letters-and-logos\/","og_locale":"en_US","og_type":"article","og_title":"CUT-OUT LETTERS AND LOGOS - Montreal Stencil","og_description":"Make a bold statement with cut-out letters and logos from Montreal Stencil. Precision and creativity combined for distinctive signage and branding.","og_url":"https:\/\/montrealstencil.com\/en\/product\/cut-out-letters-and-logos\/","og_site_name":"Montreal Stencil","article_publisher":"https:\/\/www.facebook.com\/montrealstencil","article_modified_time":"2025-12-22T20:34:22+00:00","og_image":[{"width":520,"height":355,"url":"https:\/\/montrealstencil.com\/wp-content\/uploads\/2018\/11\/cut-out-letters-on-metal-plaque.jpg","type":"image\/jpeg"}],"twitter_card":"summary_large_image","twitter_misc":{"Est. reading time":"1 minute"},"schema":{"@context":"https:\/\/schema.org","@graph":[{"@type":"WebPage","@id":"https:\/\/montrealstencil.com\/en\/product\/cut-out-letters-and-logos\/","url":"https:\/\/montrealstencil.com\/en\/product\/cut-out-letters-and-logos\/","name":"CUT-OUT LETTERS AND LOGOS - Montreal Stencil","isPartOf":{"@id":"https:\/\/montrealstencil.com\/#website"},"primaryImageOfPage":{"@id":"https:\/\/montrealstencil.com\/en\/product\/cut-out-letters-and-logos\/#primaryimage"},"image":{"@id":"https:\/\/montrealstencil.com\/en\/product\/cut-out-letters-and-logos\/#primaryimage"},"thumbnailUrl":"https:\/\/montrealstencil.com\/wp-content\/uploads\/2018\/11\/cut-out-letters-on-metal-plaque.jpg","datePublished":"2018-11-01T19:10:37+00:00","dateModified":"2025-12-22T20:34:22+00:00","description":"Make a bold statement with cut-out letters and logos from Montreal Stencil. Precision and creativity combined for distinctive signage and branding.","breadcrumb":{"@id":"https:\/\/montrealstencil.com\/en\/product\/cut-out-letters-and-logos\/#breadcrumb"},"inLanguage":"en-CA","potentialAction":[{"@type":"ReadAction","target":["https:\/\/montrealstencil.com\/en\/product\/cut-out-letters-and-logos\/"]}]},{"@type":"ImageObject","inLanguage":"en-CA","@id":"https:\/\/montrealstencil.com\/en\/product\/cut-out-letters-and-logos\/#primaryimage","url":"https:\/\/montrealstencil.com\/wp-content\/uploads\/2018\/11\/cut-out-letters-on-metal-plaque.jpg","contentUrl":"https:\/\/montrealstencil.com\/wp-content\/uploads\/2018\/11\/cut-out-letters-on-metal-plaque.jpg","width":520,"height":355},{"@type":"BreadcrumbList","@id":"https:\/\/montrealstencil.com\/en\/product\/cut-out-letters-and-logos\/#breadcrumb","itemListElement":[{"@type":"ListItem","position":1,"name":"Home","item":"https:\/\/montrealstencil.com\/en\/"},{"@type":"ListItem","position":2,"name":"Produits","item":"https:\/\/montrealstencil.com\/boutique\/"},{"@type":"ListItem","position":3,"name":"CUT-OUT LETTERS AND LOGOS"}]},{"@type":"WebSite","@id":"https:\/\/montrealstencil.com\/#website","url":"https:\/\/montrealstencil.com\/","name":"Montreal Stencil","description":"\u00c9tampes, plaques, pochoirs stencils et \u00e9tiquettes personnalis\u00e9es \u00e0 Montr\u00e9al","potentialAction":[{"@type":"SearchAction","target":{"@type":"EntryPoint","urlTemplate":"https:\/\/montrealstencil.com\/?s={search_term_string}"},"query-input":{"@type":"PropertyValueSpecification","valueRequired":true,"valueName":"search_term_string"}}],"inLanguage":"en-CA"}]}},"_links":{"self":[{"href":"https:\/\/montrealstencil.com\/en\/wp-json\/wp\/v2\/product\/4769","targetHints":{"allow":["GET"]}}],"collection":[{"href":"https:\/\/montrealstencil.com\/en\/wp-json\/wp\/v2\/product"}],"about":[{"href":"https:\/\/montrealstencil.com\/en\/wp-json\/wp\/v2\/types\/product"}],"wp:featuredmedia":[{"embeddable":true,"href":"https:\/\/montrealstencil.com\/en\/wp-json\/wp\/v2\/media\/4581"}],"wp:attachment":[{"href":"https:\/\/montrealstencil.com\/en\/wp-json\/wp\/v2\/media?parent=4769"}],"wp:term":[{"taxonomy":"product_cat","embeddable":true,"href":"https:\/\/montrealstencil.com\/en\/wp-json\/wp\/v2\/product_cat?post=4769"},{"taxonomy":"product_mat","embeddable":true,"href":"https:\/\/montrealstencil.com\/en\/wp-json\/wp\/v2\/product_mat?post=4769"}],"curies":[{"name":"wp","href":"https:\/\/api.w.org\/{rel}","templated":true}]}}