{"id":4763,"date":"2018-11-14T18:07:20","date_gmt":"2018-11-01T18:07:20","guid":{"rendered":"http:\/\/montreal-stencil.arkhame-web.com\/produit\/gravure-sur-plastique\/"},"modified":"2025-11-05T19:21:29","modified_gmt":"2025-11-05T19:21:29","slug":"plastic-engraving","status":"publish","type":"product","link":"https:\/\/montrealstencil.com\/en\/product\/plastic-engraving\/","title":{"rendered":"PLASTIC ENGRAVING"},"content":{"rendered":"","protected":false},"excerpt":{"rendered":"<p>Our engraving department will supply you with your commercial and industrial engraving requirements. We produce nameplates including wall holders and supports for office and cubicle identification and corridor signs for buildings and institutions. We also manufacture employee nametags and badges. We have materials that are suited for indoor and outdoor identification that are available in many different colour combinations.<\/p>\n<p>We produce industrial nameplates and tags in plastic lamicoid, gravoply, phenolic and acrylic. Our nameplates and tags are used by electricians, plumbers and contractors for identification in mechanical rooms, on electrical panels and plumbing. We can sequentially number your nameplates or populate the plates with your coding.<\/p>\n","protected":false},"featured_media":4491,"template":"","meta":{"_acf_changed":false},"product_cat":[270],"product_mat":[311,317],"class_list":["post-4763","product","type-product","status-publish","has-post-thumbnail","hentry","product_cat-engraving","product_mat-acrylic-plexiglass","product_mat-lamicoid-engravable-plastic"],"acf":[],"yoast_head":"<!-- This site is optimized with the Yoast SEO plugin v26.8 - https:\/\/yoast.com\/product\/yoast-seo-wordpress\/ -->\n<title>PLASTIC ENGRAVING - Montreal Stencil<\/title>\n<meta name=\"description\" content=\"Customize plastic surfaces with precision engraving from Montreal Stencil. Versatile solutions for labeling and signage needs.\" \/>\n<meta name=\"robots\" content=\"index, follow, max-snippet:-1, max-image-preview:large, max-video-preview:-1\" \/>\n<link rel=\"canonical\" href=\"https:\/\/montrealstencil.com\/en\/product\/plastic-engraving\/\" \/>\n<meta property=\"og:locale\" content=\"en_US\" \/>\n<meta property=\"og:type\" content=\"article\" \/>\n<meta property=\"og:title\" content=\"PLASTIC ENGRAVING - Montreal Stencil\" \/>\n<meta property=\"og:description\" content=\"Customize plastic surfaces with precision engraving from Montreal Stencil. Versatile solutions for labeling and signage needs.\" \/>\n<meta property=\"og:url\" content=\"https:\/\/montrealstencil.com\/en\/product\/plastic-engraving\/\" \/>\n<meta property=\"og:site_name\" content=\"Montreal Stencil\" \/>\n<meta property=\"article:publisher\" content=\"https:\/\/www.facebook.com\/montrealstencil\" \/>\n<meta property=\"article:modified_time\" content=\"2025-11-05T19:21:29+00:00\" \/>\n<meta property=\"og:image\" content=\"https:\/\/montrealstencil.com\/wp-content\/uploads\/2018\/11\/engraved-plastig-tags-group.jpg\" \/>\n\t<meta property=\"og:image:width\" content=\"520\" \/>\n\t<meta property=\"og:image:height\" content=\"355\" \/>\n\t<meta property=\"og:image:type\" content=\"image\/jpeg\" \/>\n<meta name=\"twitter:card\" content=\"summary_large_image\" \/>\n<meta name=\"twitter:label1\" content=\"Est. reading time\" \/>\n\t<meta name=\"twitter:data1\" content=\"1 minute\" \/>\n<script type=\"application\/ld+json\" class=\"yoast-schema-graph\">{\"@context\":\"https:\/\/schema.org\",\"@graph\":[{\"@type\":\"WebPage\",\"@id\":\"https:\/\/montrealstencil.com\/en\/product\/plastic-engraving\/\",\"url\":\"https:\/\/montrealstencil.com\/en\/product\/plastic-engraving\/\",\"name\":\"PLASTIC ENGRAVING - Montreal Stencil\",\"isPartOf\":{\"@id\":\"https:\/\/montrealstencil.com\/#website\"},\"primaryImageOfPage\":{\"@id\":\"https:\/\/montrealstencil.com\/en\/product\/plastic-engraving\/#primaryimage\"},\"image\":{\"@id\":\"https:\/\/montrealstencil.com\/en\/product\/plastic-engraving\/#primaryimage\"},\"thumbnailUrl\":\"https:\/\/montrealstencil.com\/wp-content\/uploads\/2018\/11\/engraved-plastig-tags-group.jpg\",\"datePublished\":\"2018-11-01T18:07:20+00:00\",\"dateModified\":\"2025-11-05T19:21:29+00:00\",\"description\":\"Customize plastic surfaces with precision engraving from Montreal Stencil. Versatile solutions for labeling and signage needs.\",\"breadcrumb\":{\"@id\":\"https:\/\/montrealstencil.com\/en\/product\/plastic-engraving\/#breadcrumb\"},\"inLanguage\":\"en-CA\",\"potentialAction\":[{\"@type\":\"ReadAction\",\"target\":[\"https:\/\/montrealstencil.com\/en\/product\/plastic-engraving\/\"]}]},{\"@type\":\"ImageObject\",\"inLanguage\":\"en-CA\",\"@id\":\"https:\/\/montrealstencil.com\/en\/product\/plastic-engraving\/#primaryimage\",\"url\":\"https:\/\/montrealstencil.com\/wp-content\/uploads\/2018\/11\/engraved-plastig-tags-group.jpg\",\"contentUrl\":\"https:\/\/montrealstencil.com\/wp-content\/uploads\/2018\/11\/engraved-plastig-tags-group.jpg\",\"width\":520,\"height\":355},{\"@type\":\"BreadcrumbList\",\"@id\":\"https:\/\/montrealstencil.com\/en\/product\/plastic-engraving\/#breadcrumb\",\"itemListElement\":[{\"@type\":\"ListItem\",\"position\":1,\"name\":\"Home\",\"item\":\"https:\/\/montrealstencil.com\/en\/\"},{\"@type\":\"ListItem\",\"position\":2,\"name\":\"Produits\",\"item\":\"https:\/\/montrealstencil.com\/boutique\/\"},{\"@type\":\"ListItem\",\"position\":3,\"name\":\"PLASTIC ENGRAVING\"}]},{\"@type\":\"WebSite\",\"@id\":\"https:\/\/montrealstencil.com\/#website\",\"url\":\"https:\/\/montrealstencil.com\/\",\"name\":\"Montreal Stencil\",\"description\":\"\u00c9tampes, plaques, pochoirs stencils et \u00e9tiquettes personnalis\u00e9es \u00e0 Montr\u00e9al\",\"potentialAction\":[{\"@type\":\"SearchAction\",\"target\":{\"@type\":\"EntryPoint\",\"urlTemplate\":\"https:\/\/montrealstencil.com\/?s={search_term_string}\"},\"query-input\":{\"@type\":\"PropertyValueSpecification\",\"valueRequired\":true,\"valueName\":\"search_term_string\"}}],\"inLanguage\":\"en-CA\"}]}<\/script>\n<!-- \/ Yoast SEO plugin. -->","yoast_head_json":{"title":"PLASTIC ENGRAVING - Montreal Stencil","description":"Customize plastic surfaces with precision engraving from Montreal Stencil. Versatile solutions for labeling and signage needs.","robots":{"index":"index","follow":"follow","max-snippet":"max-snippet:-1","max-image-preview":"max-image-preview:large","max-video-preview":"max-video-preview:-1"},"canonical":"https:\/\/montrealstencil.com\/en\/product\/plastic-engraving\/","og_locale":"en_US","og_type":"article","og_title":"PLASTIC ENGRAVING - Montreal Stencil","og_description":"Customize plastic surfaces with precision engraving from Montreal Stencil. Versatile solutions for labeling and signage needs.","og_url":"https:\/\/montrealstencil.com\/en\/product\/plastic-engraving\/","og_site_name":"Montreal Stencil","article_publisher":"https:\/\/www.facebook.com\/montrealstencil","article_modified_time":"2025-11-05T19:21:29+00:00","og_image":[{"width":520,"height":355,"url":"https:\/\/montrealstencil.com\/wp-content\/uploads\/2018\/11\/engraved-plastig-tags-group.jpg","type":"image\/jpeg"}],"twitter_card":"summary_large_image","twitter_misc":{"Est. reading time":"1 minute"},"schema":{"@context":"https:\/\/schema.org","@graph":[{"@type":"WebPage","@id":"https:\/\/montrealstencil.com\/en\/product\/plastic-engraving\/","url":"https:\/\/montrealstencil.com\/en\/product\/plastic-engraving\/","name":"PLASTIC ENGRAVING - Montreal Stencil","isPartOf":{"@id":"https:\/\/montrealstencil.com\/#website"},"primaryImageOfPage":{"@id":"https:\/\/montrealstencil.com\/en\/product\/plastic-engraving\/#primaryimage"},"image":{"@id":"https:\/\/montrealstencil.com\/en\/product\/plastic-engraving\/#primaryimage"},"thumbnailUrl":"https:\/\/montrealstencil.com\/wp-content\/uploads\/2018\/11\/engraved-plastig-tags-group.jpg","datePublished":"2018-11-01T18:07:20+00:00","dateModified":"2025-11-05T19:21:29+00:00","description":"Customize plastic surfaces with precision engraving from Montreal Stencil. Versatile solutions for labeling and signage needs.","breadcrumb":{"@id":"https:\/\/montrealstencil.com\/en\/product\/plastic-engraving\/#breadcrumb"},"inLanguage":"en-CA","potentialAction":[{"@type":"ReadAction","target":["https:\/\/montrealstencil.com\/en\/product\/plastic-engraving\/"]}]},{"@type":"ImageObject","inLanguage":"en-CA","@id":"https:\/\/montrealstencil.com\/en\/product\/plastic-engraving\/#primaryimage","url":"https:\/\/montrealstencil.com\/wp-content\/uploads\/2018\/11\/engraved-plastig-tags-group.jpg","contentUrl":"https:\/\/montrealstencil.com\/wp-content\/uploads\/2018\/11\/engraved-plastig-tags-group.jpg","width":520,"height":355},{"@type":"BreadcrumbList","@id":"https:\/\/montrealstencil.com\/en\/product\/plastic-engraving\/#breadcrumb","itemListElement":[{"@type":"ListItem","position":1,"name":"Home","item":"https:\/\/montrealstencil.com\/en\/"},{"@type":"ListItem","position":2,"name":"Produits","item":"https:\/\/montrealstencil.com\/boutique\/"},{"@type":"ListItem","position":3,"name":"PLASTIC ENGRAVING"}]},{"@type":"WebSite","@id":"https:\/\/montrealstencil.com\/#website","url":"https:\/\/montrealstencil.com\/","name":"Montreal Stencil","description":"\u00c9tampes, plaques, pochoirs stencils et \u00e9tiquettes personnalis\u00e9es \u00e0 Montr\u00e9al","potentialAction":[{"@type":"SearchAction","target":{"@type":"EntryPoint","urlTemplate":"https:\/\/montrealstencil.com\/?s={search_term_string}"},"query-input":{"@type":"PropertyValueSpecification","valueRequired":true,"valueName":"search_term_string"}}],"inLanguage":"en-CA"}]}},"_links":{"self":[{"href":"https:\/\/montrealstencil.com\/en\/wp-json\/wp\/v2\/product\/4763","targetHints":{"allow":["GET"]}}],"collection":[{"href":"https:\/\/montrealstencil.com\/en\/wp-json\/wp\/v2\/product"}],"about":[{"href":"https:\/\/montrealstencil.com\/en\/wp-json\/wp\/v2\/types\/product"}],"wp:featuredmedia":[{"embeddable":true,"href":"https:\/\/montrealstencil.com\/en\/wp-json\/wp\/v2\/media\/4491"}],"wp:attachment":[{"href":"https:\/\/montrealstencil.com\/en\/wp-json\/wp\/v2\/media?parent=4763"}],"wp:term":[{"taxonomy":"product_cat","embeddable":true,"href":"https:\/\/montrealstencil.com\/en\/wp-json\/wp\/v2\/product_cat?post=4763"},{"taxonomy":"product_mat","embeddable":true,"href":"https:\/\/montrealstencil.com\/en\/wp-json\/wp\/v2\/product_mat?post=4763"}],"curies":[{"name":"wp","href":"https:\/\/api.w.org\/{rel}","templated":true}]}}