{"id":4762,"date":"2018-11-15T18:02:33","date_gmt":"2018-11-01T18:02:33","guid":{"rendered":"http:\/\/montreal-stencil.arkhame-web.com\/produit\/gravure-par-laser-des-codes-a-barres-et-des-qr\/"},"modified":"2025-11-05T19:24:22","modified_gmt":"2025-11-05T19:24:22","slug":"laser-engraved-barcodes-and-qr-codes","status":"publish","type":"product","link":"https:\/\/montrealstencil.com\/en\/product\/laser-engraved-barcodes-and-qr-codes\/","title":{"rendered":"LASER ENGRAVED BARCODES AND QR CODES"},"content":{"rendered":"","protected":false},"excerpt":{"rendered":"<p>We can engrave barcodes and 2D Data Matrix codes (QR codes) on different materials using laser engraving technology. Using specialised software we generate barcodes in multiple languages or create QR or 2D data matrix codes which we can then laser engrave onto different metals and plastics. Submit your codes to us in spreadsheet format and we will program the software to input your data and create the proper codes.<\/p>\n","protected":false},"featured_media":4713,"template":"","meta":{"_acf_changed":false},"product_cat":[270],"product_mat":[325],"class_list":["post-4762","product","type-product","status-publish","has-post-thumbnail","hentry","product_cat-engraving","product_mat-stainless-steel"],"acf":[],"yoast_head":"<!-- This site is optimized with the Yoast SEO plugin v27.4 - https:\/\/yoast.com\/product\/yoast-seo-wordpress\/ -->\n<title>LASER ENGRAVED BARCODES AND QR CODES - Montreal Stencil<\/title>\n<meta name=\"description\" content=\"Ensure efficient tracking with laser-engraved barcodes and QR codes from Montreal Stencil. Precise and reliable solutions for product identification.\" \/>\n<meta name=\"robots\" content=\"index, follow, max-snippet:-1, max-image-preview:large, max-video-preview:-1\" \/>\n<link rel=\"canonical\" href=\"https:\/\/montrealstencil.com\/en\/product\/laser-engraved-barcodes-and-qr-codes\/\" \/>\n<meta property=\"og:locale\" content=\"en_US\" \/>\n<meta property=\"og:type\" content=\"article\" \/>\n<meta property=\"og:title\" content=\"LASER ENGRAVED BARCODES AND QR CODES - Montreal Stencil\" \/>\n<meta property=\"og:description\" content=\"Ensure efficient tracking with laser-engraved barcodes and QR codes from Montreal Stencil. Precise and reliable solutions for product identification.\" \/>\n<meta property=\"og:url\" content=\"https:\/\/montrealstencil.com\/en\/product\/laser-engraved-barcodes-and-qr-codes\/\" \/>\n<meta property=\"og:site_name\" content=\"Montreal Stencil\" \/>\n<meta property=\"article:publisher\" content=\"https:\/\/www.facebook.com\/montrealstencil\" \/>\n<meta property=\"article:modified_time\" content=\"2025-11-05T19:24:22+00:00\" \/>\n<meta property=\"og:image\" content=\"https:\/\/montrealstencil.com\/wp-content\/uploads\/2018\/11\/metalphoto-barcode-2-1.jpg\" \/>\n\t<meta property=\"og:image:width\" content=\"520\" \/>\n\t<meta property=\"og:image:height\" content=\"355\" \/>\n\t<meta property=\"og:image:type\" content=\"image\/jpeg\" \/>\n<meta name=\"twitter:card\" content=\"summary_large_image\" \/>\n<meta name=\"twitter:label1\" content=\"Est. reading time\" \/>\n\t<meta name=\"twitter:data1\" content=\"1 minute\" \/>\n<script type=\"application\/ld+json\" class=\"yoast-schema-graph\">{\"@context\":\"https:\\\/\\\/schema.org\",\"@graph\":[{\"@type\":\"WebPage\",\"@id\":\"https:\\\/\\\/montrealstencil.com\\\/en\\\/product\\\/laser-engraved-barcodes-and-qr-codes\\\/\",\"url\":\"https:\\\/\\\/montrealstencil.com\\\/en\\\/product\\\/laser-engraved-barcodes-and-qr-codes\\\/\",\"name\":\"LASER ENGRAVED BARCODES AND QR CODES - Montreal Stencil\",\"isPartOf\":{\"@id\":\"https:\\\/\\\/montrealstencil.com\\\/#website\"},\"primaryImageOfPage\":{\"@id\":\"https:\\\/\\\/montrealstencil.com\\\/en\\\/product\\\/laser-engraved-barcodes-and-qr-codes\\\/#primaryimage\"},\"image\":{\"@id\":\"https:\\\/\\\/montrealstencil.com\\\/en\\\/product\\\/laser-engraved-barcodes-and-qr-codes\\\/#primaryimage\"},\"thumbnailUrl\":\"https:\\\/\\\/montrealstencil.com\\\/wp-content\\\/uploads\\\/2018\\\/11\\\/metalphoto-barcode-2-1.jpg\",\"datePublished\":\"2018-11-01T18:02:33+00:00\",\"dateModified\":\"2025-11-05T19:24:22+00:00\",\"description\":\"Ensure efficient tracking with laser-engraved barcodes and QR codes from Montreal Stencil. Precise and reliable solutions for product identification.\",\"breadcrumb\":{\"@id\":\"https:\\\/\\\/montrealstencil.com\\\/en\\\/product\\\/laser-engraved-barcodes-and-qr-codes\\\/#breadcrumb\"},\"inLanguage\":\"en-CA\",\"potentialAction\":[{\"@type\":\"ReadAction\",\"target\":[\"https:\\\/\\\/montrealstencil.com\\\/en\\\/product\\\/laser-engraved-barcodes-and-qr-codes\\\/\"]}]},{\"@type\":\"ImageObject\",\"inLanguage\":\"en-CA\",\"@id\":\"https:\\\/\\\/montrealstencil.com\\\/en\\\/product\\\/laser-engraved-barcodes-and-qr-codes\\\/#primaryimage\",\"url\":\"https:\\\/\\\/montrealstencil.com\\\/wp-content\\\/uploads\\\/2018\\\/11\\\/metalphoto-barcode-2-1.jpg\",\"contentUrl\":\"https:\\\/\\\/montrealstencil.com\\\/wp-content\\\/uploads\\\/2018\\\/11\\\/metalphoto-barcode-2-1.jpg\",\"width\":520,\"height\":355},{\"@type\":\"BreadcrumbList\",\"@id\":\"https:\\\/\\\/montrealstencil.com\\\/en\\\/product\\\/laser-engraved-barcodes-and-qr-codes\\\/#breadcrumb\",\"itemListElement\":[{\"@type\":\"ListItem\",\"position\":1,\"name\":\"Home\",\"item\":\"https:\\\/\\\/montrealstencil.com\\\/en\\\/\"},{\"@type\":\"ListItem\",\"position\":2,\"name\":\"Produits\",\"item\":\"https:\\\/\\\/montrealstencil.com\\\/boutique\\\/\"},{\"@type\":\"ListItem\",\"position\":3,\"name\":\"LASER ENGRAVED BARCODES AND QR CODES\"}]},{\"@type\":\"WebSite\",\"@id\":\"https:\\\/\\\/montrealstencil.com\\\/#website\",\"url\":\"https:\\\/\\\/montrealstencil.com\\\/\",\"name\":\"Montreal Stencil\",\"description\":\"\u00c9tampes, plaques, pochoirs stencils et \u00e9tiquettes personnalis\u00e9es \u00e0 Montr\u00e9al\",\"potentialAction\":[{\"@type\":\"SearchAction\",\"target\":{\"@type\":\"EntryPoint\",\"urlTemplate\":\"https:\\\/\\\/montrealstencil.com\\\/?s={search_term_string}\"},\"query-input\":{\"@type\":\"PropertyValueSpecification\",\"valueRequired\":true,\"valueName\":\"search_term_string\"}}],\"inLanguage\":\"en-CA\"}]}<\/script>\n<!-- \/ Yoast SEO plugin. -->","yoast_head_json":{"title":"LASER ENGRAVED BARCODES AND QR CODES - Montreal Stencil","description":"Ensure efficient tracking with laser-engraved barcodes and QR codes from Montreal Stencil. Precise and reliable solutions for product identification.","robots":{"index":"index","follow":"follow","max-snippet":"max-snippet:-1","max-image-preview":"max-image-preview:large","max-video-preview":"max-video-preview:-1"},"canonical":"https:\/\/montrealstencil.com\/en\/product\/laser-engraved-barcodes-and-qr-codes\/","og_locale":"en_US","og_type":"article","og_title":"LASER ENGRAVED BARCODES AND QR CODES - Montreal Stencil","og_description":"Ensure efficient tracking with laser-engraved barcodes and QR codes from Montreal Stencil. Precise and reliable solutions for product identification.","og_url":"https:\/\/montrealstencil.com\/en\/product\/laser-engraved-barcodes-and-qr-codes\/","og_site_name":"Montreal Stencil","article_publisher":"https:\/\/www.facebook.com\/montrealstencil","article_modified_time":"2025-11-05T19:24:22+00:00","og_image":[{"width":520,"height":355,"url":"https:\/\/montrealstencil.com\/wp-content\/uploads\/2018\/11\/metalphoto-barcode-2-1.jpg","type":"image\/jpeg"}],"twitter_card":"summary_large_image","twitter_misc":{"Est. reading time":"1 minute"},"schema":{"@context":"https:\/\/schema.org","@graph":[{"@type":"WebPage","@id":"https:\/\/montrealstencil.com\/en\/product\/laser-engraved-barcodes-and-qr-codes\/","url":"https:\/\/montrealstencil.com\/en\/product\/laser-engraved-barcodes-and-qr-codes\/","name":"LASER ENGRAVED BARCODES AND QR CODES - Montreal Stencil","isPartOf":{"@id":"https:\/\/montrealstencil.com\/#website"},"primaryImageOfPage":{"@id":"https:\/\/montrealstencil.com\/en\/product\/laser-engraved-barcodes-and-qr-codes\/#primaryimage"},"image":{"@id":"https:\/\/montrealstencil.com\/en\/product\/laser-engraved-barcodes-and-qr-codes\/#primaryimage"},"thumbnailUrl":"https:\/\/montrealstencil.com\/wp-content\/uploads\/2018\/11\/metalphoto-barcode-2-1.jpg","datePublished":"2018-11-01T18:02:33+00:00","dateModified":"2025-11-05T19:24:22+00:00","description":"Ensure efficient tracking with laser-engraved barcodes and QR codes from Montreal Stencil. Precise and reliable solutions for product identification.","breadcrumb":{"@id":"https:\/\/montrealstencil.com\/en\/product\/laser-engraved-barcodes-and-qr-codes\/#breadcrumb"},"inLanguage":"en-CA","potentialAction":[{"@type":"ReadAction","target":["https:\/\/montrealstencil.com\/en\/product\/laser-engraved-barcodes-and-qr-codes\/"]}]},{"@type":"ImageObject","inLanguage":"en-CA","@id":"https:\/\/montrealstencil.com\/en\/product\/laser-engraved-barcodes-and-qr-codes\/#primaryimage","url":"https:\/\/montrealstencil.com\/wp-content\/uploads\/2018\/11\/metalphoto-barcode-2-1.jpg","contentUrl":"https:\/\/montrealstencil.com\/wp-content\/uploads\/2018\/11\/metalphoto-barcode-2-1.jpg","width":520,"height":355},{"@type":"BreadcrumbList","@id":"https:\/\/montrealstencil.com\/en\/product\/laser-engraved-barcodes-and-qr-codes\/#breadcrumb","itemListElement":[{"@type":"ListItem","position":1,"name":"Home","item":"https:\/\/montrealstencil.com\/en\/"},{"@type":"ListItem","position":2,"name":"Produits","item":"https:\/\/montrealstencil.com\/boutique\/"},{"@type":"ListItem","position":3,"name":"LASER ENGRAVED BARCODES AND QR CODES"}]},{"@type":"WebSite","@id":"https:\/\/montrealstencil.com\/#website","url":"https:\/\/montrealstencil.com\/","name":"Montreal Stencil","description":"\u00c9tampes, plaques, pochoirs stencils et \u00e9tiquettes personnalis\u00e9es \u00e0 Montr\u00e9al","potentialAction":[{"@type":"SearchAction","target":{"@type":"EntryPoint","urlTemplate":"https:\/\/montrealstencil.com\/?s={search_term_string}"},"query-input":{"@type":"PropertyValueSpecification","valueRequired":true,"valueName":"search_term_string"}}],"inLanguage":"en-CA"}]}},"_links":{"self":[{"href":"https:\/\/montrealstencil.com\/en\/wp-json\/wp\/v2\/product\/4762","targetHints":{"allow":["GET"]}}],"collection":[{"href":"https:\/\/montrealstencil.com\/en\/wp-json\/wp\/v2\/product"}],"about":[{"href":"https:\/\/montrealstencil.com\/en\/wp-json\/wp\/v2\/types\/product"}],"wp:featuredmedia":[{"embeddable":true,"href":"https:\/\/montrealstencil.com\/en\/wp-json\/wp\/v2\/media\/4713"}],"wp:attachment":[{"href":"https:\/\/montrealstencil.com\/en\/wp-json\/wp\/v2\/media?parent=4762"}],"wp:term":[{"taxonomy":"product_cat","embeddable":true,"href":"https:\/\/montrealstencil.com\/en\/wp-json\/wp\/v2\/product_cat?post=4762"},{"taxonomy":"product_mat","embeddable":true,"href":"https:\/\/montrealstencil.com\/en\/wp-json\/wp\/v2\/product_mat?post=4762"}],"curies":[{"name":"wp","href":"https:\/\/api.w.org\/{rel}","templated":true}]}}