{"id":4760,"date":"2018-11-17T17:57:17","date_gmt":"2018-11-01T17:57:17","guid":{"rendered":"http:\/\/montreal-stencil.arkhame-web.com\/produit\/poincons\/"},"modified":"2025-11-05T19:05:04","modified_gmt":"2025-11-05T19:05:04","slug":"poincons","status":"publish","type":"product","link":"https:\/\/montrealstencil.com\/en\/product\/poincons\/","title":{"rendered":"PUNCHES"},"content":{"rendered":"","protected":false},"excerpt":{"rendered":"<p>When you need to make a permanent mark in metal, wood, plastic or leather a steel stamp from Montreal Stencil is an effective tool. We distribute the Pryor brand of stock steel hand punches and steel type. These are excellent for marking codes on metal parts, for punching serial numbers on equipment tags or for use as inspection stamps. These steel hand punches are available in standard and low stress form. Low stress stamps are specially engineered for use in industries like aerospace or gas where reduced stress marking is required. We can also custom manufacture your punch for you with a text or a logo.<\/p>\n","protected":false},"featured_media":4460,"template":"","meta":{"_acf_changed":false},"product_cat":[270],"product_mat":[],"class_list":["post-4760","product","type-product","status-publish","has-post-thumbnail","hentry","product_cat-engraving"],"acf":[],"yoast_head":"<!-- This site is optimized with the Yoast SEO plugin v26.8 - https:\/\/yoast.com\/product\/yoast-seo-wordpress\/ -->\n<title>PUNCHES - Montreal Stencil<\/title>\n<meta name=\"description\" content=\"Create distinctive marks with punches from Montreal Stencil. Durable and precise tools for marking a variety of materials.\" \/>\n<meta name=\"robots\" content=\"index, follow, max-snippet:-1, max-image-preview:large, max-video-preview:-1\" \/>\n<link rel=\"canonical\" href=\"https:\/\/montrealstencil.com\/en\/product\/poincons\/\" \/>\n<meta property=\"og:locale\" content=\"en_US\" \/>\n<meta property=\"og:type\" content=\"article\" \/>\n<meta property=\"og:title\" content=\"PUNCHES - Montreal Stencil\" \/>\n<meta property=\"og:description\" content=\"Create distinctive marks with punches from Montreal Stencil. Durable and precise tools for marking a variety of materials.\" \/>\n<meta property=\"og:url\" content=\"https:\/\/montrealstencil.com\/en\/product\/poincons\/\" \/>\n<meta property=\"og:site_name\" content=\"Montreal Stencil\" \/>\n<meta property=\"article:publisher\" content=\"https:\/\/www.facebook.com\/montrealstencil\" \/>\n<meta property=\"article:modified_time\" content=\"2025-11-05T19:05:04+00:00\" \/>\n<meta property=\"og:image\" content=\"https:\/\/montrealstencil.com\/wp-content\/uploads\/2018\/11\/steel-stamps.jpg\" \/>\n\t<meta property=\"og:image:width\" content=\"520\" \/>\n\t<meta property=\"og:image:height\" content=\"355\" \/>\n\t<meta property=\"og:image:type\" content=\"image\/jpeg\" \/>\n<meta name=\"twitter:card\" content=\"summary_large_image\" \/>\n<meta name=\"twitter:label1\" content=\"Est. reading time\" \/>\n\t<meta name=\"twitter:data1\" content=\"1 minute\" \/>\n<script type=\"application\/ld+json\" class=\"yoast-schema-graph\">{\"@context\":\"https:\/\/schema.org\",\"@graph\":[{\"@type\":\"WebPage\",\"@id\":\"https:\/\/montrealstencil.com\/en\/product\/poincons\/\",\"url\":\"https:\/\/montrealstencil.com\/en\/product\/poincons\/\",\"name\":\"PUNCHES - Montreal Stencil\",\"isPartOf\":{\"@id\":\"https:\/\/montrealstencil.com\/#website\"},\"primaryImageOfPage\":{\"@id\":\"https:\/\/montrealstencil.com\/en\/product\/poincons\/#primaryimage\"},\"image\":{\"@id\":\"https:\/\/montrealstencil.com\/en\/product\/poincons\/#primaryimage\"},\"thumbnailUrl\":\"https:\/\/montrealstencil.com\/wp-content\/uploads\/2018\/11\/steel-stamps.jpg\",\"datePublished\":\"2018-11-01T17:57:17+00:00\",\"dateModified\":\"2025-11-05T19:05:04+00:00\",\"description\":\"Create distinctive marks with punches from Montreal Stencil. Durable and precise tools for marking a variety of materials.\",\"breadcrumb\":{\"@id\":\"https:\/\/montrealstencil.com\/en\/product\/poincons\/#breadcrumb\"},\"inLanguage\":\"en-CA\",\"potentialAction\":[{\"@type\":\"ReadAction\",\"target\":[\"https:\/\/montrealstencil.com\/en\/product\/poincons\/\"]}]},{\"@type\":\"ImageObject\",\"inLanguage\":\"en-CA\",\"@id\":\"https:\/\/montrealstencil.com\/en\/product\/poincons\/#primaryimage\",\"url\":\"https:\/\/montrealstencil.com\/wp-content\/uploads\/2018\/11\/steel-stamps.jpg\",\"contentUrl\":\"https:\/\/montrealstencil.com\/wp-content\/uploads\/2018\/11\/steel-stamps.jpg\",\"width\":520,\"height\":355},{\"@type\":\"BreadcrumbList\",\"@id\":\"https:\/\/montrealstencil.com\/en\/product\/poincons\/#breadcrumb\",\"itemListElement\":[{\"@type\":\"ListItem\",\"position\":1,\"name\":\"Home\",\"item\":\"https:\/\/montrealstencil.com\/en\/\"},{\"@type\":\"ListItem\",\"position\":2,\"name\":\"Produits\",\"item\":\"https:\/\/montrealstencil.com\/boutique\/\"},{\"@type\":\"ListItem\",\"position\":3,\"name\":\"PUNCHES\"}]},{\"@type\":\"WebSite\",\"@id\":\"https:\/\/montrealstencil.com\/#website\",\"url\":\"https:\/\/montrealstencil.com\/\",\"name\":\"Montreal Stencil\",\"description\":\"\u00c9tampes, plaques, pochoirs stencils et \u00e9tiquettes personnalis\u00e9es \u00e0 Montr\u00e9al\",\"potentialAction\":[{\"@type\":\"SearchAction\",\"target\":{\"@type\":\"EntryPoint\",\"urlTemplate\":\"https:\/\/montrealstencil.com\/?s={search_term_string}\"},\"query-input\":{\"@type\":\"PropertyValueSpecification\",\"valueRequired\":true,\"valueName\":\"search_term_string\"}}],\"inLanguage\":\"en-CA\"}]}<\/script>\n<!-- \/ Yoast SEO plugin. -->","yoast_head_json":{"title":"PUNCHES - Montreal Stencil","description":"Create distinctive marks with punches from Montreal Stencil. Durable and precise tools for marking a variety of materials.","robots":{"index":"index","follow":"follow","max-snippet":"max-snippet:-1","max-image-preview":"max-image-preview:large","max-video-preview":"max-video-preview:-1"},"canonical":"https:\/\/montrealstencil.com\/en\/product\/poincons\/","og_locale":"en_US","og_type":"article","og_title":"PUNCHES - Montreal Stencil","og_description":"Create distinctive marks with punches from Montreal Stencil. Durable and precise tools for marking a variety of materials.","og_url":"https:\/\/montrealstencil.com\/en\/product\/poincons\/","og_site_name":"Montreal Stencil","article_publisher":"https:\/\/www.facebook.com\/montrealstencil","article_modified_time":"2025-11-05T19:05:04+00:00","og_image":[{"width":520,"height":355,"url":"https:\/\/montrealstencil.com\/wp-content\/uploads\/2018\/11\/steel-stamps.jpg","type":"image\/jpeg"}],"twitter_card":"summary_large_image","twitter_misc":{"Est. reading time":"1 minute"},"schema":{"@context":"https:\/\/schema.org","@graph":[{"@type":"WebPage","@id":"https:\/\/montrealstencil.com\/en\/product\/poincons\/","url":"https:\/\/montrealstencil.com\/en\/product\/poincons\/","name":"PUNCHES - Montreal Stencil","isPartOf":{"@id":"https:\/\/montrealstencil.com\/#website"},"primaryImageOfPage":{"@id":"https:\/\/montrealstencil.com\/en\/product\/poincons\/#primaryimage"},"image":{"@id":"https:\/\/montrealstencil.com\/en\/product\/poincons\/#primaryimage"},"thumbnailUrl":"https:\/\/montrealstencil.com\/wp-content\/uploads\/2018\/11\/steel-stamps.jpg","datePublished":"2018-11-01T17:57:17+00:00","dateModified":"2025-11-05T19:05:04+00:00","description":"Create distinctive marks with punches from Montreal Stencil. Durable and precise tools for marking a variety of materials.","breadcrumb":{"@id":"https:\/\/montrealstencil.com\/en\/product\/poincons\/#breadcrumb"},"inLanguage":"en-CA","potentialAction":[{"@type":"ReadAction","target":["https:\/\/montrealstencil.com\/en\/product\/poincons\/"]}]},{"@type":"ImageObject","inLanguage":"en-CA","@id":"https:\/\/montrealstencil.com\/en\/product\/poincons\/#primaryimage","url":"https:\/\/montrealstencil.com\/wp-content\/uploads\/2018\/11\/steel-stamps.jpg","contentUrl":"https:\/\/montrealstencil.com\/wp-content\/uploads\/2018\/11\/steel-stamps.jpg","width":520,"height":355},{"@type":"BreadcrumbList","@id":"https:\/\/montrealstencil.com\/en\/product\/poincons\/#breadcrumb","itemListElement":[{"@type":"ListItem","position":1,"name":"Home","item":"https:\/\/montrealstencil.com\/en\/"},{"@type":"ListItem","position":2,"name":"Produits","item":"https:\/\/montrealstencil.com\/boutique\/"},{"@type":"ListItem","position":3,"name":"PUNCHES"}]},{"@type":"WebSite","@id":"https:\/\/montrealstencil.com\/#website","url":"https:\/\/montrealstencil.com\/","name":"Montreal Stencil","description":"\u00c9tampes, plaques, pochoirs stencils et \u00e9tiquettes personnalis\u00e9es \u00e0 Montr\u00e9al","potentialAction":[{"@type":"SearchAction","target":{"@type":"EntryPoint","urlTemplate":"https:\/\/montrealstencil.com\/?s={search_term_string}"},"query-input":{"@type":"PropertyValueSpecification","valueRequired":true,"valueName":"search_term_string"}}],"inLanguage":"en-CA"}]}},"_links":{"self":[{"href":"https:\/\/montrealstencil.com\/en\/wp-json\/wp\/v2\/product\/4760","targetHints":{"allow":["GET"]}}],"collection":[{"href":"https:\/\/montrealstencil.com\/en\/wp-json\/wp\/v2\/product"}],"about":[{"href":"https:\/\/montrealstencil.com\/en\/wp-json\/wp\/v2\/types\/product"}],"wp:featuredmedia":[{"embeddable":true,"href":"https:\/\/montrealstencil.com\/en\/wp-json\/wp\/v2\/media\/4460"}],"wp:attachment":[{"href":"https:\/\/montrealstencil.com\/en\/wp-json\/wp\/v2\/media?parent=4760"}],"wp:term":[{"taxonomy":"product_cat","embeddable":true,"href":"https:\/\/montrealstencil.com\/en\/wp-json\/wp\/v2\/product_cat?post=4760"},{"taxonomy":"product_mat","embeddable":true,"href":"https:\/\/montrealstencil.com\/en\/wp-json\/wp\/v2\/product_mat?post=4760"}],"curies":[{"name":"wp","href":"https:\/\/api.w.org\/{rel}","templated":true}]}}