{"id":4758,"date":"2018-11-19T17:52:55","date_gmt":"2018-11-01T17:52:55","guid":{"rendered":"http:\/\/montreal-stencil.arkhame-web.com\/produit\/timbres-metalliques\/"},"modified":"2025-11-05T19:14:23","modified_gmt":"2025-11-05T19:14:23","slug":"steel-stamps","status":"publish","type":"product","link":"https:\/\/montrealstencil.com\/en\/product\/steel-stamps\/","title":{"rendered":"STEEL STAMPS"},"content":{"rendered":"","protected":false},"excerpt":{"rendered":"<p>Montreal Stencil manufactures custom steel stamps with your text and logo using our computerised engraving and CNC tables. We can produce the stamp impression area and the stamp shank dimensions to your specifications for use in your industrial stamping equipment. We will harden your steel stamp to the correct Rockwell hardness for the material you are stamping into.<\/p>\n","protected":false},"featured_media":4447,"template":"","meta":{"_acf_changed":false},"product_cat":[270],"product_mat":[325],"class_list":["post-4758","product","type-product","status-publish","has-post-thumbnail","hentry","product_cat-engraving","product_mat-stainless-steel"],"acf":[],"yoast_head":"<!-- This site is optimized with the Yoast SEO plugin v26.8 - https:\/\/yoast.com\/product\/yoast-seo-wordpress\/ -->\n<title>STEEL STAMPS - Montreal Stencil<\/title>\n<meta name=\"description\" content=\"Leave a lasting impression with steel stamps from Montreal Stencil. Durable and customizable solutions for industrial marking needs.\" \/>\n<meta name=\"robots\" content=\"index, follow, max-snippet:-1, max-image-preview:large, max-video-preview:-1\" \/>\n<link rel=\"canonical\" href=\"https:\/\/montrealstencil.com\/en\/product\/steel-stamps\/\" \/>\n<meta property=\"og:locale\" content=\"en_US\" \/>\n<meta property=\"og:type\" content=\"article\" \/>\n<meta property=\"og:title\" content=\"STEEL STAMPS - Montreal Stencil\" \/>\n<meta property=\"og:description\" content=\"Leave a lasting impression with steel stamps from Montreal Stencil. Durable and customizable solutions for industrial marking needs.\" \/>\n<meta property=\"og:url\" content=\"https:\/\/montrealstencil.com\/en\/product\/steel-stamps\/\" \/>\n<meta property=\"og:site_name\" content=\"Montreal Stencil\" \/>\n<meta property=\"article:publisher\" content=\"https:\/\/www.facebook.com\/montrealstencil\" \/>\n<meta property=\"article:modified_time\" content=\"2025-11-05T19:14:23+00:00\" \/>\n<meta property=\"og:image\" content=\"https:\/\/montrealstencil.com\/wp-content\/uploads\/2018\/11\/engraved-steel-stamps.jpg\" \/>\n\t<meta property=\"og:image:width\" content=\"520\" \/>\n\t<meta property=\"og:image:height\" content=\"355\" \/>\n\t<meta property=\"og:image:type\" content=\"image\/jpeg\" \/>\n<meta name=\"twitter:card\" content=\"summary_large_image\" \/>\n<meta name=\"twitter:label1\" content=\"Est. reading time\" \/>\n\t<meta name=\"twitter:data1\" content=\"1 minute\" \/>\n<script type=\"application\/ld+json\" class=\"yoast-schema-graph\">{\"@context\":\"https:\/\/schema.org\",\"@graph\":[{\"@type\":\"WebPage\",\"@id\":\"https:\/\/montrealstencil.com\/en\/product\/steel-stamps\/\",\"url\":\"https:\/\/montrealstencil.com\/en\/product\/steel-stamps\/\",\"name\":\"STEEL STAMPS - Montreal Stencil\",\"isPartOf\":{\"@id\":\"https:\/\/montrealstencil.com\/#website\"},\"primaryImageOfPage\":{\"@id\":\"https:\/\/montrealstencil.com\/en\/product\/steel-stamps\/#primaryimage\"},\"image\":{\"@id\":\"https:\/\/montrealstencil.com\/en\/product\/steel-stamps\/#primaryimage\"},\"thumbnailUrl\":\"https:\/\/montrealstencil.com\/wp-content\/uploads\/2018\/11\/engraved-steel-stamps.jpg\",\"datePublished\":\"2018-11-01T17:52:55+00:00\",\"dateModified\":\"2025-11-05T19:14:23+00:00\",\"description\":\"Leave a lasting impression with steel stamps from Montreal Stencil. Durable and customizable solutions for industrial marking needs.\",\"breadcrumb\":{\"@id\":\"https:\/\/montrealstencil.com\/en\/product\/steel-stamps\/#breadcrumb\"},\"inLanguage\":\"en-CA\",\"potentialAction\":[{\"@type\":\"ReadAction\",\"target\":[\"https:\/\/montrealstencil.com\/en\/product\/steel-stamps\/\"]}]},{\"@type\":\"ImageObject\",\"inLanguage\":\"en-CA\",\"@id\":\"https:\/\/montrealstencil.com\/en\/product\/steel-stamps\/#primaryimage\",\"url\":\"https:\/\/montrealstencil.com\/wp-content\/uploads\/2018\/11\/engraved-steel-stamps.jpg\",\"contentUrl\":\"https:\/\/montrealstencil.com\/wp-content\/uploads\/2018\/11\/engraved-steel-stamps.jpg\",\"width\":520,\"height\":355},{\"@type\":\"BreadcrumbList\",\"@id\":\"https:\/\/montrealstencil.com\/en\/product\/steel-stamps\/#breadcrumb\",\"itemListElement\":[{\"@type\":\"ListItem\",\"position\":1,\"name\":\"Home\",\"item\":\"https:\/\/montrealstencil.com\/en\/\"},{\"@type\":\"ListItem\",\"position\":2,\"name\":\"Produits\",\"item\":\"https:\/\/montrealstencil.com\/boutique\/\"},{\"@type\":\"ListItem\",\"position\":3,\"name\":\"STEEL STAMPS\"}]},{\"@type\":\"WebSite\",\"@id\":\"https:\/\/montrealstencil.com\/#website\",\"url\":\"https:\/\/montrealstencil.com\/\",\"name\":\"Montreal Stencil\",\"description\":\"\u00c9tampes, plaques, pochoirs stencils et \u00e9tiquettes personnalis\u00e9es \u00e0 Montr\u00e9al\",\"potentialAction\":[{\"@type\":\"SearchAction\",\"target\":{\"@type\":\"EntryPoint\",\"urlTemplate\":\"https:\/\/montrealstencil.com\/?s={search_term_string}\"},\"query-input\":{\"@type\":\"PropertyValueSpecification\",\"valueRequired\":true,\"valueName\":\"search_term_string\"}}],\"inLanguage\":\"en-CA\"}]}<\/script>\n<!-- \/ Yoast SEO plugin. -->","yoast_head_json":{"title":"STEEL STAMPS - Montreal Stencil","description":"Leave a lasting impression with steel stamps from Montreal Stencil. Durable and customizable solutions for industrial marking needs.","robots":{"index":"index","follow":"follow","max-snippet":"max-snippet:-1","max-image-preview":"max-image-preview:large","max-video-preview":"max-video-preview:-1"},"canonical":"https:\/\/montrealstencil.com\/en\/product\/steel-stamps\/","og_locale":"en_US","og_type":"article","og_title":"STEEL STAMPS - Montreal Stencil","og_description":"Leave a lasting impression with steel stamps from Montreal Stencil. Durable and customizable solutions for industrial marking needs.","og_url":"https:\/\/montrealstencil.com\/en\/product\/steel-stamps\/","og_site_name":"Montreal Stencil","article_publisher":"https:\/\/www.facebook.com\/montrealstencil","article_modified_time":"2025-11-05T19:14:23+00:00","og_image":[{"width":520,"height":355,"url":"https:\/\/montrealstencil.com\/wp-content\/uploads\/2018\/11\/engraved-steel-stamps.jpg","type":"image\/jpeg"}],"twitter_card":"summary_large_image","twitter_misc":{"Est. reading time":"1 minute"},"schema":{"@context":"https:\/\/schema.org","@graph":[{"@type":"WebPage","@id":"https:\/\/montrealstencil.com\/en\/product\/steel-stamps\/","url":"https:\/\/montrealstencil.com\/en\/product\/steel-stamps\/","name":"STEEL STAMPS - Montreal Stencil","isPartOf":{"@id":"https:\/\/montrealstencil.com\/#website"},"primaryImageOfPage":{"@id":"https:\/\/montrealstencil.com\/en\/product\/steel-stamps\/#primaryimage"},"image":{"@id":"https:\/\/montrealstencil.com\/en\/product\/steel-stamps\/#primaryimage"},"thumbnailUrl":"https:\/\/montrealstencil.com\/wp-content\/uploads\/2018\/11\/engraved-steel-stamps.jpg","datePublished":"2018-11-01T17:52:55+00:00","dateModified":"2025-11-05T19:14:23+00:00","description":"Leave a lasting impression with steel stamps from Montreal Stencil. Durable and customizable solutions for industrial marking needs.","breadcrumb":{"@id":"https:\/\/montrealstencil.com\/en\/product\/steel-stamps\/#breadcrumb"},"inLanguage":"en-CA","potentialAction":[{"@type":"ReadAction","target":["https:\/\/montrealstencil.com\/en\/product\/steel-stamps\/"]}]},{"@type":"ImageObject","inLanguage":"en-CA","@id":"https:\/\/montrealstencil.com\/en\/product\/steel-stamps\/#primaryimage","url":"https:\/\/montrealstencil.com\/wp-content\/uploads\/2018\/11\/engraved-steel-stamps.jpg","contentUrl":"https:\/\/montrealstencil.com\/wp-content\/uploads\/2018\/11\/engraved-steel-stamps.jpg","width":520,"height":355},{"@type":"BreadcrumbList","@id":"https:\/\/montrealstencil.com\/en\/product\/steel-stamps\/#breadcrumb","itemListElement":[{"@type":"ListItem","position":1,"name":"Home","item":"https:\/\/montrealstencil.com\/en\/"},{"@type":"ListItem","position":2,"name":"Produits","item":"https:\/\/montrealstencil.com\/boutique\/"},{"@type":"ListItem","position":3,"name":"STEEL STAMPS"}]},{"@type":"WebSite","@id":"https:\/\/montrealstencil.com\/#website","url":"https:\/\/montrealstencil.com\/","name":"Montreal Stencil","description":"\u00c9tampes, plaques, pochoirs stencils et \u00e9tiquettes personnalis\u00e9es \u00e0 Montr\u00e9al","potentialAction":[{"@type":"SearchAction","target":{"@type":"EntryPoint","urlTemplate":"https:\/\/montrealstencil.com\/?s={search_term_string}"},"query-input":{"@type":"PropertyValueSpecification","valueRequired":true,"valueName":"search_term_string"}}],"inLanguage":"en-CA"}]}},"_links":{"self":[{"href":"https:\/\/montrealstencil.com\/en\/wp-json\/wp\/v2\/product\/4758","targetHints":{"allow":["GET"]}}],"collection":[{"href":"https:\/\/montrealstencil.com\/en\/wp-json\/wp\/v2\/product"}],"about":[{"href":"https:\/\/montrealstencil.com\/en\/wp-json\/wp\/v2\/types\/product"}],"wp:featuredmedia":[{"embeddable":true,"href":"https:\/\/montrealstencil.com\/en\/wp-json\/wp\/v2\/media\/4447"}],"wp:attachment":[{"href":"https:\/\/montrealstencil.com\/en\/wp-json\/wp\/v2\/media?parent=4758"}],"wp:term":[{"taxonomy":"product_cat","embeddable":true,"href":"https:\/\/montrealstencil.com\/en\/wp-json\/wp\/v2\/product_cat?post=4758"},{"taxonomy":"product_mat","embeddable":true,"href":"https:\/\/montrealstencil.com\/en\/wp-json\/wp\/v2\/product_mat?post=4758"}],"curies":[{"name":"wp","href":"https:\/\/api.w.org\/{rel}","templated":true}]}}