{"id":4756,"date":"2018-11-25T17:37:16","date_gmt":"2018-11-01T17:37:16","guid":{"rendered":"http:\/\/montreal-stencil.arkhame-web.com\/produit\/panneaux-de-controle-2\/"},"modified":"2025-11-05T18:46:47","modified_gmt":"2025-11-05T18:46:47","slug":"panneaux-de-controle-2","status":"publish","type":"product","link":"https:\/\/montrealstencil.com\/en\/product\/panneaux-de-controle-2\/","title":{"rendered":"OVERLAYS CONTROL PANELS"},"content":{"rendered":"","protected":false},"excerpt":{"rendered":"<p>Using our silkscreen and digital printing presses combined with our fabrication methods we supply finished graphic overlays for control panels. The graphic can be supplied subsurface printed to Lexan or polyester and laminated to a 3M pressure sensitive adhesive for easy mounting. We will pre-fabricate the control panel membranes according to your engineering drawings with the proper windows and holes that precisely align with the buttons, dials, switches and screens of your electronics.<\/p>\n","protected":false},"featured_media":4420,"template":"","meta":{"_acf_changed":false},"product_cat":[271],"product_mat":[319,321],"class_list":["post-4756","product","type-product","status-publish","has-post-thumbnail","hentry","product_cat-stickers-decals","product_mat-petg-en","product_mat-polycarbonate-lexan-en"],"acf":[],"yoast_head":"<!-- This site is optimized with the Yoast SEO plugin v27.4 - https:\/\/yoast.com\/product\/yoast-seo-wordpress\/ -->\n<title>OVERLAYS CONTROL PANELS - Montreal Stencil<\/title>\n<meta name=\"description\" content=\"Enhance control panels with overlays from Montreal Stencil. Custom designs for improved functionality and a polished appearance.\" \/>\n<meta name=\"robots\" content=\"index, follow, max-snippet:-1, max-image-preview:large, max-video-preview:-1\" \/>\n<link rel=\"canonical\" href=\"https:\/\/montrealstencil.com\/en\/product\/panneaux-de-controle-2\/\" \/>\n<meta property=\"og:locale\" content=\"en_US\" \/>\n<meta property=\"og:type\" content=\"article\" \/>\n<meta property=\"og:title\" content=\"OVERLAYS CONTROL PANELS - Montreal Stencil\" \/>\n<meta property=\"og:description\" content=\"Enhance control panels with overlays from Montreal Stencil. Custom designs for improved functionality and a polished appearance.\" \/>\n<meta property=\"og:url\" content=\"https:\/\/montrealstencil.com\/en\/product\/panneaux-de-controle-2\/\" \/>\n<meta property=\"og:site_name\" content=\"Montreal Stencil\" \/>\n<meta property=\"article:publisher\" content=\"https:\/\/www.facebook.com\/montrealstencil\" \/>\n<meta property=\"article:modified_time\" content=\"2025-11-05T18:46:47+00:00\" \/>\n<meta property=\"og:image\" content=\"https:\/\/montrealstencil.com\/wp-content\/uploads\/2018\/11\/img_0884-1.jpg\" \/>\n\t<meta property=\"og:image:width\" content=\"520\" \/>\n\t<meta property=\"og:image:height\" content=\"355\" \/>\n\t<meta property=\"og:image:type\" content=\"image\/jpeg\" \/>\n<meta name=\"twitter:card\" content=\"summary_large_image\" \/>\n<meta name=\"twitter:label1\" content=\"Est. reading time\" \/>\n\t<meta name=\"twitter:data1\" content=\"1 minute\" \/>\n<script type=\"application\/ld+json\" class=\"yoast-schema-graph\">{\"@context\":\"https:\\\/\\\/schema.org\",\"@graph\":[{\"@type\":\"WebPage\",\"@id\":\"https:\\\/\\\/montrealstencil.com\\\/en\\\/product\\\/panneaux-de-controle-2\\\/\",\"url\":\"https:\\\/\\\/montrealstencil.com\\\/en\\\/product\\\/panneaux-de-controle-2\\\/\",\"name\":\"OVERLAYS CONTROL PANELS - Montreal Stencil\",\"isPartOf\":{\"@id\":\"https:\\\/\\\/montrealstencil.com\\\/#website\"},\"primaryImageOfPage\":{\"@id\":\"https:\\\/\\\/montrealstencil.com\\\/en\\\/product\\\/panneaux-de-controle-2\\\/#primaryimage\"},\"image\":{\"@id\":\"https:\\\/\\\/montrealstencil.com\\\/en\\\/product\\\/panneaux-de-controle-2\\\/#primaryimage\"},\"thumbnailUrl\":\"https:\\\/\\\/montrealstencil.com\\\/wp-content\\\/uploads\\\/2018\\\/11\\\/img_0884-1.jpg\",\"datePublished\":\"2018-11-01T17:37:16+00:00\",\"dateModified\":\"2025-11-05T18:46:47+00:00\",\"description\":\"Enhance control panels with overlays from Montreal Stencil. Custom designs for improved functionality and a polished appearance.\",\"breadcrumb\":{\"@id\":\"https:\\\/\\\/montrealstencil.com\\\/en\\\/product\\\/panneaux-de-controle-2\\\/#breadcrumb\"},\"inLanguage\":\"en-CA\",\"potentialAction\":[{\"@type\":\"ReadAction\",\"target\":[\"https:\\\/\\\/montrealstencil.com\\\/en\\\/product\\\/panneaux-de-controle-2\\\/\"]}]},{\"@type\":\"ImageObject\",\"inLanguage\":\"en-CA\",\"@id\":\"https:\\\/\\\/montrealstencil.com\\\/en\\\/product\\\/panneaux-de-controle-2\\\/#primaryimage\",\"url\":\"https:\\\/\\\/montrealstencil.com\\\/wp-content\\\/uploads\\\/2018\\\/11\\\/img_0884-1.jpg\",\"contentUrl\":\"https:\\\/\\\/montrealstencil.com\\\/wp-content\\\/uploads\\\/2018\\\/11\\\/img_0884-1.jpg\",\"width\":520,\"height\":355},{\"@type\":\"BreadcrumbList\",\"@id\":\"https:\\\/\\\/montrealstencil.com\\\/en\\\/product\\\/panneaux-de-controle-2\\\/#breadcrumb\",\"itemListElement\":[{\"@type\":\"ListItem\",\"position\":1,\"name\":\"Home\",\"item\":\"https:\\\/\\\/montrealstencil.com\\\/en\\\/\"},{\"@type\":\"ListItem\",\"position\":2,\"name\":\"Produits\",\"item\":\"https:\\\/\\\/montrealstencil.com\\\/boutique\\\/\"},{\"@type\":\"ListItem\",\"position\":3,\"name\":\"OVERLAYS CONTROL PANELS\"}]},{\"@type\":\"WebSite\",\"@id\":\"https:\\\/\\\/montrealstencil.com\\\/#website\",\"url\":\"https:\\\/\\\/montrealstencil.com\\\/\",\"name\":\"Montreal Stencil\",\"description\":\"\u00c9tampes, plaques, pochoirs stencils et \u00e9tiquettes personnalis\u00e9es \u00e0 Montr\u00e9al\",\"potentialAction\":[{\"@type\":\"SearchAction\",\"target\":{\"@type\":\"EntryPoint\",\"urlTemplate\":\"https:\\\/\\\/montrealstencil.com\\\/?s={search_term_string}\"},\"query-input\":{\"@type\":\"PropertyValueSpecification\",\"valueRequired\":true,\"valueName\":\"search_term_string\"}}],\"inLanguage\":\"en-CA\"}]}<\/script>\n<!-- \/ Yoast SEO plugin. -->","yoast_head_json":{"title":"OVERLAYS CONTROL PANELS - Montreal Stencil","description":"Enhance control panels with overlays from Montreal Stencil. Custom designs for improved functionality and a polished appearance.","robots":{"index":"index","follow":"follow","max-snippet":"max-snippet:-1","max-image-preview":"max-image-preview:large","max-video-preview":"max-video-preview:-1"},"canonical":"https:\/\/montrealstencil.com\/en\/product\/panneaux-de-controle-2\/","og_locale":"en_US","og_type":"article","og_title":"OVERLAYS CONTROL PANELS - Montreal Stencil","og_description":"Enhance control panels with overlays from Montreal Stencil. Custom designs for improved functionality and a polished appearance.","og_url":"https:\/\/montrealstencil.com\/en\/product\/panneaux-de-controle-2\/","og_site_name":"Montreal Stencil","article_publisher":"https:\/\/www.facebook.com\/montrealstencil","article_modified_time":"2025-11-05T18:46:47+00:00","og_image":[{"width":520,"height":355,"url":"https:\/\/montrealstencil.com\/wp-content\/uploads\/2018\/11\/img_0884-1.jpg","type":"image\/jpeg"}],"twitter_card":"summary_large_image","twitter_misc":{"Est. reading time":"1 minute"},"schema":{"@context":"https:\/\/schema.org","@graph":[{"@type":"WebPage","@id":"https:\/\/montrealstencil.com\/en\/product\/panneaux-de-controle-2\/","url":"https:\/\/montrealstencil.com\/en\/product\/panneaux-de-controle-2\/","name":"OVERLAYS CONTROL PANELS - Montreal Stencil","isPartOf":{"@id":"https:\/\/montrealstencil.com\/#website"},"primaryImageOfPage":{"@id":"https:\/\/montrealstencil.com\/en\/product\/panneaux-de-controle-2\/#primaryimage"},"image":{"@id":"https:\/\/montrealstencil.com\/en\/product\/panneaux-de-controle-2\/#primaryimage"},"thumbnailUrl":"https:\/\/montrealstencil.com\/wp-content\/uploads\/2018\/11\/img_0884-1.jpg","datePublished":"2018-11-01T17:37:16+00:00","dateModified":"2025-11-05T18:46:47+00:00","description":"Enhance control panels with overlays from Montreal Stencil. Custom designs for improved functionality and a polished appearance.","breadcrumb":{"@id":"https:\/\/montrealstencil.com\/en\/product\/panneaux-de-controle-2\/#breadcrumb"},"inLanguage":"en-CA","potentialAction":[{"@type":"ReadAction","target":["https:\/\/montrealstencil.com\/en\/product\/panneaux-de-controle-2\/"]}]},{"@type":"ImageObject","inLanguage":"en-CA","@id":"https:\/\/montrealstencil.com\/en\/product\/panneaux-de-controle-2\/#primaryimage","url":"https:\/\/montrealstencil.com\/wp-content\/uploads\/2018\/11\/img_0884-1.jpg","contentUrl":"https:\/\/montrealstencil.com\/wp-content\/uploads\/2018\/11\/img_0884-1.jpg","width":520,"height":355},{"@type":"BreadcrumbList","@id":"https:\/\/montrealstencil.com\/en\/product\/panneaux-de-controle-2\/#breadcrumb","itemListElement":[{"@type":"ListItem","position":1,"name":"Home","item":"https:\/\/montrealstencil.com\/en\/"},{"@type":"ListItem","position":2,"name":"Produits","item":"https:\/\/montrealstencil.com\/boutique\/"},{"@type":"ListItem","position":3,"name":"OVERLAYS CONTROL PANELS"}]},{"@type":"WebSite","@id":"https:\/\/montrealstencil.com\/#website","url":"https:\/\/montrealstencil.com\/","name":"Montreal Stencil","description":"\u00c9tampes, plaques, pochoirs stencils et \u00e9tiquettes personnalis\u00e9es \u00e0 Montr\u00e9al","potentialAction":[{"@type":"SearchAction","target":{"@type":"EntryPoint","urlTemplate":"https:\/\/montrealstencil.com\/?s={search_term_string}"},"query-input":{"@type":"PropertyValueSpecification","valueRequired":true,"valueName":"search_term_string"}}],"inLanguage":"en-CA"}]}},"_links":{"self":[{"href":"https:\/\/montrealstencil.com\/en\/wp-json\/wp\/v2\/product\/4756","targetHints":{"allow":["GET"]}}],"collection":[{"href":"https:\/\/montrealstencil.com\/en\/wp-json\/wp\/v2\/product"}],"about":[{"href":"https:\/\/montrealstencil.com\/en\/wp-json\/wp\/v2\/types\/product"}],"wp:featuredmedia":[{"embeddable":true,"href":"https:\/\/montrealstencil.com\/en\/wp-json\/wp\/v2\/media\/4420"}],"wp:attachment":[{"href":"https:\/\/montrealstencil.com\/en\/wp-json\/wp\/v2\/media?parent=4756"}],"wp:term":[{"taxonomy":"product_cat","embeddable":true,"href":"https:\/\/montrealstencil.com\/en\/wp-json\/wp\/v2\/product_cat?post=4756"},{"taxonomy":"product_mat","embeddable":true,"href":"https:\/\/montrealstencil.com\/en\/wp-json\/wp\/v2\/product_mat?post=4756"}],"curies":[{"name":"wp","href":"https:\/\/api.w.org\/{rel}","templated":true}]}}