{"id":4753,"date":"2018-11-30T17:26:12","date_gmt":"2018-11-01T17:26:12","guid":{"rendered":"http:\/\/montreal-stencil.arkhame-web.com\/produit\/polyester-mylar\/"},"modified":"2025-11-05T19:06:56","modified_gmt":"2025-11-05T19:06:56","slug":"polyester-mylar","status":"publish","type":"product","link":"https:\/\/montrealstencil.com\/en\/product\/polyester-mylar\/","title":{"rendered":"POLYESTER \/ MYLAR"},"content":{"rendered":"","protected":false},"excerpt":{"rendered":"<p>A dimensionally stable material with strong adhesive that provides excellent weather-ability and heat resistance. Polyester labels are used for nameplate and serial number tags and are acceptable for use on a wide variety of surface materials. We use branded products from 3M, Flexcon and Gerber. Our polyesters are a .002\u201d to .010\u201d material with a permanent acrylic adhesive for excellent adhesion. Stock colours are white, silver and brushed silver. We also offer security labels that are tamper-evident. Once the label is lifted from the surface it will leave traces of the word void indicating that someone has tampered with the secured product. Polyester labels have a temperature service range of -40\u00b0F to 302\u00b0F (-40\u00b0C to 149\u00b0C). They can be over-laminated to give an additional level of protection to the printed image. They are easily formed by die-cutting into different shapes and can be supplied several up on sheets or individually cut.<\/p>\n","protected":false},"featured_media":4381,"template":"","meta":{"_acf_changed":false},"product_cat":[271],"product_mat":[322],"class_list":["post-4753","product","type-product","status-publish","has-post-thumbnail","hentry","product_cat-stickers-decals","product_mat-polyester-mylar-en"],"acf":[],"yoast_head":"<!-- This site is optimized with the Yoast SEO plugin v27.4 - https:\/\/yoast.com\/product\/yoast-seo-wordpress\/ -->\n<title>Polyester \/ Mylar Tape - Montreal Stencil<\/title>\n<meta name=\"description\" content=\"Explore high-quality labeling options with polyester \/ mylar tape from Montreal Stencil. Customizable solutions for professional labeling needs.\" \/>\n<meta name=\"robots\" content=\"index, follow, max-snippet:-1, max-image-preview:large, max-video-preview:-1\" \/>\n<link rel=\"canonical\" href=\"https:\/\/montrealstencil.com\/en\/product\/polyester-mylar\/\" \/>\n<meta property=\"og:locale\" content=\"en_US\" \/>\n<meta property=\"og:type\" content=\"article\" \/>\n<meta property=\"og:title\" content=\"Polyester \/ Mylar Tape - Montreal Stencil\" \/>\n<meta property=\"og:description\" content=\"Explore high-quality labeling options with polyester \/ mylar tape from Montreal Stencil. Customizable solutions for professional labeling needs.\" \/>\n<meta property=\"og:url\" content=\"https:\/\/montrealstencil.com\/en\/product\/polyester-mylar\/\" \/>\n<meta property=\"og:site_name\" content=\"Montreal Stencil\" \/>\n<meta property=\"article:publisher\" content=\"https:\/\/www.facebook.com\/montrealstencil\" \/>\n<meta property=\"article:modified_time\" content=\"2025-11-05T19:06:56+00:00\" \/>\n<meta property=\"og:image\" content=\"https:\/\/montrealstencil.com\/wp-content\/uploads\/2018\/11\/polyester-silver-label-attention.jpg\" \/>\n\t<meta property=\"og:image:width\" content=\"520\" \/>\n\t<meta property=\"og:image:height\" content=\"355\" \/>\n\t<meta property=\"og:image:type\" content=\"image\/jpeg\" \/>\n<meta name=\"twitter:card\" content=\"summary_large_image\" \/>\n<meta name=\"twitter:label1\" content=\"Est. reading time\" \/>\n\t<meta name=\"twitter:data1\" content=\"1 minute\" \/>\n<script type=\"application\/ld+json\" class=\"yoast-schema-graph\">{\"@context\":\"https:\\\/\\\/schema.org\",\"@graph\":[{\"@type\":\"WebPage\",\"@id\":\"https:\\\/\\\/montrealstencil.com\\\/en\\\/product\\\/polyester-mylar\\\/\",\"url\":\"https:\\\/\\\/montrealstencil.com\\\/en\\\/product\\\/polyester-mylar\\\/\",\"name\":\"Polyester \\\/ Mylar Tape - Montreal Stencil\",\"isPartOf\":{\"@id\":\"https:\\\/\\\/montrealstencil.com\\\/#website\"},\"primaryImageOfPage\":{\"@id\":\"https:\\\/\\\/montrealstencil.com\\\/en\\\/product\\\/polyester-mylar\\\/#primaryimage\"},\"image\":{\"@id\":\"https:\\\/\\\/montrealstencil.com\\\/en\\\/product\\\/polyester-mylar\\\/#primaryimage\"},\"thumbnailUrl\":\"https:\\\/\\\/montrealstencil.com\\\/wp-content\\\/uploads\\\/2018\\\/11\\\/polyester-silver-label-attention.jpg\",\"datePublished\":\"2018-11-01T17:26:12+00:00\",\"dateModified\":\"2025-11-05T19:06:56+00:00\",\"description\":\"Explore high-quality labeling options with polyester \\\/ mylar tape from Montreal Stencil. Customizable solutions for professional labeling needs.\",\"breadcrumb\":{\"@id\":\"https:\\\/\\\/montrealstencil.com\\\/en\\\/product\\\/polyester-mylar\\\/#breadcrumb\"},\"inLanguage\":\"en-CA\",\"potentialAction\":[{\"@type\":\"ReadAction\",\"target\":[\"https:\\\/\\\/montrealstencil.com\\\/en\\\/product\\\/polyester-mylar\\\/\"]}]},{\"@type\":\"ImageObject\",\"inLanguage\":\"en-CA\",\"@id\":\"https:\\\/\\\/montrealstencil.com\\\/en\\\/product\\\/polyester-mylar\\\/#primaryimage\",\"url\":\"https:\\\/\\\/montrealstencil.com\\\/wp-content\\\/uploads\\\/2018\\\/11\\\/polyester-silver-label-attention.jpg\",\"contentUrl\":\"https:\\\/\\\/montrealstencil.com\\\/wp-content\\\/uploads\\\/2018\\\/11\\\/polyester-silver-label-attention.jpg\",\"width\":520,\"height\":355},{\"@type\":\"BreadcrumbList\",\"@id\":\"https:\\\/\\\/montrealstencil.com\\\/en\\\/product\\\/polyester-mylar\\\/#breadcrumb\",\"itemListElement\":[{\"@type\":\"ListItem\",\"position\":1,\"name\":\"Home\",\"item\":\"https:\\\/\\\/montrealstencil.com\\\/en\\\/\"},{\"@type\":\"ListItem\",\"position\":2,\"name\":\"Produits\",\"item\":\"https:\\\/\\\/montrealstencil.com\\\/boutique\\\/\"},{\"@type\":\"ListItem\",\"position\":3,\"name\":\"POLYESTER \\\/ MYLAR\"}]},{\"@type\":\"WebSite\",\"@id\":\"https:\\\/\\\/montrealstencil.com\\\/#website\",\"url\":\"https:\\\/\\\/montrealstencil.com\\\/\",\"name\":\"Montreal Stencil\",\"description\":\"\u00c9tampes, plaques, pochoirs stencils et \u00e9tiquettes personnalis\u00e9es \u00e0 Montr\u00e9al\",\"potentialAction\":[{\"@type\":\"SearchAction\",\"target\":{\"@type\":\"EntryPoint\",\"urlTemplate\":\"https:\\\/\\\/montrealstencil.com\\\/?s={search_term_string}\"},\"query-input\":{\"@type\":\"PropertyValueSpecification\",\"valueRequired\":true,\"valueName\":\"search_term_string\"}}],\"inLanguage\":\"en-CA\"}]}<\/script>\n<!-- \/ Yoast SEO plugin. -->","yoast_head_json":{"title":"Polyester \/ Mylar Tape - Montreal Stencil","description":"Explore high-quality labeling options with polyester \/ mylar tape from Montreal Stencil. Customizable solutions for professional labeling needs.","robots":{"index":"index","follow":"follow","max-snippet":"max-snippet:-1","max-image-preview":"max-image-preview:large","max-video-preview":"max-video-preview:-1"},"canonical":"https:\/\/montrealstencil.com\/en\/product\/polyester-mylar\/","og_locale":"en_US","og_type":"article","og_title":"Polyester \/ Mylar Tape - Montreal Stencil","og_description":"Explore high-quality labeling options with polyester \/ mylar tape from Montreal Stencil. Customizable solutions for professional labeling needs.","og_url":"https:\/\/montrealstencil.com\/en\/product\/polyester-mylar\/","og_site_name":"Montreal Stencil","article_publisher":"https:\/\/www.facebook.com\/montrealstencil","article_modified_time":"2025-11-05T19:06:56+00:00","og_image":[{"width":520,"height":355,"url":"https:\/\/montrealstencil.com\/wp-content\/uploads\/2018\/11\/polyester-silver-label-attention.jpg","type":"image\/jpeg"}],"twitter_card":"summary_large_image","twitter_misc":{"Est. reading time":"1 minute"},"schema":{"@context":"https:\/\/schema.org","@graph":[{"@type":"WebPage","@id":"https:\/\/montrealstencil.com\/en\/product\/polyester-mylar\/","url":"https:\/\/montrealstencil.com\/en\/product\/polyester-mylar\/","name":"Polyester \/ Mylar Tape - Montreal Stencil","isPartOf":{"@id":"https:\/\/montrealstencil.com\/#website"},"primaryImageOfPage":{"@id":"https:\/\/montrealstencil.com\/en\/product\/polyester-mylar\/#primaryimage"},"image":{"@id":"https:\/\/montrealstencil.com\/en\/product\/polyester-mylar\/#primaryimage"},"thumbnailUrl":"https:\/\/montrealstencil.com\/wp-content\/uploads\/2018\/11\/polyester-silver-label-attention.jpg","datePublished":"2018-11-01T17:26:12+00:00","dateModified":"2025-11-05T19:06:56+00:00","description":"Explore high-quality labeling options with polyester \/ mylar tape from Montreal Stencil. Customizable solutions for professional labeling needs.","breadcrumb":{"@id":"https:\/\/montrealstencil.com\/en\/product\/polyester-mylar\/#breadcrumb"},"inLanguage":"en-CA","potentialAction":[{"@type":"ReadAction","target":["https:\/\/montrealstencil.com\/en\/product\/polyester-mylar\/"]}]},{"@type":"ImageObject","inLanguage":"en-CA","@id":"https:\/\/montrealstencil.com\/en\/product\/polyester-mylar\/#primaryimage","url":"https:\/\/montrealstencil.com\/wp-content\/uploads\/2018\/11\/polyester-silver-label-attention.jpg","contentUrl":"https:\/\/montrealstencil.com\/wp-content\/uploads\/2018\/11\/polyester-silver-label-attention.jpg","width":520,"height":355},{"@type":"BreadcrumbList","@id":"https:\/\/montrealstencil.com\/en\/product\/polyester-mylar\/#breadcrumb","itemListElement":[{"@type":"ListItem","position":1,"name":"Home","item":"https:\/\/montrealstencil.com\/en\/"},{"@type":"ListItem","position":2,"name":"Produits","item":"https:\/\/montrealstencil.com\/boutique\/"},{"@type":"ListItem","position":3,"name":"POLYESTER \/ MYLAR"}]},{"@type":"WebSite","@id":"https:\/\/montrealstencil.com\/#website","url":"https:\/\/montrealstencil.com\/","name":"Montreal Stencil","description":"\u00c9tampes, plaques, pochoirs stencils et \u00e9tiquettes personnalis\u00e9es \u00e0 Montr\u00e9al","potentialAction":[{"@type":"SearchAction","target":{"@type":"EntryPoint","urlTemplate":"https:\/\/montrealstencil.com\/?s={search_term_string}"},"query-input":{"@type":"PropertyValueSpecification","valueRequired":true,"valueName":"search_term_string"}}],"inLanguage":"en-CA"}]}},"_links":{"self":[{"href":"https:\/\/montrealstencil.com\/en\/wp-json\/wp\/v2\/product\/4753","targetHints":{"allow":["GET"]}}],"collection":[{"href":"https:\/\/montrealstencil.com\/en\/wp-json\/wp\/v2\/product"}],"about":[{"href":"https:\/\/montrealstencil.com\/en\/wp-json\/wp\/v2\/types\/product"}],"wp:featuredmedia":[{"embeddable":true,"href":"https:\/\/montrealstencil.com\/en\/wp-json\/wp\/v2\/media\/4381"}],"wp:attachment":[{"href":"https:\/\/montrealstencil.com\/en\/wp-json\/wp\/v2\/media?parent=4753"}],"wp:term":[{"taxonomy":"product_cat","embeddable":true,"href":"https:\/\/montrealstencil.com\/en\/wp-json\/wp\/v2\/product_cat?post=4753"},{"taxonomy":"product_mat","embeddable":true,"href":"https:\/\/montrealstencil.com\/en\/wp-json\/wp\/v2\/product_mat?post=4753"}],"curies":[{"name":"wp","href":"https:\/\/api.w.org\/{rel}","templated":true}]}}