{"id":4744,"date":"2018-11-22T16:33:23","date_gmt":"2018-11-01T16:33:23","guid":{"rendered":"http:\/\/montreal-stencil.arkhame-web.com\/produit\/timbres-commissaires-a-lassermentation\/"},"modified":"2025-11-05T19:12:35","modified_gmt":"2025-11-05T19:12:35","slug":"commissioner-for-oaths-stamps","status":"publish","type":"product","link":"https:\/\/montrealstencil.com\/en\/product\/commissioner-for-oaths-stamps\/","title":{"rendered":"COMMISSIONER FOR OATHS STAMPS"},"content":{"rendered":"","protected":false},"excerpt":{"rendered":"<p>Montreal Stencil supplies commissioner of oaths stamps that meet the standard of the Minister of Justice for Quebec. We offer three different styles of Commissioner for Oaths stamp: traditional rubber stamp; pre-inked Presto stamp and self-inked pocket stamp. The stamp impression is the same for all three styles. The printed image is a 1.1\/4\u201d diameter seal with the commissioner name and number in the center and the district inside the round border. The traditional rubber stamp and pre-inked Presto stamp are ideal for use in the office. The pocket model with its diminutive size fits easily into a pocket, handbag or briefcase when travelling.<\/p>\n<p>The Minister of Justice of the province of Quebec\u2019s website states that:<\/p>\n<p>An oath is an important act and is subject to strict rules. Thus, it must at all times be made in the presence of the affiant (e.g.: an oath over the phone is not valid). Besides, a court could decide that an oath is invalid if the Commissioner has committed irregularities in the performance of its duties (e.g.: the Commissioner acted while his or her commission had expired). During the administration of an oath, the Commissioner for Oaths addresses to the affiant as follows:<\/p>\n<p>\u201cYou solemnly affirm that everything stated in the present document is the truth. Repeat: I affirm it solemnly.\u201d<\/p>\n<p>Once he or she swore, the affiant must sign the declaration in presence of the Commissioner for Oaths. If the signature appears already in his or her declaration, he or she must sign again.<\/p>\n<p>The Commissioner for Oaths then completes the following wording:<\/p>\n<p>\u201cAffirmed solemnly in front of me<\/p>\n<p>at __________________ (locality)<\/p>\n<p>this_______________________ (date)\u201d<\/p>\n<p>The Commissioner for Oaths indicates the location and the date of the taking of the oath and adds his or her signature. He or she then writes, by hand or with a stamp, his or her name, the words \u201cCommissioner for Oaths for Qu\u00e9bec\u201d (or, as the case may be, \u201cCommissioner for Oaths for Qu\u00e9bec and for outside of Qu\u00e9bec\u201d) and his or her commissioner number. Note that a Commissioner for Oaths is not a Justice of Peace and can\u2019t use this title. Commissioners also can\u2019t use the initials \u201cC.A.\u201d, they are reserved exclusively for Chartered Accountants. Furthermore, only members of the Chamber of Notaries may use the title \u201cNotary\u201d or \u201cNotary Public\u201d.<\/p>\n","protected":false},"featured_media":5491,"template":"","meta":{"_acf_changed":false},"product_cat":[269],"product_mat":[324],"class_list":["post-4744","product","type-product","status-publish","has-post-thumbnail","hentry","product_cat-stamps","product_mat-rubber"],"acf":[],"yoast_head":"<!-- This site is optimized with the Yoast SEO plugin v27.4 - https:\/\/yoast.com\/product\/yoast-seo-wordpress\/ -->\n<title>COMMISSIONER FOR OATHS STAMPS - Montreal Stencil<\/title>\n<meta name=\"description\" content=\"Ensure official documentation with Commissioner for Oaths stamps from Montreal Stencil. Reliable and compliant solutions for legal professionals.\" \/>\n<meta name=\"robots\" content=\"index, follow, max-snippet:-1, max-image-preview:large, max-video-preview:-1\" \/>\n<link rel=\"canonical\" href=\"https:\/\/montrealstencil.com\/en\/product\/commissioner-for-oaths-stamps\/\" \/>\n<meta property=\"og:locale\" content=\"en_US\" \/>\n<meta property=\"og:type\" content=\"article\" \/>\n<meta property=\"og:title\" content=\"COMMISSIONER FOR OATHS STAMPS - Montreal Stencil\" \/>\n<meta property=\"og:description\" content=\"Ensure official documentation with Commissioner for Oaths stamps from Montreal Stencil. Reliable and compliant solutions for legal professionals.\" \/>\n<meta property=\"og:url\" content=\"https:\/\/montrealstencil.com\/en\/product\/commissioner-for-oaths-stamps\/\" \/>\n<meta property=\"og:site_name\" content=\"Montreal Stencil\" \/>\n<meta property=\"article:publisher\" content=\"https:\/\/www.facebook.com\/montrealstencil\" \/>\n<meta property=\"article:modified_time\" content=\"2025-11-05T19:12:35+00:00\" \/>\n<meta property=\"og:image\" content=\"https:\/\/montrealstencil.com\/wp-content\/uploads\/2018\/11\/Etampes-Commissaires.jpeg\" \/>\n\t<meta property=\"og:image:width\" content=\"1040\" \/>\n\t<meta property=\"og:image:height\" content=\"780\" \/>\n\t<meta property=\"og:image:type\" content=\"image\/jpeg\" \/>\n<meta name=\"twitter:card\" content=\"summary_large_image\" \/>\n<meta name=\"twitter:label1\" content=\"Est. reading time\" \/>\n\t<meta name=\"twitter:data1\" content=\"1 minute\" \/>\n<script type=\"application\/ld+json\" class=\"yoast-schema-graph\">{\"@context\":\"https:\\\/\\\/schema.org\",\"@graph\":[{\"@type\":\"WebPage\",\"@id\":\"https:\\\/\\\/montrealstencil.com\\\/en\\\/product\\\/commissioner-for-oaths-stamps\\\/\",\"url\":\"https:\\\/\\\/montrealstencil.com\\\/en\\\/product\\\/commissioner-for-oaths-stamps\\\/\",\"name\":\"COMMISSIONER FOR OATHS STAMPS - Montreal Stencil\",\"isPartOf\":{\"@id\":\"https:\\\/\\\/montrealstencil.com\\\/#website\"},\"primaryImageOfPage\":{\"@id\":\"https:\\\/\\\/montrealstencil.com\\\/en\\\/product\\\/commissioner-for-oaths-stamps\\\/#primaryimage\"},\"image\":{\"@id\":\"https:\\\/\\\/montrealstencil.com\\\/en\\\/product\\\/commissioner-for-oaths-stamps\\\/#primaryimage\"},\"thumbnailUrl\":\"https:\\\/\\\/montrealstencil.com\\\/wp-content\\\/uploads\\\/2018\\\/11\\\/Etampes-Commissaires.jpeg\",\"datePublished\":\"2018-11-01T16:33:23+00:00\",\"dateModified\":\"2025-11-05T19:12:35+00:00\",\"description\":\"Ensure official documentation with Commissioner for Oaths stamps from Montreal Stencil. Reliable and compliant solutions for legal professionals.\",\"breadcrumb\":{\"@id\":\"https:\\\/\\\/montrealstencil.com\\\/en\\\/product\\\/commissioner-for-oaths-stamps\\\/#breadcrumb\"},\"inLanguage\":\"en-CA\",\"potentialAction\":[{\"@type\":\"ReadAction\",\"target\":[\"https:\\\/\\\/montrealstencil.com\\\/en\\\/product\\\/commissioner-for-oaths-stamps\\\/\"]}]},{\"@type\":\"ImageObject\",\"inLanguage\":\"en-CA\",\"@id\":\"https:\\\/\\\/montrealstencil.com\\\/en\\\/product\\\/commissioner-for-oaths-stamps\\\/#primaryimage\",\"url\":\"https:\\\/\\\/montrealstencil.com\\\/wp-content\\\/uploads\\\/2018\\\/11\\\/Etampes-Commissaires.jpeg\",\"contentUrl\":\"https:\\\/\\\/montrealstencil.com\\\/wp-content\\\/uploads\\\/2018\\\/11\\\/Etampes-Commissaires.jpeg\",\"width\":1040,\"height\":780},{\"@type\":\"BreadcrumbList\",\"@id\":\"https:\\\/\\\/montrealstencil.com\\\/en\\\/product\\\/commissioner-for-oaths-stamps\\\/#breadcrumb\",\"itemListElement\":[{\"@type\":\"ListItem\",\"position\":1,\"name\":\"Home\",\"item\":\"https:\\\/\\\/montrealstencil.com\\\/en\\\/\"},{\"@type\":\"ListItem\",\"position\":2,\"name\":\"Produits\",\"item\":\"https:\\\/\\\/montrealstencil.com\\\/boutique\\\/\"},{\"@type\":\"ListItem\",\"position\":3,\"name\":\"COMMISSIONER FOR OATHS STAMPS\"}]},{\"@type\":\"WebSite\",\"@id\":\"https:\\\/\\\/montrealstencil.com\\\/#website\",\"url\":\"https:\\\/\\\/montrealstencil.com\\\/\",\"name\":\"Montreal Stencil\",\"description\":\"\u00c9tampes, plaques, pochoirs stencils et \u00e9tiquettes personnalis\u00e9es \u00e0 Montr\u00e9al\",\"potentialAction\":[{\"@type\":\"SearchAction\",\"target\":{\"@type\":\"EntryPoint\",\"urlTemplate\":\"https:\\\/\\\/montrealstencil.com\\\/?s={search_term_string}\"},\"query-input\":{\"@type\":\"PropertyValueSpecification\",\"valueRequired\":true,\"valueName\":\"search_term_string\"}}],\"inLanguage\":\"en-CA\"}]}<\/script>\n<!-- \/ Yoast SEO plugin. -->","yoast_head_json":{"title":"COMMISSIONER FOR OATHS STAMPS - Montreal Stencil","description":"Ensure official documentation with Commissioner for Oaths stamps from Montreal Stencil. Reliable and compliant solutions for legal professionals.","robots":{"index":"index","follow":"follow","max-snippet":"max-snippet:-1","max-image-preview":"max-image-preview:large","max-video-preview":"max-video-preview:-1"},"canonical":"https:\/\/montrealstencil.com\/en\/product\/commissioner-for-oaths-stamps\/","og_locale":"en_US","og_type":"article","og_title":"COMMISSIONER FOR OATHS STAMPS - Montreal Stencil","og_description":"Ensure official documentation with Commissioner for Oaths stamps from Montreal Stencil. Reliable and compliant solutions for legal professionals.","og_url":"https:\/\/montrealstencil.com\/en\/product\/commissioner-for-oaths-stamps\/","og_site_name":"Montreal Stencil","article_publisher":"https:\/\/www.facebook.com\/montrealstencil","article_modified_time":"2025-11-05T19:12:35+00:00","og_image":[{"width":1040,"height":780,"url":"https:\/\/montrealstencil.com\/wp-content\/uploads\/2018\/11\/Etampes-Commissaires.jpeg","type":"image\/jpeg"}],"twitter_card":"summary_large_image","twitter_misc":{"Est. reading time":"1 minute"},"schema":{"@context":"https:\/\/schema.org","@graph":[{"@type":"WebPage","@id":"https:\/\/montrealstencil.com\/en\/product\/commissioner-for-oaths-stamps\/","url":"https:\/\/montrealstencil.com\/en\/product\/commissioner-for-oaths-stamps\/","name":"COMMISSIONER FOR OATHS STAMPS - Montreal Stencil","isPartOf":{"@id":"https:\/\/montrealstencil.com\/#website"},"primaryImageOfPage":{"@id":"https:\/\/montrealstencil.com\/en\/product\/commissioner-for-oaths-stamps\/#primaryimage"},"image":{"@id":"https:\/\/montrealstencil.com\/en\/product\/commissioner-for-oaths-stamps\/#primaryimage"},"thumbnailUrl":"https:\/\/montrealstencil.com\/wp-content\/uploads\/2018\/11\/Etampes-Commissaires.jpeg","datePublished":"2018-11-01T16:33:23+00:00","dateModified":"2025-11-05T19:12:35+00:00","description":"Ensure official documentation with Commissioner for Oaths stamps from Montreal Stencil. Reliable and compliant solutions for legal professionals.","breadcrumb":{"@id":"https:\/\/montrealstencil.com\/en\/product\/commissioner-for-oaths-stamps\/#breadcrumb"},"inLanguage":"en-CA","potentialAction":[{"@type":"ReadAction","target":["https:\/\/montrealstencil.com\/en\/product\/commissioner-for-oaths-stamps\/"]}]},{"@type":"ImageObject","inLanguage":"en-CA","@id":"https:\/\/montrealstencil.com\/en\/product\/commissioner-for-oaths-stamps\/#primaryimage","url":"https:\/\/montrealstencil.com\/wp-content\/uploads\/2018\/11\/Etampes-Commissaires.jpeg","contentUrl":"https:\/\/montrealstencil.com\/wp-content\/uploads\/2018\/11\/Etampes-Commissaires.jpeg","width":1040,"height":780},{"@type":"BreadcrumbList","@id":"https:\/\/montrealstencil.com\/en\/product\/commissioner-for-oaths-stamps\/#breadcrumb","itemListElement":[{"@type":"ListItem","position":1,"name":"Home","item":"https:\/\/montrealstencil.com\/en\/"},{"@type":"ListItem","position":2,"name":"Produits","item":"https:\/\/montrealstencil.com\/boutique\/"},{"@type":"ListItem","position":3,"name":"COMMISSIONER FOR OATHS STAMPS"}]},{"@type":"WebSite","@id":"https:\/\/montrealstencil.com\/#website","url":"https:\/\/montrealstencil.com\/","name":"Montreal Stencil","description":"\u00c9tampes, plaques, pochoirs stencils et \u00e9tiquettes personnalis\u00e9es \u00e0 Montr\u00e9al","potentialAction":[{"@type":"SearchAction","target":{"@type":"EntryPoint","urlTemplate":"https:\/\/montrealstencil.com\/?s={search_term_string}"},"query-input":{"@type":"PropertyValueSpecification","valueRequired":true,"valueName":"search_term_string"}}],"inLanguage":"en-CA"}]}},"_links":{"self":[{"href":"https:\/\/montrealstencil.com\/en\/wp-json\/wp\/v2\/product\/4744","targetHints":{"allow":["GET"]}}],"collection":[{"href":"https:\/\/montrealstencil.com\/en\/wp-json\/wp\/v2\/product"}],"about":[{"href":"https:\/\/montrealstencil.com\/en\/wp-json\/wp\/v2\/types\/product"}],"wp:featuredmedia":[{"embeddable":true,"href":"https:\/\/montrealstencil.com\/en\/wp-json\/wp\/v2\/media\/5491"}],"wp:attachment":[{"href":"https:\/\/montrealstencil.com\/en\/wp-json\/wp\/v2\/media?parent=4744"}],"wp:term":[{"taxonomy":"product_cat","embeddable":true,"href":"https:\/\/montrealstencil.com\/en\/wp-json\/wp\/v2\/product_cat?post=4744"},{"taxonomy":"product_mat","embeddable":true,"href":"https:\/\/montrealstencil.com\/en\/wp-json\/wp\/v2\/product_mat?post=4744"}],"curies":[{"name":"wp","href":"https:\/\/api.w.org\/{rel}","templated":true}]}}