{"id":4741,"date":"2018-11-28T16:10:58","date_gmt":"2018-11-01T16:10:58","guid":{"rendered":"http:\/\/montreal-stencil.arkhame-web.com\/produit\/etampes-de-caoutchouc\/"},"modified":"2025-11-05T19:35:04","modified_gmt":"2025-11-05T19:35:04","slug":"etampes-de-caoutchouc","status":"publish","type":"product","link":"https:\/\/montrealstencil.com\/en\/product\/etampes-de-caoutchouc\/","title":{"rendered":"RUBBER STAMPS"},"content":{"rendered":"","protected":false},"excerpt":{"rendered":"<p>Le timbre de caoutchouc rend toujours les m\u00eames services depuis 125 ans. Avec ses solides poign\u00e9e et base en bois, ses teintures de caoutchouc de qualit\u00e9 et ses indications claires sur la poign\u00e9e, l\u2019\u00e9tampe de caoutchouc traditionnelle est la plus \u00e9conomique et la plus durable de toutes les \u00e9tampes de caoutchouc sur le march\u00e9. L\u2019utilisation d\u2019une \u00e9tampe de caoutchouc est recommand\u00e9e dans une application industrielle, quand la surface d\u2019impression n\u2019est pas de papier ordinaire. Les surfaces non poreuses en bois, ou papier couch\u00e9 (glac\u00e9) prennent des encres particuli\u00e8res. Un timbre fait de vrai caoutchouc est conseill\u00e9. Il faut communiquer avec le service \u00e0 la client\u00e8le de Montr\u00e9al Stencil pour une recommandation de l\u2019encre la plus efficace.<\/p>\n<h5><\/h5>\n<p><a href=\"https:\/\/montrealstencil.com\/\/wp-content\/uploads\/2018\/11\/Size-Chart-Rubber-Stamps.pdf\"><img decoding=\"async\" class=\"wp-image-4721 size-full\" src=\"https:\/\/montrealstencil.com\/wp-content\/uploads\/2018\/11\/Icon-PDF-5.jpg\" alt=\"\" \/><\/a><\/p>\n","protected":false},"featured_media":4250,"template":"","meta":{"_acf_changed":false},"product_cat":[269],"product_mat":[324],"class_list":["post-4741","product","type-product","status-publish","has-post-thumbnail","hentry","product_cat-stamps","product_mat-rubber"],"acf":[],"yoast_head":"<!-- This site is optimized with the Yoast SEO plugin v27.4 - https:\/\/yoast.com\/product\/yoast-seo-wordpress\/ -->\n<title>RUBBER STAMPS - Montreal Stencil<\/title>\n<meta name=\"description\" content=\"Personalize your impressions with rubber stamps from Montreal Stencil. Versatile tools for outstanding and customizable results.\" \/>\n<meta name=\"robots\" content=\"index, follow, max-snippet:-1, max-image-preview:large, max-video-preview:-1\" \/>\n<link rel=\"canonical\" href=\"https:\/\/montrealstencil.com\/en\/product\/etampes-de-caoutchouc\/\" \/>\n<meta property=\"og:locale\" content=\"en_US\" \/>\n<meta property=\"og:type\" content=\"article\" \/>\n<meta property=\"og:title\" content=\"RUBBER STAMPS - Montreal Stencil\" \/>\n<meta property=\"og:description\" content=\"Personalize your impressions with rubber stamps from Montreal Stencil. Versatile tools for outstanding and customizable results.\" \/>\n<meta property=\"og:url\" content=\"https:\/\/montrealstencil.com\/en\/product\/etampes-de-caoutchouc\/\" \/>\n<meta property=\"og:site_name\" content=\"Montreal Stencil\" \/>\n<meta property=\"article:publisher\" content=\"https:\/\/www.facebook.com\/montrealstencil\" \/>\n<meta property=\"article:modified_time\" content=\"2025-11-05T19:35:04+00:00\" \/>\n<meta property=\"og:image\" content=\"https:\/\/montrealstencil.com\/wp-content\/uploads\/2018\/11\/rubber-stamp-4.jpg\" \/>\n\t<meta property=\"og:image:width\" content=\"520\" \/>\n\t<meta property=\"og:image:height\" content=\"355\" \/>\n\t<meta property=\"og:image:type\" content=\"image\/jpeg\" \/>\n<meta name=\"twitter:card\" content=\"summary_large_image\" \/>\n<meta name=\"twitter:label1\" content=\"Est. reading time\" \/>\n\t<meta name=\"twitter:data1\" content=\"1 minute\" \/>\n<script type=\"application\/ld+json\" class=\"yoast-schema-graph\">{\"@context\":\"https:\\\/\\\/schema.org\",\"@graph\":[{\"@type\":\"WebPage\",\"@id\":\"https:\\\/\\\/montrealstencil.com\\\/en\\\/product\\\/etampes-de-caoutchouc\\\/\",\"url\":\"https:\\\/\\\/montrealstencil.com\\\/en\\\/product\\\/etampes-de-caoutchouc\\\/\",\"name\":\"RUBBER STAMPS - Montreal Stencil\",\"isPartOf\":{\"@id\":\"https:\\\/\\\/montrealstencil.com\\\/#website\"},\"primaryImageOfPage\":{\"@id\":\"https:\\\/\\\/montrealstencil.com\\\/en\\\/product\\\/etampes-de-caoutchouc\\\/#primaryimage\"},\"image\":{\"@id\":\"https:\\\/\\\/montrealstencil.com\\\/en\\\/product\\\/etampes-de-caoutchouc\\\/#primaryimage\"},\"thumbnailUrl\":\"https:\\\/\\\/montrealstencil.com\\\/wp-content\\\/uploads\\\/2018\\\/11\\\/rubber-stamp-4.jpg\",\"datePublished\":\"2018-11-01T16:10:58+00:00\",\"dateModified\":\"2025-11-05T19:35:04+00:00\",\"description\":\"Personalize your impressions with rubber stamps from Montreal Stencil. Versatile tools for outstanding and customizable results.\",\"breadcrumb\":{\"@id\":\"https:\\\/\\\/montrealstencil.com\\\/en\\\/product\\\/etampes-de-caoutchouc\\\/#breadcrumb\"},\"inLanguage\":\"en-CA\",\"potentialAction\":[{\"@type\":\"ReadAction\",\"target\":[\"https:\\\/\\\/montrealstencil.com\\\/en\\\/product\\\/etampes-de-caoutchouc\\\/\"]}]},{\"@type\":\"ImageObject\",\"inLanguage\":\"en-CA\",\"@id\":\"https:\\\/\\\/montrealstencil.com\\\/en\\\/product\\\/etampes-de-caoutchouc\\\/#primaryimage\",\"url\":\"https:\\\/\\\/montrealstencil.com\\\/wp-content\\\/uploads\\\/2018\\\/11\\\/rubber-stamp-4.jpg\",\"contentUrl\":\"https:\\\/\\\/montrealstencil.com\\\/wp-content\\\/uploads\\\/2018\\\/11\\\/rubber-stamp-4.jpg\",\"width\":520,\"height\":355},{\"@type\":\"BreadcrumbList\",\"@id\":\"https:\\\/\\\/montrealstencil.com\\\/en\\\/product\\\/etampes-de-caoutchouc\\\/#breadcrumb\",\"itemListElement\":[{\"@type\":\"ListItem\",\"position\":1,\"name\":\"Home\",\"item\":\"https:\\\/\\\/montrealstencil.com\\\/en\\\/\"},{\"@type\":\"ListItem\",\"position\":2,\"name\":\"Produits\",\"item\":\"https:\\\/\\\/montrealstencil.com\\\/boutique\\\/\"},{\"@type\":\"ListItem\",\"position\":3,\"name\":\"RUBBER STAMPS\"}]},{\"@type\":\"WebSite\",\"@id\":\"https:\\\/\\\/montrealstencil.com\\\/#website\",\"url\":\"https:\\\/\\\/montrealstencil.com\\\/\",\"name\":\"Montreal Stencil\",\"description\":\"\u00c9tampes, plaques, pochoirs stencils et \u00e9tiquettes personnalis\u00e9es \u00e0 Montr\u00e9al\",\"potentialAction\":[{\"@type\":\"SearchAction\",\"target\":{\"@type\":\"EntryPoint\",\"urlTemplate\":\"https:\\\/\\\/montrealstencil.com\\\/?s={search_term_string}\"},\"query-input\":{\"@type\":\"PropertyValueSpecification\",\"valueRequired\":true,\"valueName\":\"search_term_string\"}}],\"inLanguage\":\"en-CA\"}]}<\/script>\n<!-- \/ Yoast SEO plugin. -->","yoast_head_json":{"title":"RUBBER STAMPS - Montreal Stencil","description":"Personalize your impressions with rubber stamps from Montreal Stencil. Versatile tools for outstanding and customizable results.","robots":{"index":"index","follow":"follow","max-snippet":"max-snippet:-1","max-image-preview":"max-image-preview:large","max-video-preview":"max-video-preview:-1"},"canonical":"https:\/\/montrealstencil.com\/en\/product\/etampes-de-caoutchouc\/","og_locale":"en_US","og_type":"article","og_title":"RUBBER STAMPS - Montreal Stencil","og_description":"Personalize your impressions with rubber stamps from Montreal Stencil. Versatile tools for outstanding and customizable results.","og_url":"https:\/\/montrealstencil.com\/en\/product\/etampes-de-caoutchouc\/","og_site_name":"Montreal Stencil","article_publisher":"https:\/\/www.facebook.com\/montrealstencil","article_modified_time":"2025-11-05T19:35:04+00:00","og_image":[{"width":520,"height":355,"url":"https:\/\/montrealstencil.com\/wp-content\/uploads\/2018\/11\/rubber-stamp-4.jpg","type":"image\/jpeg"}],"twitter_card":"summary_large_image","twitter_misc":{"Est. reading time":"1 minute"},"schema":{"@context":"https:\/\/schema.org","@graph":[{"@type":"WebPage","@id":"https:\/\/montrealstencil.com\/en\/product\/etampes-de-caoutchouc\/","url":"https:\/\/montrealstencil.com\/en\/product\/etampes-de-caoutchouc\/","name":"RUBBER STAMPS - Montreal Stencil","isPartOf":{"@id":"https:\/\/montrealstencil.com\/#website"},"primaryImageOfPage":{"@id":"https:\/\/montrealstencil.com\/en\/product\/etampes-de-caoutchouc\/#primaryimage"},"image":{"@id":"https:\/\/montrealstencil.com\/en\/product\/etampes-de-caoutchouc\/#primaryimage"},"thumbnailUrl":"https:\/\/montrealstencil.com\/wp-content\/uploads\/2018\/11\/rubber-stamp-4.jpg","datePublished":"2018-11-01T16:10:58+00:00","dateModified":"2025-11-05T19:35:04+00:00","description":"Personalize your impressions with rubber stamps from Montreal Stencil. Versatile tools for outstanding and customizable results.","breadcrumb":{"@id":"https:\/\/montrealstencil.com\/en\/product\/etampes-de-caoutchouc\/#breadcrumb"},"inLanguage":"en-CA","potentialAction":[{"@type":"ReadAction","target":["https:\/\/montrealstencil.com\/en\/product\/etampes-de-caoutchouc\/"]}]},{"@type":"ImageObject","inLanguage":"en-CA","@id":"https:\/\/montrealstencil.com\/en\/product\/etampes-de-caoutchouc\/#primaryimage","url":"https:\/\/montrealstencil.com\/wp-content\/uploads\/2018\/11\/rubber-stamp-4.jpg","contentUrl":"https:\/\/montrealstencil.com\/wp-content\/uploads\/2018\/11\/rubber-stamp-4.jpg","width":520,"height":355},{"@type":"BreadcrumbList","@id":"https:\/\/montrealstencil.com\/en\/product\/etampes-de-caoutchouc\/#breadcrumb","itemListElement":[{"@type":"ListItem","position":1,"name":"Home","item":"https:\/\/montrealstencil.com\/en\/"},{"@type":"ListItem","position":2,"name":"Produits","item":"https:\/\/montrealstencil.com\/boutique\/"},{"@type":"ListItem","position":3,"name":"RUBBER STAMPS"}]},{"@type":"WebSite","@id":"https:\/\/montrealstencil.com\/#website","url":"https:\/\/montrealstencil.com\/","name":"Montreal Stencil","description":"\u00c9tampes, plaques, pochoirs stencils et \u00e9tiquettes personnalis\u00e9es \u00e0 Montr\u00e9al","potentialAction":[{"@type":"SearchAction","target":{"@type":"EntryPoint","urlTemplate":"https:\/\/montrealstencil.com\/?s={search_term_string}"},"query-input":{"@type":"PropertyValueSpecification","valueRequired":true,"valueName":"search_term_string"}}],"inLanguage":"en-CA"}]}},"_links":{"self":[{"href":"https:\/\/montrealstencil.com\/en\/wp-json\/wp\/v2\/product\/4741","targetHints":{"allow":["GET"]}}],"collection":[{"href":"https:\/\/montrealstencil.com\/en\/wp-json\/wp\/v2\/product"}],"about":[{"href":"https:\/\/montrealstencil.com\/en\/wp-json\/wp\/v2\/types\/product"}],"wp:featuredmedia":[{"embeddable":true,"href":"https:\/\/montrealstencil.com\/en\/wp-json\/wp\/v2\/media\/4250"}],"wp:attachment":[{"href":"https:\/\/montrealstencil.com\/en\/wp-json\/wp\/v2\/media?parent=4741"}],"wp:term":[{"taxonomy":"product_cat","embeddable":true,"href":"https:\/\/montrealstencil.com\/en\/wp-json\/wp\/v2\/product_cat?post=4741"},{"taxonomy":"product_mat","embeddable":true,"href":"https:\/\/montrealstencil.com\/en\/wp-json\/wp\/v2\/product_mat?post=4741"}],"curies":[{"name":"wp","href":"https:\/\/api.w.org\/{rel}","templated":true}]}}