{"id":5884,"date":"2025-12-10T16:36:08","date_gmt":"2025-12-10T16:36:08","guid":{"rendered":"https:\/\/montrealstencil.com\/?page_id=5884"},"modified":"2025-12-10T16:36:08","modified_gmt":"2025-12-10T16:36:08","slug":"pvc","status":"publish","type":"page","link":"https:\/\/montrealstencil.com\/en\/pvc\/","title":{"rendered":"PVC"},"content":{"rendered":"","protected":false},"excerpt":{"rendered":"","protected":false},"author":5,"featured_media":0,"parent":0,"menu_order":0,"comment_status":"closed","ping_status":"closed","template":"template-listing-produits.php","meta":{"_acf_changed":false,"footnotes":""},"class_list":["post-5884","page","type-page","status-publish","hentry"],"acf":[],"yoast_head":"<!-- This site is optimized with the Yoast SEO plugin v26.8 - https:\/\/yoast.com\/product\/yoast-seo-wordpress\/ -->\n<title>PVC - Montreal Stencil<\/title>\n<meta name=\"description\" content=\"Montr\u00e9al Stencil - Votre expert en gravure et marquage sur mesure \u00e0 Montr\u00e9al. Nous proposons une gamme compl\u00e8te de services de marquage, de gravure au laser sur acier inoxydable \u00e0 la fabrication de panneaux publicitaires en grand format.\" \/>\n<meta name=\"robots\" content=\"index, follow, max-snippet:-1, max-image-preview:large, max-video-preview:-1\" \/>\n<link rel=\"canonical\" href=\"https:\/\/montrealstencil.com\/en\/pvc\/\" \/>\n<meta property=\"og:locale\" content=\"en_US\" \/>\n<meta property=\"og:type\" content=\"article\" \/>\n<meta property=\"og:title\" content=\"PVC - Montreal Stencil\" \/>\n<meta property=\"og:description\" content=\"Montr\u00e9al Stencil - Votre expert en gravure et marquage sur mesure \u00e0 Montr\u00e9al. Nous proposons une gamme compl\u00e8te de services de marquage, de gravure au laser sur acier inoxydable \u00e0 la fabrication de panneaux publicitaires en grand format.\" \/>\n<meta property=\"og:url\" content=\"https:\/\/montrealstencil.com\/en\/pvc\/\" \/>\n<meta property=\"og:site_name\" content=\"Montreal Stencil\" \/>\n<meta property=\"article:publisher\" content=\"https:\/\/www.facebook.com\/montrealstencil\" \/>\n<meta name=\"twitter:card\" content=\"summary_large_image\" \/>\n<script type=\"application\/ld+json\" class=\"yoast-schema-graph\">{\"@context\":\"https:\/\/schema.org\",\"@graph\":[{\"@type\":\"WebPage\",\"@id\":\"https:\/\/montrealstencil.com\/en\/pvc\/\",\"url\":\"https:\/\/montrealstencil.com\/en\/pvc\/\",\"name\":\"PVC - Montreal Stencil\",\"isPartOf\":{\"@id\":\"https:\/\/montrealstencil.com\/#website\"},\"datePublished\":\"2025-12-10T16:36:08+00:00\",\"description\":\"Montr\u00e9al Stencil - Votre expert en gravure et marquage sur mesure \u00e0 Montr\u00e9al. Nous proposons une gamme compl\u00e8te de services de marquage, de gravure au laser sur acier inoxydable \u00e0 la fabrication de panneaux publicitaires en grand format.\",\"breadcrumb\":{\"@id\":\"https:\/\/montrealstencil.com\/en\/pvc\/#breadcrumb\"},\"inLanguage\":\"en-CA\",\"potentialAction\":[{\"@type\":\"ReadAction\",\"target\":[\"https:\/\/montrealstencil.com\/en\/pvc\/\"]}]},{\"@type\":\"BreadcrumbList\",\"@id\":\"https:\/\/montrealstencil.com\/en\/pvc\/#breadcrumb\",\"itemListElement\":[{\"@type\":\"ListItem\",\"position\":1,\"name\":\"Home\",\"item\":\"https:\/\/montrealstencil.com\/en\/\"},{\"@type\":\"ListItem\",\"position\":2,\"name\":\"PVC\"}]},{\"@type\":\"WebSite\",\"@id\":\"https:\/\/montrealstencil.com\/#website\",\"url\":\"https:\/\/montrealstencil.com\/\",\"name\":\"Montreal Stencil\",\"description\":\"\u00c9tampes, plaques, pochoirs stencils et \u00e9tiquettes personnalis\u00e9es \u00e0 Montr\u00e9al\",\"potentialAction\":[{\"@type\":\"SearchAction\",\"target\":{\"@type\":\"EntryPoint\",\"urlTemplate\":\"https:\/\/montrealstencil.com\/?s={search_term_string}\"},\"query-input\":{\"@type\":\"PropertyValueSpecification\",\"valueRequired\":true,\"valueName\":\"search_term_string\"}}],\"inLanguage\":\"en-CA\"}]}<\/script>\n<!-- \/ Yoast SEO plugin. -->","yoast_head_json":{"title":"PVC - Montreal Stencil","description":"Montr\u00e9al Stencil - Votre expert en gravure et marquage sur mesure \u00e0 Montr\u00e9al. Nous proposons une gamme compl\u00e8te de services de marquage, de gravure au laser sur acier inoxydable \u00e0 la fabrication de panneaux publicitaires en grand format.","robots":{"index":"index","follow":"follow","max-snippet":"max-snippet:-1","max-image-preview":"max-image-preview:large","max-video-preview":"max-video-preview:-1"},"canonical":"https:\/\/montrealstencil.com\/en\/pvc\/","og_locale":"en_US","og_type":"article","og_title":"PVC - Montreal Stencil","og_description":"Montr\u00e9al Stencil - Votre expert en gravure et marquage sur mesure \u00e0 Montr\u00e9al. Nous proposons une gamme compl\u00e8te de services de marquage, de gravure au laser sur acier inoxydable \u00e0 la fabrication de panneaux publicitaires en grand format.","og_url":"https:\/\/montrealstencil.com\/en\/pvc\/","og_site_name":"Montreal Stencil","article_publisher":"https:\/\/www.facebook.com\/montrealstencil","twitter_card":"summary_large_image","schema":{"@context":"https:\/\/schema.org","@graph":[{"@type":"WebPage","@id":"https:\/\/montrealstencil.com\/en\/pvc\/","url":"https:\/\/montrealstencil.com\/en\/pvc\/","name":"PVC - Montreal Stencil","isPartOf":{"@id":"https:\/\/montrealstencil.com\/#website"},"datePublished":"2025-12-10T16:36:08+00:00","description":"Montr\u00e9al Stencil - Votre expert en gravure et marquage sur mesure \u00e0 Montr\u00e9al. Nous proposons une gamme compl\u00e8te de services de marquage, de gravure au laser sur acier inoxydable \u00e0 la fabrication de panneaux publicitaires en grand format.","breadcrumb":{"@id":"https:\/\/montrealstencil.com\/en\/pvc\/#breadcrumb"},"inLanguage":"en-CA","potentialAction":[{"@type":"ReadAction","target":["https:\/\/montrealstencil.com\/en\/pvc\/"]}]},{"@type":"BreadcrumbList","@id":"https:\/\/montrealstencil.com\/en\/pvc\/#breadcrumb","itemListElement":[{"@type":"ListItem","position":1,"name":"Home","item":"https:\/\/montrealstencil.com\/en\/"},{"@type":"ListItem","position":2,"name":"PVC"}]},{"@type":"WebSite","@id":"https:\/\/montrealstencil.com\/#website","url":"https:\/\/montrealstencil.com\/","name":"Montreal Stencil","description":"\u00c9tampes, plaques, pochoirs stencils et \u00e9tiquettes personnalis\u00e9es \u00e0 Montr\u00e9al","potentialAction":[{"@type":"SearchAction","target":{"@type":"EntryPoint","urlTemplate":"https:\/\/montrealstencil.com\/?s={search_term_string}"},"query-input":{"@type":"PropertyValueSpecification","valueRequired":true,"valueName":"search_term_string"}}],"inLanguage":"en-CA"}]}},"_links":{"self":[{"href":"https:\/\/montrealstencil.com\/en\/wp-json\/wp\/v2\/pages\/5884","targetHints":{"allow":["GET"]}}],"collection":[{"href":"https:\/\/montrealstencil.com\/en\/wp-json\/wp\/v2\/pages"}],"about":[{"href":"https:\/\/montrealstencil.com\/en\/wp-json\/wp\/v2\/types\/page"}],"author":[{"embeddable":true,"href":"https:\/\/montrealstencil.com\/en\/wp-json\/wp\/v2\/users\/5"}],"replies":[{"embeddable":true,"href":"https:\/\/montrealstencil.com\/en\/wp-json\/wp\/v2\/comments?post=5884"}],"version-history":[{"count":1,"href":"https:\/\/montrealstencil.com\/en\/wp-json\/wp\/v2\/pages\/5884\/revisions"}],"predecessor-version":[{"id":5887,"href":"https:\/\/montrealstencil.com\/en\/wp-json\/wp\/v2\/pages\/5884\/revisions\/5887"}],"wp:attachment":[{"href":"https:\/\/montrealstencil.com\/en\/wp-json\/wp\/v2\/media?parent=5884"}],"curies":[{"name":"wp","href":"https:\/\/api.w.org\/{rel}","templated":true}]}}