{"id":5584,"date":"2024-03-10T14:40:26","date_gmt":"2024-03-10T14:40:26","guid":{"rendered":"https:\/\/montrealstencil.com\/?page_id=5584"},"modified":"2024-03-10T14:40:26","modified_gmt":"2024-03-10T14:40:26","slug":"legal-notice","status":"publish","type":"page","link":"https:\/\/montrealstencil.com\/en\/legal-notice\/","title":{"rendered":"Legal notice"},"content":{"rendered":"<h2><b>Personal information protection policy, use of cookies and confidentiality policy<\/b><\/h2>\n<p><b><\/b><\/p>\n<h4><b>Introduction<\/b><\/h4>\n<p><span style=\"font-weight: 400;\">Welcome to the website of <\/span><span style=\"font-weight: 400;\">Montreal Stencil <\/span><span style=\"font-weight: 400;\">\u00a0(hereinafter referred to as \u201cwe\u201d or \u201cus\u201d). We are committed to protecting the privacy of our customers and website users.<\/span><\/p>\n<p><span style=\"font-weight: 400;\">This Policy for the protection of personal information, use of cookies and confidentiality policy (hereinafter: \u201cthe policy\u201d) aims to inform you about how <\/span><span style=\"font-weight: 400;\">Montreal Stencil <\/span><span style=\"font-weight: 400;\">\u00a0collects, uses, discloses and protects your personal information following the Act respecting the protection of personal information in the private sector (hereinafter \u201cPrivacy Act\u201d) and other applicable Quebec or Canadian data protection laws.<\/span><br \/>\n<b><\/b><\/p>\n<h4><b>Collection of personal information<\/b><b><\/b><\/h4>\n<p><span style=\"font-weight: 400;\">We collect personal information only to the extent necessary to fulfill the purposes set out in this policy when you use our website or interact with our services. The personal information we collect may include, but is not limited to, the following:<\/span><\/p>\n<ul>\n<li style=\"font-weight: 400;\" aria-level=\"1\"><span style=\"font-weight: 400;\">First and last name.<\/span><\/li>\n<li style=\"font-weight: 400;\" aria-level=\"1\"><span style=\"font-weight: 400;\">Address.<\/span><\/li>\n<li style=\"font-weight: 400;\" aria-level=\"1\"><span style=\"font-weight: 400;\">Email address (email address, internet protocol (IP) address).<\/span><\/li>\n<li style=\"font-weight: 400;\" aria-level=\"1\"><span style=\"font-weight: 400;\">Phone number.<\/span><\/li>\n<li style=\"font-weight: 400;\" aria-level=\"1\"><span style=\"font-weight: 400;\">Information for contact and customer service.<\/span><\/li>\n<\/ul>\n<p><span style=\"font-weight: 400;\">We collect this information when you voluntarily provide it, for example, when creating an account or communicating with our customer service, mainly via a form.<\/span><br \/>\n<b><\/b><\/p>\n<h4><b>Use of personal information<\/b><b><\/b><\/h4>\n<p><span style=\"font-weight: 400;\">We use your personal information for the following purposes:<\/span><\/p>\n<ul>\n<li style=\"font-weight: 400;\" aria-level=\"1\"><span style=\"font-weight: 400;\">Provision of the services you have requested.<\/span><\/li>\n<li style=\"font-weight: 400;\" aria-level=\"1\"><span style=\"font-weight: 400;\">Processing requests for information or support requests.<\/span><\/li>\n<li style=\"font-weight: 400;\" aria-level=\"1\"><span style=\"font-weight: 400;\">Communicating with you about our products, services and special offers not sold through our website.<\/span><\/li>\n<li style=\"font-weight: 400;\" aria-level=\"1\"><span style=\"font-weight: 400;\">Communication regarding our services.<\/span><\/li>\n<li style=\"font-weight: 400;\" aria-level=\"1\"><span style=\"font-weight: 400;\">Continuous improvement of our products and services.<\/span><\/li>\n<li style=\"font-weight: 400;\" aria-level=\"1\"><span style=\"font-weight: 400;\">Compliance with legal obligations.<\/span><\/li>\n<\/ul>\n<h4><b>Use of connection cookies (hereinafter: \u201ccookies\u201d)<\/b><b><\/b><\/h4>\n<p><span style=\"font-weight: 400;\">We use cookies and similar technologies to improve your experience on our website. A cookie is a small text file stored on your computer or mobile device by the web browser. Cookies help us understand how you interact with our website, personalize your experience, and analyze usage trends.<\/span><\/p>\n<p><b>Types of Cookies<\/b><\/p>\n<ul>\n<li style=\"font-weight: 400;\" aria-level=\"1\"><b>Essential cookies:<\/b><span style=\"font-weight: 400;\"> These cookies are necessary for our website to function, allowing you to navigate and use its essential features.<\/span><\/li>\n<li style=\"font-weight: 400;\" aria-level=\"1\"><b>Preference Cookies<\/b><span style=\"font-weight: 400;\">: Preference Cookies allow a website to remember information that changes the way the site behaves or is displayed, such as your preferred language or the region you are in.<\/span><\/li>\n<li style=\"font-weight: 400;\" aria-level=\"1\"><b>Performance cookies<\/b><span style=\"font-weight: 400;\">: These cookies help us collect information about how visitors use our website, for example, which pages are most popular. This data is used to improve the website and make your experience better.<\/span><\/li>\n<li style=\"font-weight: 400;\" aria-level=\"1\"><b>Statistics Cookies<\/b><span style=\"font-weight: 400;\">: Statistics Cookies help website owners collect and report information anonymously to understand how visitors interact with websites.<\/span><\/li>\n<li style=\"font-weight: 400;\" aria-level=\"1\"><b>Advertising (or Marketing) Cookies<\/b><span style=\"font-weight: 400;\">: We may use third-party cookies to deliver personalized advertisements based on your interests.<\/span><\/li>\n<\/ul>\n<p>&nbsp;<\/p>\n<p><b>Cookie Control<\/b><\/p>\n<p><span style=\"font-weight: 400;\">You can configure your browser to refuse cookies or notify when cookies are being sent. However, please note that some parts of our website may not function properly without cookies.<\/span><b><\/b><\/p>\n<h4><b>Disclosure of Personal Information<\/b><b><\/b><\/h4>\n<p><span style=\"font-weight: 400;\">We will not disclose your personal information to third parties without your consent, except in the following cases:<\/span><\/p>\n<ul>\n<li style=\"font-weight: 400;\" aria-level=\"1\"><span style=\"font-weight: 400;\">When required by law or court order.<\/span><\/li>\n<li style=\"font-weight: 400;\" aria-level=\"1\"><span style=\"font-weight: 400;\">When necessary to protect our rights, safety or that of our users.<\/span><\/li>\n<li style=\"font-weight: 400;\" aria-level=\"1\"><span style=\"font-weight: 400;\">When necessary in the context of fraud prevention or act of nature.<\/span><\/li>\n<li style=\"font-weight: 400;\" aria-level=\"1\"><span style=\"font-weight: 400;\">In the event of mergers, acquisitions or sale of all or part of our assets, your personal information may be transferred to these third parties.<\/span><\/li>\n<\/ul>\n<h4><b>Transfer of personal information abroad<\/b><b><\/b><\/h4>\n<p><span style=\"font-weight: 400;\">We sometimes use service providers located outside of Canada (including outside the province of Quebec) to carry out certain specific mandates in the ordinary course of our business. Therefore, certain personal information about you may be transferred to locations other than your province, territory, state or country of residence.<\/span><\/p>\n<p><span style=\"font-weight: 400;\">In such a case, we ensure that the personal information is transferred to countries that have received a compliance decision from the competent authority or that the personal information is adequately protected by technical, organizational, contractual or other appropriate legal means.<\/span><br \/>\n<b><\/b><\/p>\n<h4><b>Security of personal information<\/b><b><\/b><\/h4>\n<p><span style=\"font-weight: 400;\">We implement appropriate security measures to protect your personal information against unauthorized access, disclosure, alteration or destruction.<\/span><b><\/b><\/p>\n<h4><b>Retention of personal information<\/b><b><\/b><\/h4>\n<p><span style=\"font-weight: 400;\">We retain your personal information for as long as necessary to fulfill the purposes set out in this policy unless a more extended retention period is required by law.<\/span><b><\/b><\/p>\n<h4><b>Destruction of personal information<\/b><b><\/b><\/h4>\n<p><span style=\"font-weight: 400;\">We will securely destroy personal information received at the end of the retention period or when the personal information is no longer required.<\/span><\/p>\n<p><span style=\"font-weight: 400;\">However, in some instances and for severe and legitimate purposes, such as for statistical data or otherwise, we could anonymize (that is to say, to make it impossible to identify the person through information and this irreversibly and permanently) personal information. This procedure will make tracing the individual linked to the intelligence impossible. The rest of the data will be destroyed following the previous paragraph.<\/span><b><\/b><\/p>\n<h4><b>Link to a third-party site<\/b><b><\/b><\/h4>\n<p><span style=\"font-weight: 400;\">The policy does not apply to other third-party websites which can be accessed from links on our internet pages. We are not and cannot be responsible for these third-party sites, their content, access or how they may use your personal information.<\/span><\/p>\n<p><span style=\"font-weight: 400;\">Therefore, any personal information that you transmit through these third-party websites is subject to their own confidentiality and\/or privacy policy. It is your responsibility to review these policies on third-party websites.<\/span><br \/>\n<b><\/b><\/p>\n<h4><b>Using Google Inc. Products<\/b><b><\/b><\/h4>\n<ol>\n<li style=\"font-weight: 400;\" aria-level=\"1\"><span style=\"font-weight: 400;\">ReCAPTCHA<\/span><\/li>\n<\/ol>\n<p><span style=\"font-weight: 400;\">We may use Google Inc.&#8217;s (Google) ReCAPTCHA product to protect form entries on our website. This system checks whether the data entered on our site (contact form) was joined by a human or an automated program to avoid malicious use. For more information, we invite you to consult the Google reCAPTCHA website and read their policies.<\/span><\/p>\n<p><span style=\"font-weight: 400;\">By using the reCAPTCHA service, you consent to Google&#8217;s processing of data about you in the manner and for the purposes set out in their policies.<\/span><\/p>\n<ol>\n<li style=\"font-weight: 400;\" aria-level=\"1\"><span style=\"font-weight: 400;\">\u00a0Google Analytics<\/span><\/li>\n<\/ol>\n<p><span style=\"font-weight: 400;\">We may use the Google Analytics product from Google Inc. (Google) to improve the experience and analyze our customers. For more information, we invite you to consult the Google Analytics website and read their policies.<\/span><\/p>\n<p><span style=\"font-weight: 400;\">By using our website, you consent to Google&#8217;s processing of data about you in the manner and for the purposes set out in their policies. For any information, please contact our manager in the Contact section below.<\/span><b><\/b><\/p>\n<h4><b>Your rights<\/b><b><\/b><\/h4>\n<p><span style=\"font-weight: 400;\">According to the Privacy Act and other applicable laws, you have the right to request access, rectification, deletion or portability of your personal information. To exercise these rights or ask questions about our Privacy Policy, please contact us at <\/span><span style=\"font-weight: 400;\">info@mtlstencil.com.<\/span><\/p>\n<p><span style=\"font-weight: 400;\">You have certain rights regarding your personal information, including:<\/span><\/p>\n<ul>\n<li style=\"font-weight: 400;\" aria-level=\"1\"><span style=\"font-weight: 400;\">The right to access your personal information.<\/span><\/li>\n<li style=\"font-weight: 400;\" aria-level=\"1\"><span style=\"font-weight: 400;\">The right to correct your personal information if it is inaccurate.<\/span><\/li>\n<li style=\"font-weight: 400;\" aria-level=\"1\"><span style=\"font-weight: 400;\">The right to withdraw your consent when the personal information transmitted was based on your consent.<\/span><\/li>\n<li style=\"font-weight: 400;\" aria-level=\"1\"><span style=\"font-weight: 400;\">The right to change your communication preferences<\/span><\/li>\n<li style=\"font-weight: 400;\" aria-level=\"1\"><span style=\"font-weight: 400;\">The right to request deletion of your personal information, subject to legal obligations.<\/span><\/li>\n<li style=\"font-weight: 400;\" aria-level=\"1\"><span style=\"font-weight: 400;\">The right to object to the processing of your personal information in certain circumstances.<\/span><\/li>\n<\/ul>\n<h4><b>Contacts<\/b><b><\/b><\/h4>\n<p><span style=\"font-weight: 400;\">Any questions or concerns regarding this policy or about the collection, use or disclosure of your personal information can be addressed by using the unique information access form accessible from the footer of the website of <\/span><span style=\"font-weight: 400;\">Montreal Stencil <\/span><span style=\"font-weight: 400;\">.<\/span><\/p>\n<p><span style=\"font-weight: 400;\">You can also write to us at the following address:<\/span><span style=\"font-weight: 400;\"><br \/>\n<\/span><span style=\"font-weight: 400;\"><br \/>\n<\/span><span style=\"font-weight: 400;\">Person responsible for the protection of personal information<\/span><\/p>\n<p><span style=\"font-weight: 400;\">Saltzman, Richard President<\/span><br \/>\n<span style=\"font-weight: 400;\">Email address | richard@mtlstencil.com<\/span><br \/>\n<span style=\"font-weight: 400;\">3537 Ashby Street<\/span><br \/>\n<span style=\"font-weight: 400;\">St-Laurent, Qc Canada H4R 2K3<\/span><\/p>\n<p><span style=\"font-weight: 400;\">We thank you for your trust in <\/span><span style=\"font-weight: 400;\">Montreal Stencil <\/span><span style=\"font-weight: 400;\">\u00a0and interest in protecting your privacy.<\/span><b><\/b><\/p>\n<h4><b>Changes to the Privacy Policy<\/b><b><\/b><\/h4>\n<p><span style=\"font-weight: 400;\">We reserve the right to modify this policy at any time. Any changes will be posted on our website with an updated revision date.<\/span><br \/>\n<span style=\"font-weight: 400;\">You accept the terms of the revised or modified policy by continuing to use our products or services after changes are posted.<\/span><br \/>\n<span style=\"font-weight: 400;\">We thank you for your trust in <\/span><span style=\"font-weight: 400;\">Montreal Stencil <\/span><span style=\"font-weight: 400;\">to protect your personal information.<\/span><br \/>\n;<\/p>\n<p><i><span style=\"font-weight: 400;\">Date of last update: 07\/03\/2024<\/span><\/i><br \/>\n<i><span style=\"font-weight: 400;\">Effective date policy: 07\/03\/2024<\/span><\/i><\/p>\n<p><i><span style=\"font-weight: 400;\">Contact Information: <\/span><\/i><i><span style=\"font-weight: 400;\">3537 Ashby Street, St-Laurent Qc, Canada H4R 2K3\u00a0 richard@mtlstencil.com 514-866-4721 person responsible for private information<\/span><\/i><\/p>\n","protected":false},"excerpt":{"rendered":"<p>Personal information protection policy, use of cookies and confidentiality policy Introduction Welcome to the website of Montreal Stencil \u00a0(hereinafter referred to as \u201cwe\u201d or \u201cus\u201d). We are committed to protecting the privacy of our customers and website users. This Policy for the protection of personal&#8230;<\/p>\n","protected":false},"author":5,"featured_media":0,"parent":0,"menu_order":0,"comment_status":"closed","ping_status":"closed","template":"","meta":{"_acf_changed":false,"footnotes":""},"class_list":["post-5584","page","type-page","status-publish","hentry"],"acf":[],"yoast_head":"<!-- This site is optimized with the Yoast SEO plugin v26.8 - https:\/\/yoast.com\/product\/yoast-seo-wordpress\/ -->\n<title>Legal notice - Montreal Stencil<\/title>\n<meta name=\"robots\" content=\"index, follow, max-snippet:-1, max-image-preview:large, max-video-preview:-1\" \/>\n<link rel=\"canonical\" href=\"https:\/\/montrealstencil.com\/en\/legal-notice\/\" \/>\n<meta property=\"og:locale\" content=\"en_US\" \/>\n<meta property=\"og:type\" content=\"article\" \/>\n<meta property=\"og:title\" content=\"Legal notice - Montreal Stencil\" \/>\n<meta property=\"og:description\" content=\"Personal information protection policy, use of cookies and confidentiality policy Introduction Welcome to the website of Montreal Stencil \u00a0(hereinafter referred to as \u201cwe\u201d or \u201cus\u201d). We are committed to protecting the privacy of our customers and website users. This Policy for the protection of personal...\" \/>\n<meta property=\"og:url\" content=\"https:\/\/montrealstencil.com\/en\/legal-notice\/\" \/>\n<meta property=\"og:site_name\" content=\"Montreal Stencil\" \/>\n<meta property=\"article:publisher\" content=\"https:\/\/www.facebook.com\/montrealstencil\" \/>\n<meta name=\"twitter:card\" content=\"summary_large_image\" \/>\n<meta name=\"twitter:label1\" content=\"Est. reading time\" \/>\n\t<meta name=\"twitter:data1\" content=\"7 minutes\" \/>\n<script type=\"application\/ld+json\" class=\"yoast-schema-graph\">{\"@context\":\"https:\/\/schema.org\",\"@graph\":[{\"@type\":\"WebPage\",\"@id\":\"https:\/\/montrealstencil.com\/en\/legal-notice\/\",\"url\":\"https:\/\/montrealstencil.com\/en\/legal-notice\/\",\"name\":\"Legal notice - Montreal Stencil\",\"isPartOf\":{\"@id\":\"https:\/\/montrealstencil.com\/#website\"},\"datePublished\":\"2024-03-10T14:40:26+00:00\",\"breadcrumb\":{\"@id\":\"https:\/\/montrealstencil.com\/en\/legal-notice\/#breadcrumb\"},\"inLanguage\":\"en-CA\",\"potentialAction\":[{\"@type\":\"ReadAction\",\"target\":[\"https:\/\/montrealstencil.com\/en\/legal-notice\/\"]}]},{\"@type\":\"BreadcrumbList\",\"@id\":\"https:\/\/montrealstencil.com\/en\/legal-notice\/#breadcrumb\",\"itemListElement\":[{\"@type\":\"ListItem\",\"position\":1,\"name\":\"Home\",\"item\":\"https:\/\/montrealstencil.com\/en\/\"},{\"@type\":\"ListItem\",\"position\":2,\"name\":\"Legal notice\"}]},{\"@type\":\"WebSite\",\"@id\":\"https:\/\/montrealstencil.com\/#website\",\"url\":\"https:\/\/montrealstencil.com\/\",\"name\":\"Montreal Stencil\",\"description\":\"\u00c9tampes, plaques, pochoirs stencils et \u00e9tiquettes personnalis\u00e9es \u00e0 Montr\u00e9al\",\"potentialAction\":[{\"@type\":\"SearchAction\",\"target\":{\"@type\":\"EntryPoint\",\"urlTemplate\":\"https:\/\/montrealstencil.com\/?s={search_term_string}\"},\"query-input\":{\"@type\":\"PropertyValueSpecification\",\"valueRequired\":true,\"valueName\":\"search_term_string\"}}],\"inLanguage\":\"en-CA\"}]}<\/script>\n<!-- \/ Yoast SEO plugin. -->","yoast_head_json":{"title":"Legal notice - Montreal Stencil","robots":{"index":"index","follow":"follow","max-snippet":"max-snippet:-1","max-image-preview":"max-image-preview:large","max-video-preview":"max-video-preview:-1"},"canonical":"https:\/\/montrealstencil.com\/en\/legal-notice\/","og_locale":"en_US","og_type":"article","og_title":"Legal notice - Montreal Stencil","og_description":"Personal information protection policy, use of cookies and confidentiality policy Introduction Welcome to the website of Montreal Stencil \u00a0(hereinafter referred to as \u201cwe\u201d or \u201cus\u201d). We are committed to protecting the privacy of our customers and website users. This Policy for the protection of personal...","og_url":"https:\/\/montrealstencil.com\/en\/legal-notice\/","og_site_name":"Montreal Stencil","article_publisher":"https:\/\/www.facebook.com\/montrealstencil","twitter_card":"summary_large_image","twitter_misc":{"Est. reading time":"7 minutes"},"schema":{"@context":"https:\/\/schema.org","@graph":[{"@type":"WebPage","@id":"https:\/\/montrealstencil.com\/en\/legal-notice\/","url":"https:\/\/montrealstencil.com\/en\/legal-notice\/","name":"Legal notice - Montreal Stencil","isPartOf":{"@id":"https:\/\/montrealstencil.com\/#website"},"datePublished":"2024-03-10T14:40:26+00:00","breadcrumb":{"@id":"https:\/\/montrealstencil.com\/en\/legal-notice\/#breadcrumb"},"inLanguage":"en-CA","potentialAction":[{"@type":"ReadAction","target":["https:\/\/montrealstencil.com\/en\/legal-notice\/"]}]},{"@type":"BreadcrumbList","@id":"https:\/\/montrealstencil.com\/en\/legal-notice\/#breadcrumb","itemListElement":[{"@type":"ListItem","position":1,"name":"Home","item":"https:\/\/montrealstencil.com\/en\/"},{"@type":"ListItem","position":2,"name":"Legal notice"}]},{"@type":"WebSite","@id":"https:\/\/montrealstencil.com\/#website","url":"https:\/\/montrealstencil.com\/","name":"Montreal Stencil","description":"\u00c9tampes, plaques, pochoirs stencils et \u00e9tiquettes personnalis\u00e9es \u00e0 Montr\u00e9al","potentialAction":[{"@type":"SearchAction","target":{"@type":"EntryPoint","urlTemplate":"https:\/\/montrealstencil.com\/?s={search_term_string}"},"query-input":{"@type":"PropertyValueSpecification","valueRequired":true,"valueName":"search_term_string"}}],"inLanguage":"en-CA"}]}},"_links":{"self":[{"href":"https:\/\/montrealstencil.com\/en\/wp-json\/wp\/v2\/pages\/5584","targetHints":{"allow":["GET"]}}],"collection":[{"href":"https:\/\/montrealstencil.com\/en\/wp-json\/wp\/v2\/pages"}],"about":[{"href":"https:\/\/montrealstencil.com\/en\/wp-json\/wp\/v2\/types\/page"}],"author":[{"embeddable":true,"href":"https:\/\/montrealstencil.com\/en\/wp-json\/wp\/v2\/users\/5"}],"replies":[{"embeddable":true,"href":"https:\/\/montrealstencil.com\/en\/wp-json\/wp\/v2\/comments?post=5584"}],"version-history":[{"count":1,"href":"https:\/\/montrealstencil.com\/en\/wp-json\/wp\/v2\/pages\/5584\/revisions"}],"predecessor-version":[{"id":5585,"href":"https:\/\/montrealstencil.com\/en\/wp-json\/wp\/v2\/pages\/5584\/revisions\/5585"}],"wp:attachment":[{"href":"https:\/\/montrealstencil.com\/en\/wp-json\/wp\/v2\/media?parent=5584"}],"curies":[{"name":"wp","href":"https:\/\/api.w.org\/{rel}","templated":true}]}}