{"id":3737,"date":"2018-10-25T09:58:34","date_gmt":"2018-10-25T09:58:34","guid":{"rendered":"http:\/\/montreal-stencil.arkhame-web.com\/our-entreprise\/"},"modified":"2025-12-23T15:47:19","modified_gmt":"2025-12-23T15:47:19","slug":"our-company","status":"publish","type":"page","link":"https:\/\/montrealstencil.com\/en\/our-company\/","title":{"rendered":"Our Company"},"content":{"rendered":"<div class=\"wpb-content-wrapper\"><p>[vc_row content_width=&#8221;grid&#8221;][vc_column offset=&#8221;vc_col-lg-6 vc_col-md-12&#8243;][vc_empty_space height=&#8221;76px&#8221; el_class=&#8221;space-grid-responsive-element&#8221;]<div class=\"qodef-animations-holder qodef-element-from-bottom\" data-animation=\"qodef-element-from-bottom\">\n\t<div style=\"animation-duration: 500ms;-webkit-animation-duration: 500ms;-moz-animation-duration: 500ms\">\n\t\t[vc_column_text]<\/p>\n<h6>Montreal Stencil<\/h6>\n<p>[\/vc_column_text][vc_empty_space height=&#8221;5px&#8221;][vc_column_text]<\/p>\n<h2>About us<\/h2>\n<p>[\/vc_column_text][vc_empty_space height=&#8221;15px&#8221;][vc_column_text css=&#8221;.vc_custom_1541529901035{padding-right: 2% !important;}&#8221;]Montreal Stencil (1875) and W.D. Armstrong (1915), later known as Etampes BelleMarque, were established at the beginning of the last century. After mastering the manufacturing of stencils and steel engraving, the two businesses each focused on using new technologies to develop additional markets and affirmed themselves as industry leaders in the field of engraving, signage and rubber stamping products. [\/vc_column_text]\t<\/div>\n\n<\/div>[vc_empty_space height=&#8221;80px&#8221; el_class=&#8221;space-grid-responsive-element&#8221;][\/vc_column][vc_column offset=&#8221;vc_col-lg-6 vc_col-md-12&#8243;][vc_empty_space height=&#8221;76px&#8221; el_class=&#8221;space-grid-responsive-element&#8221;][vc_gallery type=&#8221;flexslider_slide&#8221; interval=&#8221;3&#8243; images=&#8221;3632,3634,3636&#8243; img_size=&#8221;full&#8221;][vc_empty_space height=&#8221;80px&#8221; el_class=&#8221;space-grid-responsive-element&#8221;][\/vc_column][\/vc_row][vc_row content_width=&#8221;grid&#8221; css=&#8221;.vc_custom_1539807493482{background-color: #f7f7f7 !important;}&#8221;][vc_column offset=&#8221;vc_col-lg-6 vc_col-md-12&#8243;][vc_empty_space height=&#8221;76px&#8221; el_class=&#8221;space-grid-responsive-element&#8221;][vc_gallery type=&#8221;flexslider_slide&#8221; interval=&#8221;3&#8243; images=&#8221;3623,3625,3627&#8243; img_size=&#8221;full&#8221;][vc_empty_space height=&#8221;80px&#8221;][\/vc_column][vc_column offset=&#8221;vc_col-lg-6 vc_col-md-12&#8243;][vc_empty_space height=&#8221;76px&#8221; el_class=&#8221;space-grid-responsive-element&#8221;]<div class=\"qodef-animations-holder qodef-element-from-bottom\" data-animation=\"qodef-element-from-bottom\">\n\t<div style=\"animation-duration: 500ms;-webkit-animation-duration: 500ms;-moz-animation-duration: 500ms\">\n\t\t[vc_column_text css=&#8221;.vc_custom_1539807849191{padding-left: 2% !important;}&#8221;]<\/p>\n<h6>1000 and one ways &#8230;<\/h6>\n<p>[\/vc_column_text][vc_empty_space height=&#8221;5px&#8221;][vc_column_text css=&#8221;.vc_custom_1736520405777{padding-left: 2% !important;}&#8221;]<\/p>\n<h2>150 years of expertise<\/h2>\n<p>[\/vc_column_text][vc_empty_space height=&#8221;15px&#8221;][vc_column_text css=&#8221;.vc_custom_1766504838059{padding-left: 2% !important;}&#8221;]After many years of competing against each other in a friendly rivalry, W.D. Armstrong acquired Montreal Stencil in March of 2000. Today we continue the tradition of quality products and services under the name of Montreal Stencil and are proud of our more than 150 years of experience in marking and identification products.<\/p>\n<p>Advances in communication and transportation services have shortened the distances between shipper and receiver permitting us to serve our customers in Quebec, North America and around the world.<\/p>\n<p>Do not hesitate to communicate with us by email at <a href=\"mailto:info@mtlstencil.com\">info@mtlstencil.com<\/a> or by telephone <a href=\"tel:+15148664721\">514 866-4721<\/a>.<\/p>\n<p>We can consult you on your needs and propose new solutions using modern methods and technologies.[\/vc_column_text]\t<\/div>\n\n<\/div>[vc_empty_space height=&#8221;80px&#8221; el_class=&#8221;space-grid-responsive-element&#8221;][\/vc_column][\/vc_row][vc_row content_width=&#8221;grid&#8221;][vc_column width=&#8221;1\/3&#8243;][vc_empty_space height=&#8221;76px&#8221; el_class=&#8221;space-grid-responsive-element&#8221;]<div class=\"qodef-animations-holder qodef-element-from-bottom\" data-animation=\"qodef-element-from-bottom\">\n\t<div style=\"animation-duration: 500ms;-webkit-animation-duration: 500ms;-moz-animation-duration: 500ms\">\n\t\t[vc_column_text css=&#8221;.vc_custom_1544732023261{padding-left: 2% !important;}&#8221;]<\/p>\n<h6>The experience at your fingertips<\/h6>\n<p>[\/vc_column_text][vc_empty_space height=&#8221;5px&#8221;][vc_column_text css=&#8221;.vc_custom_1539808112456{padding-left: 2% !important;}&#8221;]<\/p>\n<h2>Our team<\/h2>\n<p>[\/vc_column_text][vc_empty_space height=&#8221;15px&#8221;]\t<\/div>\n\n<\/div>[\/vc_column][vc_column width=&#8221;2\/3&#8243;][vc_empty_space height=&#8221;76px&#8221; el_class=&#8221;space-grid-responsive-element&#8221;]<div class=\"qodef-animations-holder qodef-element-from-bottom\" data-animation=\"qodef-element-from-bottom\">\n\t<div style=\"animation-duration: 500ms;-webkit-animation-duration: 500ms;-moz-animation-duration: 500ms\">\n\t\t[vc_column_text css=&#8221;.vc_custom_1544717538857{padding-left: 2% !important;}&#8221;][\/vc_column_text][vc_empty_space height=&#8221;15px&#8221;]\t<\/div>\n\n<\/div>[\/vc_column][\/vc_row][vc_row][vc_column][vc_empty_space height=&#8221;50px&#8221; el_class=&#8221;space-grid-responsive-element&#8221;][\/vc_column][\/vc_row][vc_row content_width=&#8221;grid&#8221; css=&#8221;.vc_custom_1539808584547{padding-right: 5% !important;padding-left: 5% !important;}&#8221;][vc_column width=&#8221;1\/3&#8243;]\n<div class=\"qodef-team main-info-below-image\">\n\t<div class=\"qodef-team-inner\">\n\t\t\t\t\t<div class=\"qodef-team-image\">\n\t\t\t\t<img loading=\"lazy\" decoding=\"async\" width=\"504\" height=\"560\" src=\"https:\/\/montrealstencil.com\/wp-content\/uploads\/2018\/10\/equipe-richard.jpg\" class=\"attachment-full size-full\" alt=\"\" srcset=\"https:\/\/montrealstencil.com\/wp-content\/uploads\/2018\/10\/equipe-richard.jpg 504w, https:\/\/montrealstencil.com\/wp-content\/uploads\/2018\/10\/equipe-richard-270x300.jpg 270w\" sizes=\"auto, (max-width: 504px) 100vw, 504px\" \/>\t\t\t\t<span class=\"qodef-team-overlay\"><\/span>\n\t\t\t<\/div>\n\t\t\n\t\t\t\t\t<div class=\"qodef-team-info\">\n\t\t\t\t\t\t\t\t\t<div class=\"qodef-team-title-holder circle\">\n\t\t\t\t\t\t\t\t\t\t\t\t\t<h5 class=\"qodef-team-name\">\n\t\t\t\t\t\t\t\tRICHARD SALTZMAN\t\t\t\t\t\t\t<\/h5>\n\t\t\t\t\t\t\t\t\t\t\t\t\t\t\t\t\t\t\t<h6 class=\"qodef-team-position\">President<\/h6>\n\t\t\t\t\t\t\t\t\t\t\t<\/div>\n\t\t\t\t\n\t\t<div class=\"qodef-team-social-holder-between\">\n\t\t\t<div class=\"qodef-team-social circle\">\n\t\t\t\t<div class=\"qodef-team-social-inner\">\n\t\t\t\t\t<div class=\"qodef-team-social-wrapp\">\n\n\t\t\t\t\t\t\n\t<span class=\"qodef-icon-shortcode circle qodef-icon-hover-effect \"  >\n\t\t\t\t\t<a class=\"\" href=\"https:\/\/www.facebook.com\/montrealstencil\/\" target=\"_blank\">\n\t\t\n\t\t<i class=\"qodef-icon-font-awesome fa fa-facebook qodef-icon-element\" style=\"\" ><\/i>\n\t\t\t\t\t<\/a>\n\t\t\t\t\t\t\t<span class=\"qodef-icon-shader\" ><\/span>\n\t\t\t<\/span>\n\n\n\t<span class=\"qodef-icon-shortcode circle qodef-icon-hover-effect \"  >\n\t\t\t\t\t<a class=\"\" href=\"https:\/\/www.linkedin.com\/company\/montreal-stencil-inc-_2\/about\/\" target=\"_blank\">\n\t\t\n\t\t<i class=\"qodef-icon-font-awesome fa fa-linkedin qodef-icon-element\" style=\"\" ><\/i>\n\t\t\t\t\t<\/a>\n\t\t\t\t\t\t\t<span class=\"qodef-icon-shader\" ><\/span>\n\t\t\t<\/span>\n\n\n\t<span class=\"qodef-icon-shortcode circle qodef-icon-hover-effect \"  >\n\t\t\t\t\t<a class=\"\" href=\"mailto:richard@mtlstencil.com\" target=\"\">\n\t\t\n\t\t<i class=\"qodef-icon-font-awesome fa fa-envelope qodef-icon-element\" style=\"\" ><\/i>\n\t\t\t\t\t<\/a>\n\t\t\t\t\t\t\t<span class=\"qodef-icon-shader\" ><\/span>\n\t\t\t<\/span>\n\n\n\t\t\t\t\t<\/div>\n\t\t\t\t<\/div>\n\t\t\t<\/div>\n\t\t<\/div>\n\n\t\t<\/div>\n\t<\/div>\n<\/div>[vc_column_text css=&#8221;.vc_custom_1545325610726{padding-bottom: 39px !important;background-color: #0e0e0e !important;}&#8221;]<\/p>\n<p style=\"text-align: center;\"><span style=\"color: #ffffff;\"><strong><a style=\"color: #ffffff;\" href=\"tel:+15148664721\">514 866-4721<\/a>, ext 111<\/strong><\/span><\/p>\n<p>[\/vc_column_text][vc_empty_space height=&#8221;40px&#8221;][\/vc_column][vc_column width=&#8221;1\/3&#8243;]\n<div class=\"qodef-team main-info-below-image\">\n\t<div class=\"qodef-team-inner\">\n\t\t\t\t\t<div class=\"qodef-team-image\">\n\t\t\t\t<img loading=\"lazy\" decoding=\"async\" width=\"539\" height=\"651\" src=\"https:\/\/montrealstencil.com\/wp-content\/uploads\/2025\/11\/photo-elweslati-mohamed-walid2.jpg\" class=\"attachment-full size-full\" alt=\"\" srcset=\"https:\/\/montrealstencil.com\/wp-content\/uploads\/2025\/11\/photo-elweslati-mohamed-walid2.jpg 539w, https:\/\/montrealstencil.com\/wp-content\/uploads\/2025\/11\/photo-elweslati-mohamed-walid2-248x300.jpg 248w\" sizes=\"auto, (max-width: 539px) 100vw, 539px\" \/>\t\t\t\t<span class=\"qodef-team-overlay\"><\/span>\n\t\t\t<\/div>\n\t\t\n\t\t\t\t\t<div class=\"qodef-team-info\">\n\t\t\t\t\t\t\t\t\t<div class=\"qodef-team-title-holder circle\">\n\t\t\t\t\t\t\t\t\t\t\t\t\t<h5 class=\"qodef-team-name\">\n\t\t\t\t\t\t\t\tMOHAMED WALID ELWESLATI\t\t\t\t\t\t\t<\/h5>\n\t\t\t\t\t\t\t\t\t\t\t\t\t\t\t\t\t\t\t<h6 class=\"qodef-team-position\">Internal Sales \u2013 Silkscreen and digital printing<\/h6>\n\t\t\t\t\t\t\t\t\t\t\t<\/div>\n\t\t\t\t\n\t\t<div class=\"qodef-team-social-holder-between\">\n\t\t\t<div class=\"qodef-team-social circle\">\n\t\t\t\t<div class=\"qodef-team-social-inner\">\n\t\t\t\t\t<div class=\"qodef-team-social-wrapp\">\n\n\t\t\t\t\t\t\n\t<span class=\"qodef-icon-shortcode circle qodef-icon-hover-effect \"  >\n\t\t\t\t\t<a class=\"\" href=\"mailto:rtousignant@mtlstencil.com\" target=\"\">\n\t\t\n\t\t<i class=\"qodef-icon-font-awesome fa fa-envelope qodef-icon-element\" style=\"\" ><\/i>\n\t\t\t\t\t<\/a>\n\t\t\t\t\t\t\t<span class=\"qodef-icon-shader\" ><\/span>\n\t\t\t<\/span>\n\n\n\t\t\t\t\t<\/div>\n\t\t\t\t<\/div>\n\t\t\t<\/div>\n\t\t<\/div>\n\n\t\t<\/div>\n\t<\/div>\n<\/div>[vc_column_text css=&#8221;.vc_custom_1545325832136{padding-bottom: 20px !important;background-color: #0e0e0e !important;}&#8221;]<\/p>\n<p style=\"text-align: center;\"><span style=\"color: #ffffff;\"><strong><a style=\"color: #ffffff;\" href=\"tel:+15148664721\">514 866-4721<\/a>, ext 114<\/strong><\/span><\/p>\n<p>[\/vc_column_text][vc_empty_space height=&#8221;40px&#8221;][\/vc_column][vc_column width=&#8221;1\/3&#8243;]\n<div class=\"qodef-team main-info-below-image\">\n\t<div class=\"qodef-team-inner\">\n\t\t\t\t\t<div class=\"qodef-team-image\">\n\t\t\t\t<img loading=\"lazy\" decoding=\"async\" width=\"503\" height=\"557\" src=\"https:\/\/montrealstencil.com\/wp-content\/uploads\/2018\/10\/equipe-richard-tousignant.jpg\" class=\"attachment-full size-full\" alt=\"\" srcset=\"https:\/\/montrealstencil.com\/wp-content\/uploads\/2018\/10\/equipe-richard-tousignant.jpg 503w, https:\/\/montrealstencil.com\/wp-content\/uploads\/2018\/10\/equipe-richard-tousignant-271x300.jpg 271w\" sizes=\"auto, (max-width: 503px) 100vw, 503px\" \/>\t\t\t\t<span class=\"qodef-team-overlay\"><\/span>\n\t\t\t<\/div>\n\t\t\n\t\t\t\t\t<div class=\"qodef-team-info\">\n\t\t\t\t\t\t\t\t\t<div class=\"qodef-team-title-holder circle\">\n\t\t\t\t\t\t\t\t\t\t\t\t\t<h5 class=\"qodef-team-name\">\n\t\t\t\t\t\t\t\tJEAN-MARC GU\u00c9RIN\t\t\t\t\t\t\t<\/h5>\n\t\t\t\t\t\t\t\t\t\t\t\t\t\t\t\t\t\t\t<h6 class=\"qodef-team-position\">Sales manager<\/h6>\n\t\t\t\t\t\t\t\t\t\t\t<\/div>\n\t\t\t\t\n\t\t<div class=\"qodef-team-social-holder-between\">\n\t\t\t<div class=\"qodef-team-social circle\">\n\t\t\t\t<div class=\"qodef-team-social-inner\">\n\t\t\t\t\t<div class=\"qodef-team-social-wrapp\">\n\n\t\t\t\t\t\t\n\t<span class=\"qodef-icon-shortcode circle qodef-icon-hover-effect \"  >\n\t\t\t\t\t<a class=\"\" href=\"mailto:jeanmarc@mtlstencil.com\" target=\"\">\n\t\t\n\t\t<i class=\"qodef-icon-font-awesome fa fa-envelope qodef-icon-element\" style=\"\" ><\/i>\n\t\t\t\t\t<\/a>\n\t\t\t\t\t\t\t<span class=\"qodef-icon-shader\" ><\/span>\n\t\t\t<\/span>\n\n\n\t\t\t\t\t<\/div>\n\t\t\t\t<\/div>\n\t\t\t<\/div>\n\t\t<\/div>\n\n\t\t<\/div>\n\t<\/div>\n<\/div>[vc_column_text css=&#8221;.vc_custom_1545325622149{padding-bottom: 39px !important;background-color: #0e0e0e !important;}&#8221;]<\/p>\n<p style=\"text-align: center;\"><span style=\"color: #ffffff;\"><strong><a style=\"color: #ffffff;\" href=\"tel:+15148664721\">514 866-4721<\/a>, ext 118<\/strong><\/span><\/p>\n<p>[\/vc_column_text][vc_empty_space height=&#8221;40px&#8221;][\/vc_column][\/vc_row][vc_row content_width=&#8221;grid&#8221; css=&#8221;.vc_custom_1539808584547{padding-right: 5% !important;padding-left: 5% !important;}&#8221;][vc_column width=&#8221;1\/3&#8243;]\n<div class=\"qodef-team main-info-below-image\">\n\t<div class=\"qodef-team-inner\">\n\t\t\t\t\t<div class=\"qodef-team-image\">\n\t\t\t\t<img loading=\"lazy\" decoding=\"async\" width=\"504\" height=\"557\" src=\"https:\/\/montrealstencil.com\/wp-content\/uploads\/2018\/10\/equipe-nathalie.jpg\" class=\"attachment-full size-full\" alt=\"\" srcset=\"https:\/\/montrealstencil.com\/wp-content\/uploads\/2018\/10\/equipe-nathalie.jpg 504w, https:\/\/montrealstencil.com\/wp-content\/uploads\/2018\/10\/equipe-nathalie-271x300.jpg 271w\" sizes=\"auto, (max-width: 504px) 100vw, 504px\" \/>\t\t\t\t<span class=\"qodef-team-overlay\"><\/span>\n\t\t\t<\/div>\n\t\t\n\t\t\t\t\t<div class=\"qodef-team-info\">\n\t\t\t\t\t\t\t\t\t<div class=\"qodef-team-title-holder circle\">\n\t\t\t\t\t\t\t\t\t\t\t\t\t<h5 class=\"qodef-team-name\">\n\t\t\t\t\t\t\t\tNATHALIE GINGRAS\t\t\t\t\t\t\t<\/h5>\n\t\t\t\t\t\t\t\t\t\t\t\t\t\t\t\t\t\t\t<h6 class=\"qodef-team-position\">Customer service<\/h6>\n\t\t\t\t\t\t\t\t\t\t\t<\/div>\n\t\t\t\t\n\t\t<div class=\"qodef-team-social-holder-between\">\n\t\t\t<div class=\"qodef-team-social circle\">\n\t\t\t\t<div class=\"qodef-team-social-inner\">\n\t\t\t\t\t<div class=\"qodef-team-social-wrapp\">\n\n\t\t\t\t\t\t\n\t<span class=\"qodef-icon-shortcode circle qodef-icon-hover-effect \"  >\n\t\t\t\t\t<a class=\"\" href=\"mailto:nathalie@mtlstencil.com\" target=\"\">\n\t\t\n\t\t<i class=\"qodef-icon-font-awesome fa fa-envelope qodef-icon-element\" style=\"\" ><\/i>\n\t\t\t\t\t<\/a>\n\t\t\t\t\t\t\t<span class=\"qodef-icon-shader\" ><\/span>\n\t\t\t<\/span>\n\n\n\t\t\t\t\t<\/div>\n\t\t\t\t<\/div>\n\t\t\t<\/div>\n\t\t<\/div>\n\n\t\t<\/div>\n\t<\/div>\n<\/div>[vc_column_text css=&#8221;.vc_custom_1545325660422{padding-bottom: 20px !important;background-color: #0e0e0e !important;}&#8221;]<\/p>\n<p style=\"text-align: center;\"><span style=\"color: #ffffff;\"><strong><a style=\"color: #ffffff;\" href=\"tel:+15148664721\">514 866-4721<\/a>, ext 117<\/strong><\/span><\/p>\n<p>[\/vc_column_text][vc_empty_space height=&#8221;40px&#8221;][\/vc_column][\/vc_row][vc_row][vc_column][vc_empty_space height=&#8221;50px&#8221; el_class=&#8221;space-grid-responsive-element&#8221;][\/vc_column][\/vc_row]<\/p>\n<\/div>","protected":false},"excerpt":{"rendered":"<p>[vc_row content_width=&#8221;grid&#8221;][vc_column offset=&#8221;vc_col-lg-6 vc_col-md-12&#8243;][vc_empty_space height=&#8221;76px&#8221; el_class=&#8221;space-grid-responsive-element&#8221;][vc_empty_space height=&#8221;80px&#8221; el_class=&#8221;space-grid-responsive-element&#8221;][\/vc_column][vc_column offset=&#8221;vc_col-lg-6 vc_col-md-12&#8243;][vc_empty_space height=&#8221;76px&#8221; el_class=&#8221;space-grid-responsive-element&#8221;][vc_gallery type=&#8221;flexslider_slide&#8221; interval=&#8221;3&#8243; images=&#8221;3632,3634,3636&#8243; img_size=&#8221;full&#8221;][vc_empty_space height=&#8221;80px&#8221; el_class=&#8221;space-grid-responsive-element&#8221;][\/vc_column][\/vc_row][vc_row content_width=&#8221;grid&#8221; css=&#8221;.vc_custom_1539807493482{background-color: #f7f7f7 !important;}&#8221;][vc_column offset=&#8221;vc_col-lg-6 vc_col-md-12&#8243;][vc_empty_space height=&#8221;76px&#8221; el_class=&#8221;space-grid-responsive-element&#8221;][vc_gallery type=&#8221;flexslider_slide&#8221; interval=&#8221;3&#8243; images=&#8221;3623,3625,3627&#8243; img_size=&#8221;full&#8221;][vc_empty_space height=&#8221;80px&#8221;][\/vc_column][vc_column offset=&#8221;vc_col-lg-6 vc_col-md-12&#8243;][vc_empty_space height=&#8221;76px&#8221; el_class=&#8221;space-grid-responsive-element&#8221;][vc_empty_space height=&#8221;80px&#8221; el_class=&#8221;space-grid-responsive-element&#8221;][\/vc_column][\/vc_row][vc_row content_width=&#8221;grid&#8221;][vc_column width=&#8221;1\/3&#8243;][vc_empty_space height=&#8221;76px&#8221; el_class=&#8221;space-grid-responsive-element&#8221;][\/vc_column][vc_column width=&#8221;2\/3&#8243;][vc_empty_space height=&#8221;76px&#8221; el_class=&#8221;space-grid-responsive-element&#8221;][\/vc_column][\/vc_row][vc_row][vc_column][vc_empty_space height=&#8221;50px&#8221;&#8230;<\/p>\n","protected":false},"author":1,"featured_media":0,"parent":0,"menu_order":0,"comment_status":"closed","ping_status":"closed","template":"full-width.php","meta":{"_acf_changed":false,"footnotes":""},"class_list":["post-3737","page","type-page","status-publish","hentry"],"acf":[],"yoast_head":"<!-- This site is optimized with the Yoast SEO plugin v26.8 - https:\/\/yoast.com\/product\/yoast-seo-wordpress\/ -->\n<title>About Montreal Stencil: Experts in engraving since 1875<\/title>\n<meta name=\"description\" content=\"Business engraving and vinyl lettering projects. Montr\u00e9al Stencil puts 150 years of expertise at the service of your display and signage projects.\" \/>\n<meta name=\"robots\" content=\"index, follow, max-snippet:-1, max-image-preview:large, max-video-preview:-1\" \/>\n<link rel=\"canonical\" href=\"https:\/\/montrealstencil.com\/en\/our-company\/\" \/>\n<meta property=\"og:locale\" content=\"en_US\" \/>\n<meta property=\"og:type\" content=\"article\" \/>\n<meta property=\"og:title\" content=\"About Montreal Stencil: Experts in engraving since 1875\" \/>\n<meta property=\"og:description\" content=\"Business engraving and vinyl lettering projects. Montr\u00e9al Stencil puts 150 years of expertise at the service of your display and signage projects.\" \/>\n<meta property=\"og:url\" content=\"https:\/\/montrealstencil.com\/en\/our-company\/\" \/>\n<meta property=\"og:site_name\" content=\"Montreal Stencil\" \/>\n<meta property=\"article:publisher\" content=\"https:\/\/www.facebook.com\/montrealstencil\" \/>\n<meta property=\"article:modified_time\" content=\"2025-12-23T15:47:19+00:00\" \/>\n<meta name=\"twitter:card\" content=\"summary_large_image\" \/>\n<meta name=\"twitter:label1\" content=\"Est. reading time\" \/>\n\t<meta name=\"twitter:data1\" content=\"2 minutes\" \/>\n<script type=\"application\/ld+json\" class=\"yoast-schema-graph\">{\"@context\":\"https:\/\/schema.org\",\"@graph\":[{\"@type\":\"WebPage\",\"@id\":\"https:\/\/montrealstencil.com\/en\/our-company\/\",\"url\":\"https:\/\/montrealstencil.com\/en\/our-company\/\",\"name\":\"About Montreal Stencil: Experts in engraving since 1875\",\"isPartOf\":{\"@id\":\"https:\/\/montrealstencil.com\/#website\"},\"datePublished\":\"2018-10-25T09:58:34+00:00\",\"dateModified\":\"2025-12-23T15:47:19+00:00\",\"description\":\"Business engraving and vinyl lettering projects. Montr\u00e9al Stencil puts 150 years of expertise at the service of your display and signage projects.\",\"breadcrumb\":{\"@id\":\"https:\/\/montrealstencil.com\/en\/our-company\/#breadcrumb\"},\"inLanguage\":\"en-CA\",\"potentialAction\":[{\"@type\":\"ReadAction\",\"target\":[\"https:\/\/montrealstencil.com\/en\/our-company\/\"]}]},{\"@type\":\"BreadcrumbList\",\"@id\":\"https:\/\/montrealstencil.com\/en\/our-company\/#breadcrumb\",\"itemListElement\":[{\"@type\":\"ListItem\",\"position\":1,\"name\":\"Home\",\"item\":\"https:\/\/montrealstencil.com\/en\/\"},{\"@type\":\"ListItem\",\"position\":2,\"name\":\"Our Company\"}]},{\"@type\":\"WebSite\",\"@id\":\"https:\/\/montrealstencil.com\/#website\",\"url\":\"https:\/\/montrealstencil.com\/\",\"name\":\"Montreal Stencil\",\"description\":\"\u00c9tampes, plaques, pochoirs stencils et \u00e9tiquettes personnalis\u00e9es \u00e0 Montr\u00e9al\",\"potentialAction\":[{\"@type\":\"SearchAction\",\"target\":{\"@type\":\"EntryPoint\",\"urlTemplate\":\"https:\/\/montrealstencil.com\/?s={search_term_string}\"},\"query-input\":{\"@type\":\"PropertyValueSpecification\",\"valueRequired\":true,\"valueName\":\"search_term_string\"}}],\"inLanguage\":\"en-CA\"}]}<\/script>\n<!-- \/ Yoast SEO plugin. -->","yoast_head_json":{"title":"About Montreal Stencil: Experts in engraving since 1875","description":"Business engraving and vinyl lettering projects. Montr\u00e9al Stencil puts 150 years of expertise at the service of your display and signage projects.","robots":{"index":"index","follow":"follow","max-snippet":"max-snippet:-1","max-image-preview":"max-image-preview:large","max-video-preview":"max-video-preview:-1"},"canonical":"https:\/\/montrealstencil.com\/en\/our-company\/","og_locale":"en_US","og_type":"article","og_title":"About Montreal Stencil: Experts in engraving since 1875","og_description":"Business engraving and vinyl lettering projects. Montr\u00e9al Stencil puts 150 years of expertise at the service of your display and signage projects.","og_url":"https:\/\/montrealstencil.com\/en\/our-company\/","og_site_name":"Montreal Stencil","article_publisher":"https:\/\/www.facebook.com\/montrealstencil","article_modified_time":"2025-12-23T15:47:19+00:00","twitter_card":"summary_large_image","twitter_misc":{"Est. reading time":"2 minutes"},"schema":{"@context":"https:\/\/schema.org","@graph":[{"@type":"WebPage","@id":"https:\/\/montrealstencil.com\/en\/our-company\/","url":"https:\/\/montrealstencil.com\/en\/our-company\/","name":"About Montreal Stencil: Experts in engraving since 1875","isPartOf":{"@id":"https:\/\/montrealstencil.com\/#website"},"datePublished":"2018-10-25T09:58:34+00:00","dateModified":"2025-12-23T15:47:19+00:00","description":"Business engraving and vinyl lettering projects. Montr\u00e9al Stencil puts 150 years of expertise at the service of your display and signage projects.","breadcrumb":{"@id":"https:\/\/montrealstencil.com\/en\/our-company\/#breadcrumb"},"inLanguage":"en-CA","potentialAction":[{"@type":"ReadAction","target":["https:\/\/montrealstencil.com\/en\/our-company\/"]}]},{"@type":"BreadcrumbList","@id":"https:\/\/montrealstencil.com\/en\/our-company\/#breadcrumb","itemListElement":[{"@type":"ListItem","position":1,"name":"Home","item":"https:\/\/montrealstencil.com\/en\/"},{"@type":"ListItem","position":2,"name":"Our Company"}]},{"@type":"WebSite","@id":"https:\/\/montrealstencil.com\/#website","url":"https:\/\/montrealstencil.com\/","name":"Montreal Stencil","description":"\u00c9tampes, plaques, pochoirs stencils et \u00e9tiquettes personnalis\u00e9es \u00e0 Montr\u00e9al","potentialAction":[{"@type":"SearchAction","target":{"@type":"EntryPoint","urlTemplate":"https:\/\/montrealstencil.com\/?s={search_term_string}"},"query-input":{"@type":"PropertyValueSpecification","valueRequired":true,"valueName":"search_term_string"}}],"inLanguage":"en-CA"}]}},"_links":{"self":[{"href":"https:\/\/montrealstencil.com\/en\/wp-json\/wp\/v2\/pages\/3737","targetHints":{"allow":["GET"]}}],"collection":[{"href":"https:\/\/montrealstencil.com\/en\/wp-json\/wp\/v2\/pages"}],"about":[{"href":"https:\/\/montrealstencil.com\/en\/wp-json\/wp\/v2\/types\/page"}],"author":[{"embeddable":true,"href":"https:\/\/montrealstencil.com\/en\/wp-json\/wp\/v2\/users\/1"}],"replies":[{"embeddable":true,"href":"https:\/\/montrealstencil.com\/en\/wp-json\/wp\/v2\/comments?post=3737"}],"version-history":[{"count":4,"href":"https:\/\/montrealstencil.com\/en\/wp-json\/wp\/v2\/pages\/3737\/revisions"}],"predecessor-version":[{"id":6009,"href":"https:\/\/montrealstencil.com\/en\/wp-json\/wp\/v2\/pages\/3737\/revisions\/6009"}],"wp:attachment":[{"href":"https:\/\/montrealstencil.com\/en\/wp-json\/wp\/v2\/media?parent=3737"}],"curies":[{"name":"wp","href":"https:\/\/api.w.org\/{rel}","templated":true}]}}