{"id":3728,"date":"2018-10-25T09:52:38","date_gmt":"2018-10-25T09:52:38","guid":{"rendered":"http:\/\/montreal-stencil.arkhame-web.com\/faq\/"},"modified":"2025-11-27T20:25:15","modified_gmt":"2025-11-27T20:25:15","slug":"faq","status":"publish","type":"page","link":"https:\/\/montrealstencil.com\/en\/faq\/","title":{"rendered":"Faq"},"content":{"rendered":"<div class=\"wpb-content-wrapper\"><p>[vc_row content_width=&#8221;grid&#8221; css=&#8221;.vc_custom_1451044429506{padding-top: 59px !important;padding-bottom: 73px !important;}&#8221;][vc_column offset=&#8221;vc_col-md-7&#8243; el_class=&#8221;faq-responsive-row&#8221;]<div class=\"qodef-accordion-holder clearfix qodef-accordion qodef-boxed qodef-accordion-dark \">\n\t<h5 class=\"clearfix qodef-title-holder\">\n\t<span class=\"qodef-accordion-mark qodef-left-mark\">\n\t\t<span class=\"qodef-accordion-mark-icon\">\n\t\t\t<i class=\"fa fa-minus\"><\/i>\n\t\t\t<i class=\"fa fa-plus\"><\/i>\n\t\t<\/span>\n\t<\/span>\n\t<span class=\"qodef-tab-title\">\n\t\t<span class=\"qodef-tab-title-inner\">\n\t\t\tHow do I send a file or an image to Montreal Stencil?\t\t<\/span>\n\t<\/span>\n<\/h5>\n<div class=\"qodef-accordion-content\">\n\t<div class=\"qodef-accordion-content-inner\">\n\t\t[vc_column_text]By email : <a href=\"mailto:info@mtlstencil.com\">info@mtlstencil.com<\/a><\/p>\n<p>Via <a href=\"https:\/\/dropsend.com\" target=\"_blank\" rel=\"noopener\">wetransfer.com<\/a> : Sign up and it allows you to send 5 files up to 2GB each per month free.<\/p>\n<p>Create a DROPBOX folder and transmit the link to it, the file name and any password to <a href=\"mailto:info@mtl.com\">info@mtl.com<\/a>.[\/vc_column_text]\t<\/div>\n<\/div>\n<h5 class=\"clearfix qodef-title-holder\">\n\t<span class=\"qodef-accordion-mark qodef-left-mark\">\n\t\t<span class=\"qodef-accordion-mark-icon\">\n\t\t\t<i class=\"fa fa-minus\"><\/i>\n\t\t\t<i class=\"fa fa-plus\"><\/i>\n\t\t<\/span>\n\t<\/span>\n\t<span class=\"qodef-tab-title\">\n\t\t<span class=\"qodef-tab-title-inner\">\n\t\t\tHow do I send a large file?\t\t<\/span>\n\t<\/span>\n<\/h5>\n<div class=\"qodef-accordion-content\">\n\t<div class=\"qodef-accordion-content-inner\">\n\t\t[vc_column_text]Compress your file before sending it.<\/p>\n<p>Via <a href=\"http:\/\/www.wetransfer.com\">wetransfer.com<\/a> : Sign up and it allows you to send 5 files up to 2GB each per month free.<\/p>\n<p>Create a DROPBOX folder and transmit the link to it, the file name and any password to <a href=\"mailto:info@mtlstencil.com\">info@mtlstencil.com<\/a>.[\/vc_column_text]\t<\/div>\n<\/div>\n<h5 class=\"clearfix qodef-title-holder\">\n\t<span class=\"qodef-accordion-mark qodef-left-mark\">\n\t\t<span class=\"qodef-accordion-mark-icon\">\n\t\t\t<i class=\"fa fa-minus\"><\/i>\n\t\t\t<i class=\"fa fa-plus\"><\/i>\n\t\t<\/span>\n\t<\/span>\n\t<span class=\"qodef-tab-title\">\n\t\t<span class=\"qodef-tab-title-inner\">\n\t\t\tWhat file types should I use?\t\t<\/span>\n\t<\/span>\n<\/h5>\n<div class=\"qodef-accordion-content\">\n\t<div class=\"qodef-accordion-content-inner\">\n\t\t[vc_column_text]<strong>For stamps:<\/strong> High resolution JPEG or TIFF files with a minimum of 600 DPI.<\/p>\n<p><strong>For printing, silk-screening, Metalphoto and engraving:<\/strong> Adobe Illustrator, PDF, DWG or DXF (please convert all fonts to curves when saving your file in Adobe Illustrator to avoid character substitutions).\u00a0Set your resolution at 300dpi at full scale final format. For wide format printing set the resolution at 150dpi at full scale. Add bleed and crop marks where necessary.<\/p>\n<p><strong>For lists of names or numbering and bar codes:<\/strong> EXCEL spreadsheet.[\/vc_column_text]\t<\/div>\n<\/div>\n<h5 class=\"clearfix qodef-title-holder\">\n\t<span class=\"qodef-accordion-mark qodef-left-mark\">\n\t\t<span class=\"qodef-accordion-mark-icon\">\n\t\t\t<i class=\"fa fa-minus\"><\/i>\n\t\t\t<i class=\"fa fa-plus\"><\/i>\n\t\t<\/span>\n\t<\/span>\n\t<span class=\"qodef-tab-title\">\n\t\t<span class=\"qodef-tab-title-inner\">\n\t\t\tHow long will my order take to produce?\t\t<\/span>\n\t<\/span>\n<\/h5>\n<div class=\"qodef-accordion-content\">\n\t<div class=\"qodef-accordion-content-inner\">\n\t\t[vc_column_text]<strong>Rubber stamps and self-inkers:<\/strong> 2 to 3 working days<br \/>\n<strong>Pre-inked Presto stamps:<\/strong> 3 to 5 working days<br \/>\n<strong>Metalphoto:<\/strong> 5 to 7 working days<br \/>\n<strong>Silk-screening, identification plates, labels:<\/strong> 12 to 15 working days<br \/>\n<strong>Engraving and stencils:<\/strong> 5 working days<br \/>\n<strong>Digital printing:<\/strong> 3-5 working days<br \/>\n<strong>Special projects:<\/strong> on demand[\/vc_column_text]\t<\/div>\n<\/div>\n<h5 class=\"clearfix qodef-title-holder\">\n\t<span class=\"qodef-accordion-mark qodef-left-mark\">\n\t\t<span class=\"qodef-accordion-mark-icon\">\n\t\t\t<i class=\"fa fa-minus\"><\/i>\n\t\t\t<i class=\"fa fa-plus\"><\/i>\n\t\t<\/span>\n\t<\/span>\n\t<span class=\"qodef-tab-title\">\n\t\t<span class=\"qodef-tab-title-inner\">\n\t\t\tHow are my orders delivered?\t\t<\/span>\n\t<\/span>\n<\/h5>\n<div class=\"qodef-accordion-content\">\n\t<div class=\"qodef-accordion-content-inner\">\n\t\t[vc_column_text]You can send your courier to pick up an order at our facility: it is preferable to advise us which transport company and your account number and we will make the necessary arrangements once your order is ready to ship.<\/p>\n<p>We can also use our transport company and send the shipment pre-paid.<\/p>\n<p>You can also come to our offices to personally pick up your order during our regular working hours.[\/vc_column_text]\t<\/div>\n<\/div>\n<h5 class=\"clearfix qodef-title-holder\">\n\t<span class=\"qodef-accordion-mark qodef-left-mark\">\n\t\t<span class=\"qodef-accordion-mark-icon\">\n\t\t\t<i class=\"fa fa-minus\"><\/i>\n\t\t\t<i class=\"fa fa-plus\"><\/i>\n\t\t<\/span>\n\t<\/span>\n\t<span class=\"qodef-tab-title\">\n\t\t<span class=\"qodef-tab-title-inner\">\n\t\t\tReturns, exchanges and credits?\t\t<\/span>\n\t<\/span>\n<\/h5>\n<div class=\"qodef-accordion-content\">\n\t<div class=\"qodef-accordion-content-inner\">\n\t\t[vc_column_text]<strong>CUSTOM MADE PRODUCTS\u00a0<\/strong><br \/>\nBecause our products are custom made for you, it is not possible to return them for credit.<br \/>\nIf a product that we have delivered to you does not conform to your order, Montreal Stencil will repair, replace or exchange the product(s) and assume responsibility for the transport costs. You must communicate with our customer service so that the paperwork can be prepared and followed up by our employees in order to correct the problem.<br \/>\nAny return that has no prior approval will be REFUSED (Montreal Stencil will not pay any transport charges). We will use our own transport services to pick up authorised returns and we will assume the charges.<\/p>\n<p><strong>STOCK PRODUCTS\u00a0<\/strong><br \/>\n<span lang=\"EN-CA\">Returns of unused stock<\/span><span lang=\"EN-CA\">\u00a0items that are kept in inventory are subject to a 15% restocking charge. <\/span><span lang=\"EN-CA\">Please return the items in their original packaging using your own transport.<\/span><\/p>\n<p><strong>SPECIAL ORDERS OF STOCK PRODUCT NOT KEPT IN INVENTORY\u00a0<\/strong><br \/>\n<span lang=\"EN-CA\">If you return an item that we special ordered from one of our suppliers all delivery costs including delivery back to our supplier and any restocking fees will be charged to the client. <\/span><span lang=\"EN-CA\">Certain special ordered products are not returnable. Please contact customer service.<\/span><\/p>\n<p><strong>CREDIT NOTE POLICY\u00a0<\/strong><br \/>\nAny error recognised by Montreal Stencil on one of our invoices will be corrected by the use of a credit note that can be applied against the original invoice.<\/p>\n<p><strong>HOW TO OPEN AN ACCOUNT WITH MONTREAL STENCIL?<br \/>\n<\/strong>You will be required to pay the first order in advance with a credit card or cheque. If you wish to open an account for subsequent orders, please request our credit application form, complete it and return it to us.[\/vc_column_text]\t<\/div>\n<\/div>\n<\/div>[vc_empty_space height=&#8221;40px&#8221;][\/vc_column][vc_column offset=&#8221;vc_col-md-5&#8243;][vc_single_image image=&#8221;3748&#8243; img_size=&#8221;full&#8221; onclick=&#8221;custom_link&#8221; link=&#8221;#&#8221;][vc_empty_space height=&#8221;23px&#8221;][vc_column_text]<span lang=\"EN-CA\">Our <\/span><span lang=\"EN-CA\">extensive\u00a0<\/span><span lang=\"EN-CA\">knowledge of products i<\/span><span lang=\"EN-CA\">s at the service of our customers to <\/span><span lang=\"EN-CA\">assist in choosing\u00a0<\/span><span lang=\"EN-CA\">the best solution for their needs. <\/span><span lang=\"EN-CA\">As a\u00a0<\/span><span lang=\"EN-CA\">d<\/span><span lang=\"EN-CA\">esigner and manufacturer of customized products, we <\/span><span lang=\"EN-CA\">value <\/span><span lang=\"EN-CA\">good relations with our customers. We <\/span><span lang=\"EN-CA\">work with <\/span><span lang=\"EN-CA\">the products of manufacturers or distributors who have a long track record <\/span><span lang=\"EN-CA\">of supplying us with quality goods <\/span><span lang=\"EN-CA\">or <\/span><span lang=\"EN-CA\">can\u00a0<\/span><span lang=\"EN-CA\">develop new ones using advanced methods or techniques.<\/span>[\/vc_column_text][vc_empty_space height=&#8221;21px&#8221;][vc_column_text css=&#8221;&#8221;]<\/p>\n<h5><a href=\"\/en\/contact-us\">Contact us \u00a0<\/a> \u00a0<a href=\"\/en\/our-products\">Products\u00a0<\/a><\/h5>\n<p>[\/vc_column_text][vc_empty_space height=&#8221;40px&#8221;][\/vc_column][\/vc_row][vc_row content_width=&#8221;grid&#8221; css=&#8221;.vc_custom_1538752712398{padding-top: 60px !important;padding-bottom: 60px !important;background-color: #f60000 !important;}&#8221;][vc_column][vc_row_inner][vc_column_inner][vc_column_text]<\/p>\n<h3 class=\"title-white-on-red\">Talk to an advisor<\/h3>\n<p>[\/vc_column_text][vc_empty_space][\/vc_column_inner][\/vc_row_inner][vc_row_inner][vc_column_inner width=&#8221;1\/3&#8243;][\/vc_column_inner][vc_column_inner el_class=&#8221;row-phone-conseiller-wrapper&#8221; width=&#8221;1\/3&#8243;]<a href=\"tel:+15148664721\" target=\"_self\" style=\"color: #ffffff;border-color: #ffffff;font-size: 16px;margin: 0;display:block;text-align:center\" class=\"qodef-btn qodef-btn-medium qodef-btn-outline row-phone-conseiller\"  >\n    <span class=\"qodef-btn-text\">514 866-4721<\/span>\n    <\/a>[\/vc_column_inner][vc_column_inner width=&#8221;1\/3&#8243;][\/vc_column_inner][\/vc_row_inner][\/vc_column][\/vc_row]<\/p>\n<\/div>","protected":false},"excerpt":{"rendered":"<p>[vc_row content_width=&#8221;grid&#8221; css=&#8221;.vc_custom_1451044429506{padding-top: 59px !important;padding-bottom: 73px !important;}&#8221;][vc_column offset=&#8221;vc_col-md-7&#8243; el_class=&#8221;faq-responsive-row&#8221;][vc_empty_space height=&#8221;40px&#8221;][\/vc_column][vc_column offset=&#8221;vc_col-md-5&#8243;][vc_single_image image=&#8221;3748&#8243; img_size=&#8221;full&#8221; onclick=&#8221;custom_link&#8221; link=&#8221;#&#8221;][vc_empty_space height=&#8221;23px&#8221;][vc_column_text]Our extensive\u00a0knowledge of products is at the service of our customers to assist in choosing\u00a0the best solution for their needs. As a\u00a0designer and manufacturer of customized products, we value good&#8230;<\/p>\n","protected":false},"author":1,"featured_media":0,"parent":0,"menu_order":0,"comment_status":"closed","ping_status":"closed","template":"full-width.php","meta":{"_acf_changed":false,"footnotes":""},"class_list":["post-3728","page","type-page","status-publish","hentry"],"acf":[],"yoast_head":"<!-- This site is optimized with the Yoast SEO plugin v26.8 - https:\/\/yoast.com\/product\/yoast-seo-wordpress\/ -->\n<title>FAQ | Frequently asked questions | Montr\u00e9al Stencil<\/title>\n<meta name=\"description\" content=\"Find the answers to FAQs and view our user manual. Montr\u00e9al Stencil puts 140 years of expertise at the service of your display and signage projects.\" \/>\n<meta name=\"robots\" content=\"index, follow, max-snippet:-1, max-image-preview:large, max-video-preview:-1\" \/>\n<link rel=\"canonical\" href=\"https:\/\/montrealstencil.com\/en\/faq\/\" \/>\n<meta property=\"og:locale\" content=\"en_US\" \/>\n<meta property=\"og:type\" content=\"article\" \/>\n<meta property=\"og:title\" content=\"FAQ | Frequently asked questions | Montr\u00e9al Stencil\" \/>\n<meta property=\"og:description\" content=\"Find the answers to FAQs and view our user manual. Montr\u00e9al Stencil puts 140 years of expertise at the service of your display and signage projects.\" \/>\n<meta property=\"og:url\" content=\"https:\/\/montrealstencil.com\/en\/faq\/\" \/>\n<meta property=\"og:site_name\" content=\"Montreal Stencil\" \/>\n<meta property=\"article:publisher\" content=\"https:\/\/www.facebook.com\/montrealstencil\" \/>\n<meta property=\"article:modified_time\" content=\"2025-11-27T20:25:15+00:00\" \/>\n<meta name=\"twitter:card\" content=\"summary_large_image\" \/>\n<meta name=\"twitter:label1\" content=\"Est. reading time\" \/>\n\t<meta name=\"twitter:data1\" content=\"4 minutes\" \/>\n<script type=\"application\/ld+json\" class=\"yoast-schema-graph\">{\"@context\":\"https:\/\/schema.org\",\"@graph\":[{\"@type\":\"WebPage\",\"@id\":\"https:\/\/montrealstencil.com\/en\/faq\/\",\"url\":\"https:\/\/montrealstencil.com\/en\/faq\/\",\"name\":\"FAQ | Frequently asked questions | Montr\u00e9al Stencil\",\"isPartOf\":{\"@id\":\"https:\/\/montrealstencil.com\/#website\"},\"datePublished\":\"2018-10-25T09:52:38+00:00\",\"dateModified\":\"2025-11-27T20:25:15+00:00\",\"description\":\"Find the answers to FAQs and view our user manual. Montr\u00e9al Stencil puts 140 years of expertise at the service of your display and signage projects.\",\"breadcrumb\":{\"@id\":\"https:\/\/montrealstencil.com\/en\/faq\/#breadcrumb\"},\"inLanguage\":\"en-CA\",\"potentialAction\":[{\"@type\":\"ReadAction\",\"target\":[\"https:\/\/montrealstencil.com\/en\/faq\/\"]}]},{\"@type\":\"BreadcrumbList\",\"@id\":\"https:\/\/montrealstencil.com\/en\/faq\/#breadcrumb\",\"itemListElement\":[{\"@type\":\"ListItem\",\"position\":1,\"name\":\"Home\",\"item\":\"https:\/\/montrealstencil.com\/en\/\"},{\"@type\":\"ListItem\",\"position\":2,\"name\":\"Faq\"}]},{\"@type\":\"WebSite\",\"@id\":\"https:\/\/montrealstencil.com\/#website\",\"url\":\"https:\/\/montrealstencil.com\/\",\"name\":\"Montreal Stencil\",\"description\":\"\u00c9tampes, plaques, pochoirs stencils et \u00e9tiquettes personnalis\u00e9es \u00e0 Montr\u00e9al\",\"potentialAction\":[{\"@type\":\"SearchAction\",\"target\":{\"@type\":\"EntryPoint\",\"urlTemplate\":\"https:\/\/montrealstencil.com\/?s={search_term_string}\"},\"query-input\":{\"@type\":\"PropertyValueSpecification\",\"valueRequired\":true,\"valueName\":\"search_term_string\"}}],\"inLanguage\":\"en-CA\"}]}<\/script>\n<!-- \/ Yoast SEO plugin. -->","yoast_head_json":{"title":"FAQ | Frequently asked questions | Montr\u00e9al Stencil","description":"Find the answers to FAQs and view our user manual. Montr\u00e9al Stencil puts 140 years of expertise at the service of your display and signage projects.","robots":{"index":"index","follow":"follow","max-snippet":"max-snippet:-1","max-image-preview":"max-image-preview:large","max-video-preview":"max-video-preview:-1"},"canonical":"https:\/\/montrealstencil.com\/en\/faq\/","og_locale":"en_US","og_type":"article","og_title":"FAQ | Frequently asked questions | Montr\u00e9al Stencil","og_description":"Find the answers to FAQs and view our user manual. Montr\u00e9al Stencil puts 140 years of expertise at the service of your display and signage projects.","og_url":"https:\/\/montrealstencil.com\/en\/faq\/","og_site_name":"Montreal Stencil","article_publisher":"https:\/\/www.facebook.com\/montrealstencil","article_modified_time":"2025-11-27T20:25:15+00:00","twitter_card":"summary_large_image","twitter_misc":{"Est. reading time":"4 minutes"},"schema":{"@context":"https:\/\/schema.org","@graph":[{"@type":"WebPage","@id":"https:\/\/montrealstencil.com\/en\/faq\/","url":"https:\/\/montrealstencil.com\/en\/faq\/","name":"FAQ | Frequently asked questions | Montr\u00e9al Stencil","isPartOf":{"@id":"https:\/\/montrealstencil.com\/#website"},"datePublished":"2018-10-25T09:52:38+00:00","dateModified":"2025-11-27T20:25:15+00:00","description":"Find the answers to FAQs and view our user manual. Montr\u00e9al Stencil puts 140 years of expertise at the service of your display and signage projects.","breadcrumb":{"@id":"https:\/\/montrealstencil.com\/en\/faq\/#breadcrumb"},"inLanguage":"en-CA","potentialAction":[{"@type":"ReadAction","target":["https:\/\/montrealstencil.com\/en\/faq\/"]}]},{"@type":"BreadcrumbList","@id":"https:\/\/montrealstencil.com\/en\/faq\/#breadcrumb","itemListElement":[{"@type":"ListItem","position":1,"name":"Home","item":"https:\/\/montrealstencil.com\/en\/"},{"@type":"ListItem","position":2,"name":"Faq"}]},{"@type":"WebSite","@id":"https:\/\/montrealstencil.com\/#website","url":"https:\/\/montrealstencil.com\/","name":"Montreal Stencil","description":"\u00c9tampes, plaques, pochoirs stencils et \u00e9tiquettes personnalis\u00e9es \u00e0 Montr\u00e9al","potentialAction":[{"@type":"SearchAction","target":{"@type":"EntryPoint","urlTemplate":"https:\/\/montrealstencil.com\/?s={search_term_string}"},"query-input":{"@type":"PropertyValueSpecification","valueRequired":true,"valueName":"search_term_string"}}],"inLanguage":"en-CA"}]}},"_links":{"self":[{"href":"https:\/\/montrealstencil.com\/en\/wp-json\/wp\/v2\/pages\/3728","targetHints":{"allow":["GET"]}}],"collection":[{"href":"https:\/\/montrealstencil.com\/en\/wp-json\/wp\/v2\/pages"}],"about":[{"href":"https:\/\/montrealstencil.com\/en\/wp-json\/wp\/v2\/types\/page"}],"author":[{"embeddable":true,"href":"https:\/\/montrealstencil.com\/en\/wp-json\/wp\/v2\/users\/1"}],"replies":[{"embeddable":true,"href":"https:\/\/montrealstencil.com\/en\/wp-json\/wp\/v2\/comments?post=3728"}],"version-history":[{"count":5,"href":"https:\/\/montrealstencil.com\/en\/wp-json\/wp\/v2\/pages\/3728\/revisions"}],"predecessor-version":[{"id":5779,"href":"https:\/\/montrealstencil.com\/en\/wp-json\/wp\/v2\/pages\/3728\/revisions\/5779"}],"wp:attachment":[{"href":"https:\/\/montrealstencil.com\/en\/wp-json\/wp\/v2\/media?parent=3728"}],"curies":[{"name":"wp","href":"https:\/\/api.w.org\/{rel}","templated":true}]}}